{"id":18759,"date":"2025-06-20T19:37:16","date_gmt":"2025-06-20T23:37:16","guid":{"rendered":"https:\/\/www.multicasa.com.br\/inicio\/?post_type=product&#038;p=18759"},"modified":"2025-06-20T19:38:17","modified_gmt":"2025-06-20T23:38:17","slug":"cortador-de-unhas-com-estojo-ana-hickmann-relaxbeauty","status":"publish","type":"product","link":"https:\/\/www.multicasa.com.br\/inicio\/produto\/cortador-de-unhas-com-estojo-ana-hickmann-relaxbeauty\/","title":{"rendered":"Cortador de Unhas com Estojo Ana Hickmann Relaxbeauty"},"content":{"rendered":"<p>Feito de a\u00e7o carbono inoxid\u00e1vel, o cortador de unhas Ana Hickmann para Relaxbeauty n\u00e3o enferruja e mant\u00e9m a precis\u00e3o de corte por muito mais tempo. De f\u00e1cil manuseio, pr\u00e1tico e com design moderno, vem com lindo estojo que protege e mant\u00e9m o seu cortador de unhas preservado por muito mais tempo.<\/p>\n","protected":false},"excerpt":{"rendered":"<h4 style=\"margin: 0px;padding: 0px 0px 16px;font-family: Lato, sans-serif;font-weight: bold;line-height: 3rem;color: var(--dark-grey3);font-size: 22px;font-style: normal;letter-spacing: normal;text-align: start;text-indent: 0px;text-transform: none\">Informa\u00e7\u00f5es t\u00e9cnicas<\/h4>\n<p><span style=\"margin: 0px;padding: 0px;font-weight: 450;font-size: 14px;line-height: 21px;color: var(--dark-grey2);font-family: Lato, sans-serif;font-style: normal;letter-spacing: normal;text-align: start;text-indent: 0px;text-transform: none\">Produto: Cortador de Unhas<br \/>\nMarca: Relaxbeauty<br \/>\nMaterial: a\u00e7o carbono<br \/>\nPVC.<br \/>\nUso indicado: cortar unhas.<br \/>\nCaracter\u00edsticas: n\u00e3o enferruja;<br \/>\nmant\u00e9m precis\u00e3o de corte por mais tempo;<br \/>\nacompanha estojo protetor.<br \/>\nItens Inclusos: 2 itens, sendo:<br \/>\n1 cortador de unhas;<br \/>\n1 estojo protetor.<br \/>\nDimens\u00f5es do produto (A X L): 11 x 3,7cm<br \/>\n<\/span><\/p>\n","protected":false},"featured_media":18829,"template":"","meta":{"_joinchat":[]},"product_brand":[],"product_cat":[101],"product_tag":[],"class_list":{"0":"post-18759","1":"product","2":"type-product","3":"status-publish","4":"has-post-thumbnail","6":"product_cat-cuidados-pessoais","8":"first","9":"outofstock","10":"shipping-taxable","11":"product-type-simple"},"_links":{"self":[{"href":"https:\/\/www.multicasa.com.br\/inicio\/wp-json\/wp\/v2\/product\/18759","targetHints":{"allow":["GET"]}}],"collection":[{"href":"https:\/\/www.multicasa.com.br\/inicio\/wp-json\/wp\/v2\/product"}],"about":[{"href":"https:\/\/www.multicasa.com.br\/inicio\/wp-json\/wp\/v2\/types\/product"}],"wp:featuredmedia":[{"embeddable":true,"href":"https:\/\/www.multicasa.com.br\/inicio\/wp-json\/wp\/v2\/media\/18829"}],"wp:attachment":[{"href":"https:\/\/www.multicasa.com.br\/inicio\/wp-json\/wp\/v2\/media?parent=18759"}],"wp:term":[{"taxonomy":"product_brand","embeddable":true,"href":"https:\/\/www.multicasa.com.br\/inicio\/wp-json\/wp\/v2\/product_brand?post=18759"},{"taxonomy":"product_cat","embeddable":true,"href":"https:\/\/www.multicasa.com.br\/inicio\/wp-json\/wp\/v2\/product_cat?post=18759"},{"taxonomy":"product_tag","embeddable":true,"href":"https:\/\/www.multicasa.com.br\/inicio\/wp-json\/wp\/v2\/product_tag?post=18759"}],"curies":[{"name":"wp","href":"https:\/\/api.w.org\/{rel}","templated":true}]}}