{"id":18761,"date":"2025-06-20T19:37:16","date_gmt":"2025-06-20T23:37:16","guid":{"rendered":"https:\/\/www.multicasa.com.br\/inicio\/?post_type=product&#038;p=18761"},"modified":"2025-06-20T19:38:20","modified_gmt":"2025-06-20T23:38:20","slug":"spray-aromatizador-de-ambiente-bambu-coala-120ml","status":"publish","type":"product","link":"https:\/\/www.multicasa.com.br\/inicio\/produto\/spray-aromatizador-de-ambiente-bambu-coala-120ml\/","title":{"rendered":"Spray Aromatizador de Ambiente Bambu Coala 120ml"},"content":{"rendered":"<p>Use o Spray Aromatizador de Ambiente Coala com fragr\u00e2ncia de bambu para perfumar sua casa, escrit\u00f3rio ou c\u00f4modo. Seu cheiro leve transmite a sensa\u00e7\u00e3o de bem-estar e limpeza em ambientes externos ou internos. O perfume para ambientes em spray j\u00e1 vem pronto para uso e seu pulverizador pr\u00e1tico permite que ele fique exatamente no espa\u00e7o em que deseja utilizar. Transforme seu lar ou local de trabalho com aroma suave e elegante.<\/p>\n","protected":false},"excerpt":{"rendered":"<h4 style=\"margin: 0px;padding: 0px 0px 16px;font-family: Lato, sans-serif;font-weight: bold;line-height: 3rem;color: var(--dark-grey3);font-size: 22px;font-style: normal;letter-spacing: normal;text-align: start;text-indent: 0px;text-transform: none\">Informa\u00e7\u00f5es t\u00e9cnicas<\/h4>\n<p><span style=\"margin: 0px;padding: 0px;font-weight: 450;font-size: 14px;line-height: 21px;color: var(--dark-grey2);font-family: Lato, sans-serif;font-style: normal;letter-spacing: normal;text-align: start;text-indent: 0px;text-transform: none\">Produto: Aromatizador de Ambiente Spray<br \/>\nMarca: Coala<br \/>\nConte\u00fado: 120ml<br \/>\nCaracter\u00edsticas: fragr\u00e2ncia bambu<br \/>\nBico pulverizador<br \/>\nItens Inclusos: 1 Aromatizador de ambientes spray<br \/>\nDimens\u00f5es do produto (A x L x P): 15,5 x 4cm<br \/>\n<\/span><\/p>\n","protected":false},"featured_media":18830,"template":"","meta":{"_joinchat":[]},"product_brand":[],"product_cat":[96],"product_tag":[],"class_list":{"0":"post-18761","1":"product","2":"type-product","3":"status-publish","4":"has-post-thumbnail","6":"product_cat-limpeza-e-cia","8":"first","9":"outofstock","10":"shipping-taxable","11":"product-type-simple"},"_links":{"self":[{"href":"https:\/\/www.multicasa.com.br\/inicio\/wp-json\/wp\/v2\/product\/18761","targetHints":{"allow":["GET"]}}],"collection":[{"href":"https:\/\/www.multicasa.com.br\/inicio\/wp-json\/wp\/v2\/product"}],"about":[{"href":"https:\/\/www.multicasa.com.br\/inicio\/wp-json\/wp\/v2\/types\/product"}],"wp:featuredmedia":[{"embeddable":true,"href":"https:\/\/www.multicasa.com.br\/inicio\/wp-json\/wp\/v2\/media\/18830"}],"wp:attachment":[{"href":"https:\/\/www.multicasa.com.br\/inicio\/wp-json\/wp\/v2\/media?parent=18761"}],"wp:term":[{"taxonomy":"product_brand","embeddable":true,"href":"https:\/\/www.multicasa.com.br\/inicio\/wp-json\/wp\/v2\/product_brand?post=18761"},{"taxonomy":"product_cat","embeddable":true,"href":"https:\/\/www.multicasa.com.br\/inicio\/wp-json\/wp\/v2\/product_cat?post=18761"},{"taxonomy":"product_tag","embeddable":true,"href":"https:\/\/www.multicasa.com.br\/inicio\/wp-json\/wp\/v2\/product_tag?post=18761"}],"curies":[{"name":"wp","href":"https:\/\/api.w.org\/{rel}","templated":true}]}}