{"id":18763,"date":"2025-06-20T19:37:17","date_gmt":"2025-06-20T23:37:17","guid":{"rendered":"https:\/\/www.multicasa.com.br\/inicio\/?post_type=product&#038;p=18763"},"modified":"2025-06-20T19:38:24","modified_gmt":"2025-06-20T23:38:24","slug":"kit-de-ponta-bits-para-parafusar-black-decker-7-pecas","status":"publish","type":"product","link":"https:\/\/www.multicasa.com.br\/inicio\/produto\/kit-de-ponta-bits-para-parafusar-black-decker-7-pecas\/","title":{"rendered":"Kit de Ponta Bits para Parafusar Black + Decker 7 pe\u00e7as"},"content":{"rendered":"<p>Com o Kit de Ponta bits Black + Decker voc\u00ea ter\u00e1 um estojo b\u00e1sico mas excelente para as principais opera\u00e7\u00f5es de parafusar e desparafusar, com pontas cruzada e Fenda. Possui 7 pe\u00e7as: 6 pontas (4 fenda cruzada, 1 fenda e 1 quadrada), 1 extensor magn\u00e9tico e 1 estojo. Realize servi\u00e7os sem esfor\u00e7o e com muita agilidade.<\/p>\n","protected":false},"excerpt":{"rendered":"<h4 style=\"margin: 0px;padding: 0px 0px 16px;font-family: Lato, sans-serif;font-weight: bold;line-height: 3rem;color: var(--dark-grey3);font-size: 22px;font-style: normal;letter-spacing: normal;text-align: start;text-indent: 0px;text-transform: none\">Informa\u00e7\u00f5es t\u00e9cnicas<\/h4>\n<p><span style=\"margin: 0px;padding: 0px;font-weight: 450;font-size: 14px;line-height: 21px;color: var(--dark-grey2);font-family: Lato, sans-serif;font-style: normal;letter-spacing: normal;text-align: start;text-indent: 0px;text-transform: none\">Produto: Kit de Pontas<br \/>\nMarca: Black + Decker<br \/>\nMaterial: A\u00e7o<br \/>\nCor: Prata e preto<br \/>\nUso Indicado: Parafusar e desparafusar<br \/>\nQuantidade de pe\u00e7as: 8 pe\u00e7as<br \/>\nItens inclusos: 4 fendas cruzada ?philips?<br \/>\n1 fenda padr\u00e3o<br \/>\n1 quadrada<br \/>\n1 extensor magn\u00e9tico<br \/>\n1 Estojo<br \/>\nDimens\u00f5es do produto (A X L): 19 x 14cm<\/span><\/p>\n","protected":false},"featured_media":18834,"template":"","meta":{"_joinchat":[]},"product_brand":[],"product_cat":[137],"product_tag":[],"class_list":{"0":"post-18763","1":"product","2":"type-product","3":"status-publish","4":"has-post-thumbnail","6":"product_cat-ferramentas-manuais","8":"first","9":"outofstock","10":"shipping-taxable","11":"product-type-simple"},"_links":{"self":[{"href":"https:\/\/www.multicasa.com.br\/inicio\/wp-json\/wp\/v2\/product\/18763","targetHints":{"allow":["GET"]}}],"collection":[{"href":"https:\/\/www.multicasa.com.br\/inicio\/wp-json\/wp\/v2\/product"}],"about":[{"href":"https:\/\/www.multicasa.com.br\/inicio\/wp-json\/wp\/v2\/types\/product"}],"wp:featuredmedia":[{"embeddable":true,"href":"https:\/\/www.multicasa.com.br\/inicio\/wp-json\/wp\/v2\/media\/18834"}],"wp:attachment":[{"href":"https:\/\/www.multicasa.com.br\/inicio\/wp-json\/wp\/v2\/media?parent=18763"}],"wp:term":[{"taxonomy":"product_brand","embeddable":true,"href":"https:\/\/www.multicasa.com.br\/inicio\/wp-json\/wp\/v2\/product_brand?post=18763"},{"taxonomy":"product_cat","embeddable":true,"href":"https:\/\/www.multicasa.com.br\/inicio\/wp-json\/wp\/v2\/product_cat?post=18763"},{"taxonomy":"product_tag","embeddable":true,"href":"https:\/\/www.multicasa.com.br\/inicio\/wp-json\/wp\/v2\/product_tag?post=18763"}],"curies":[{"name":"wp","href":"https:\/\/api.w.org\/{rel}","templated":true}]}}