{"id":18764,"date":"2025-06-20T19:37:17","date_gmt":"2025-06-20T23:37:17","guid":{"rendered":"https:\/\/www.multicasa.com.br\/inicio\/?post_type=product&#038;p=18764"},"modified":"2025-06-20T19:38:25","modified_gmt":"2025-06-20T23:38:25","slug":"cabo-de-video-p2-x-3-rca-macho-exbom-2m","status":"publish","type":"product","link":"https:\/\/www.multicasa.com.br\/inicio\/produto\/cabo-de-video-p2-x-3-rca-macho-exbom-2m\/","title":{"rendered":"Cabo de V\u00eddeo P2 x 3 RCA Macho Exbom 2m"},"content":{"rendered":"<p>Conecte o cabo de v\u00eddeo P2 x 3 RCA macho Exbom refor\u00e7ado e de ponta dourada em aparelhos para assistir filmes, ver fotos e escutar suas m\u00fasicas favoritas no volume que desejar e com qualidade. Medindo 2 m, o cabo de v\u00eddeo P2 \u00e9 compat\u00edvel com portas de 3.5 mm.<\/p>\n","protected":false},"excerpt":{"rendered":"<h4 style=\"margin: 0px;padding: 0px 0px 16px;font-family: Lato, sans-serif;font-weight: bold;line-height: 3rem;color: var(--dark-grey3);font-size: 22px;font-style: normal;letter-spacing: normal;text-align: start;text-indent: 0px;text-transform: none\">Informa\u00e7\u00f5es t\u00e9cnicas<\/h4>\n<p><span style=\"margin: 0px;padding: 0px;font-weight: 450;font-size: 14px;line-height: 21px;color: var(--dark-grey2);font-family: Lato, sans-serif;font-style: normal;letter-spacing: normal;text-align: start;text-indent: 0px;text-transform: none\">Produto: Cabo de V\u00eddeo RCA Macho<br \/>\nMarca: Exbom<br \/>\nCor: Preto<br \/>\nCaracter\u00edsticas: Cabo P2<br \/>\nPonta dourada<br \/>\nRefor\u00e7ado<br \/>\nItens inclusos: 1 Cabo de v\u00eddeo RCA macho<br \/>\nDimens\u00f5es do produto (C): 2m<br \/>\n<\/span><\/p>\n","protected":false},"featured_media":18835,"template":"","meta":{"_joinchat":[]},"product_brand":[],"product_cat":[153],"product_tag":[],"class_list":{"0":"post-18764","1":"product","2":"type-product","3":"status-publish","4":"has-post-thumbnail","6":"product_cat-eletronica-e-cia","8":"first","9":"outofstock","10":"shipping-taxable","11":"product-type-simple"},"_links":{"self":[{"href":"https:\/\/www.multicasa.com.br\/inicio\/wp-json\/wp\/v2\/product\/18764","targetHints":{"allow":["GET"]}}],"collection":[{"href":"https:\/\/www.multicasa.com.br\/inicio\/wp-json\/wp\/v2\/product"}],"about":[{"href":"https:\/\/www.multicasa.com.br\/inicio\/wp-json\/wp\/v2\/types\/product"}],"wp:featuredmedia":[{"embeddable":true,"href":"https:\/\/www.multicasa.com.br\/inicio\/wp-json\/wp\/v2\/media\/18835"}],"wp:attachment":[{"href":"https:\/\/www.multicasa.com.br\/inicio\/wp-json\/wp\/v2\/media?parent=18764"}],"wp:term":[{"taxonomy":"product_brand","embeddable":true,"href":"https:\/\/www.multicasa.com.br\/inicio\/wp-json\/wp\/v2\/product_brand?post=18764"},{"taxonomy":"product_cat","embeddable":true,"href":"https:\/\/www.multicasa.com.br\/inicio\/wp-json\/wp\/v2\/product_cat?post=18764"},{"taxonomy":"product_tag","embeddable":true,"href":"https:\/\/www.multicasa.com.br\/inicio\/wp-json\/wp\/v2\/product_tag?post=18764"}],"curies":[{"name":"wp","href":"https:\/\/api.w.org\/{rel}","templated":true}]}}