{"id":18766,"date":"2025-06-20T19:37:17","date_gmt":"2025-06-20T23:37:17","guid":{"rendered":"https:\/\/www.multicasa.com.br\/inicio\/?post_type=product&#038;p=18766"},"modified":"2025-06-20T19:38:33","modified_gmt":"2025-06-20T23:38:33","slug":"saco-de-lavar-sutia-poliester-plast-leo","status":"publish","type":"product","link":"https:\/\/www.multicasa.com.br\/inicio\/produto\/saco-de-lavar-sutia-poliester-plast-leo\/","title":{"rendered":"Saco de Lavar Suti\u00e3 Poli\u00e9ster Plast Leo"},"content":{"rendered":"<p>O Saco de Lavar Suti\u00e3 Plast Leo \u00e9 perfeito para proteger suas lingeries na hora de lavar suas roupas. O saquinho produzido em poli\u00e9ster telado e com fechamento por z\u00edper permite que as pe\u00e7as do interior tenha praticamente a mesma lavagem que as roupas soltas. Uma \u00f3tima solu\u00e7\u00e3o para preservar suas pe\u00e7as por mais tempo.<\/p>\n","protected":false},"excerpt":{"rendered":"<h4 style=\"margin: 0px;padding: 0px 0px 16px;font-family: Lato, sans-serif;font-weight: bold;line-height: 3rem;color: var(--dark-grey3);font-size: 22px;font-style: normal;letter-spacing: normal;text-align: start;text-indent: 0px;text-transform: none\">Informa\u00e7\u00f5es t\u00e9cnicas<\/h4>\n<p><span style=\"margin: 0px;padding: 0px;font-weight: 450;font-size: 14px;line-height: 21px;color: var(--dark-grey2);font-family: Lato, sans-serif;font-style: normal;letter-spacing: normal;text-align: start;text-indent: 0px;text-transform: none\">Produto: Saco para lavar suti\u00e3<br \/>\nMarca: Plast Leo<br \/>\nMaterial: Poli\u00e9ster<br \/>\nCor: Branco<br \/>\nCaracter\u00edsticas: Telado<br \/>\nPossui z\u00edper<br \/>\nItens Inclusos: 1 saco para lavar suti\u00e3<br \/>\nDimens\u00f5es do produto (A x L): 23 x 19cm<\/span><\/p>\n","protected":false},"featured_media":18848,"template":"","meta":{"_joinchat":[]},"product_brand":[],"product_cat":[95],"product_tag":[],"class_list":{"0":"post-18766","1":"product","2":"type-product","3":"status-publish","4":"has-post-thumbnail","6":"product_cat-lavanderia","8":"first","9":"outofstock","10":"shipping-taxable","11":"product-type-simple"},"_links":{"self":[{"href":"https:\/\/www.multicasa.com.br\/inicio\/wp-json\/wp\/v2\/product\/18766","targetHints":{"allow":["GET"]}}],"collection":[{"href":"https:\/\/www.multicasa.com.br\/inicio\/wp-json\/wp\/v2\/product"}],"about":[{"href":"https:\/\/www.multicasa.com.br\/inicio\/wp-json\/wp\/v2\/types\/product"}],"wp:featuredmedia":[{"embeddable":true,"href":"https:\/\/www.multicasa.com.br\/inicio\/wp-json\/wp\/v2\/media\/18848"}],"wp:attachment":[{"href":"https:\/\/www.multicasa.com.br\/inicio\/wp-json\/wp\/v2\/media?parent=18766"}],"wp:term":[{"taxonomy":"product_brand","embeddable":true,"href":"https:\/\/www.multicasa.com.br\/inicio\/wp-json\/wp\/v2\/product_brand?post=18766"},{"taxonomy":"product_cat","embeddable":true,"href":"https:\/\/www.multicasa.com.br\/inicio\/wp-json\/wp\/v2\/product_cat?post=18766"},{"taxonomy":"product_tag","embeddable":true,"href":"https:\/\/www.multicasa.com.br\/inicio\/wp-json\/wp\/v2\/product_tag?post=18766"}],"curies":[{"name":"wp","href":"https:\/\/api.w.org\/{rel}","templated":true}]}}