{"id":18786,"date":"2025-06-20T19:37:41","date_gmt":"2025-06-20T23:37:41","guid":{"rendered":"https:\/\/www.multicasa.com.br\/inicio\/?post_type=product&#038;p=18786"},"modified":"2025-06-20T19:38:36","modified_gmt":"2025-06-20T23:38:36","slug":"cabide-de-veludo-para-lenco-cachecol-14-divisorias-casambiente","status":"publish","type":"product","link":"https:\/\/www.multicasa.com.br\/inicio\/produto\/cabide-de-veludo-para-lenco-cachecol-14-divisorias-casambiente\/","title":{"rendered":"Cabide de Veludo para Len\u00e7o\/Cachecol 14 divis\u00f3rias Casambiente"},"content":{"rendered":"<p>Use o Cabide de Veludo para Pendurar Len\u00e7o\/Cachecol da Casambiente e organize seu arm\u00e1rio, otimizando espa\u00e7o. Com 14 divis\u00f3rias, tamb\u00e9m \u00e9 poss\u00edvel pendurar echarpes sem dificuldades. A textura aveludada \u00e9 ideal para que as pe\u00e7as n\u00e3o escorreguem. Ocupa o espa\u00e7o de um \u00fanico cabide. Possui dimens\u00f5es de 35 x 23 x 0,5 cm.<\/p>\n","protected":false},"excerpt":{"rendered":"<h4 style=\"margin: 0px;padding: 0px 0px 16px;font-family: Lato, sans-serif;font-weight: bold;line-height: 3rem;color: var(--dark-grey3);font-size: 22px;font-style: normal;letter-spacing: normal;text-align: start;text-indent: 0px;text-transform: none\">Informa\u00e7\u00f5es t\u00e9cnicas<\/h4>\n<p><span style=\"margin: 0px;padding: 0px;font-weight: 450;font-size: 14px;line-height: 21px;color: var(--dark-grey2);font-family: Lato, sans-serif;font-style: normal;letter-spacing: normal;text-align: start;text-indent: 0px;text-transform: none\">Produto: Cabide para Cachecol\/Len\u00e7o<br \/>\nMarca: Casambiente<br \/>\nMaterial: Veludo, pl\u00e1stico e metal<br \/>\nCor: Preto<br \/>\nCaracter\u00edsticas: Possui 14 divis\u00f3rias<br \/>\nItens Inclusos: 1 Cabides de cachecol\/len\u00e7o<br \/>\nDimens\u00f5es do produto (A x L x P): 23 x 35 x 0,5cm<\/span><\/p>\n","protected":false},"featured_media":18850,"template":"","meta":{"_joinchat":[]},"product_brand":[],"product_cat":[95],"product_tag":[],"class_list":{"0":"post-18786","1":"product","2":"type-product","3":"status-publish","4":"has-post-thumbnail","6":"product_cat-lavanderia","8":"first","9":"outofstock","10":"shipping-taxable","11":"product-type-simple"},"_links":{"self":[{"href":"https:\/\/www.multicasa.com.br\/inicio\/wp-json\/wp\/v2\/product\/18786","targetHints":{"allow":["GET"]}}],"collection":[{"href":"https:\/\/www.multicasa.com.br\/inicio\/wp-json\/wp\/v2\/product"}],"about":[{"href":"https:\/\/www.multicasa.com.br\/inicio\/wp-json\/wp\/v2\/types\/product"}],"wp:featuredmedia":[{"embeddable":true,"href":"https:\/\/www.multicasa.com.br\/inicio\/wp-json\/wp\/v2\/media\/18850"}],"wp:attachment":[{"href":"https:\/\/www.multicasa.com.br\/inicio\/wp-json\/wp\/v2\/media?parent=18786"}],"wp:term":[{"taxonomy":"product_brand","embeddable":true,"href":"https:\/\/www.multicasa.com.br\/inicio\/wp-json\/wp\/v2\/product_brand?post=18786"},{"taxonomy":"product_cat","embeddable":true,"href":"https:\/\/www.multicasa.com.br\/inicio\/wp-json\/wp\/v2\/product_cat?post=18786"},{"taxonomy":"product_tag","embeddable":true,"href":"https:\/\/www.multicasa.com.br\/inicio\/wp-json\/wp\/v2\/product_tag?post=18786"}],"curies":[{"name":"wp","href":"https:\/\/api.w.org\/{rel}","templated":true}]}}