{"id":18787,"date":"2025-06-20T19:37:42","date_gmt":"2025-06-20T23:37:42","guid":{"rendered":"https:\/\/www.multicasa.com.br\/inicio\/?post_type=product&#038;p=18787"},"modified":"2025-06-20T19:38:38","modified_gmt":"2025-06-20T23:38:38","slug":"bloco-adesivo-post-it-neon-38x50-mm-4-unidades","status":"publish","type":"product","link":"https:\/\/www.multicasa.com.br\/inicio\/produto\/bloco-adesivo-post-it-neon-38x50-mm-4-unidades\/","title":{"rendered":"Bloco Adesivo Post-it Neon 38&#215;50 mm 4 unidades"},"content":{"rendered":"<p>Ideal para anota\u00e7\u00f5es e recados, o bloco adesivo neon Post-it \u00e9 indispens\u00e1vel na sua rotina de casa, do escrit\u00f3rio ou dos estudos. Cole e descole as folhas onde e quando quiser. Sua tecnologia 3M produz adesivo de alt\u00edssima qualidade que n\u00e3o danifica nenhum tipo de superf\u00edcie e nem os pap\u00e9is. Com base vegetal, mede 38 x 50 mm e a embalagem \u00e9 composta por 4 blocos coloridos.<\/p>\n","protected":false},"excerpt":{"rendered":"<h4 style=\"margin: 0px;padding: 0px 0px 16px;font-family: Lato, sans-serif;font-weight: bold;line-height: 3rem;color: var(--dark-grey3);font-size: 22px;font-style: normal;letter-spacing: normal;text-align: start;text-indent: 0px;text-transform: none\">Informa\u00e7\u00f5es t\u00e9cnicas<\/h4>\n<p><span style=\"margin: 0px;padding: 0px;font-weight: 450;font-size: 14px;line-height: 21px;color: var(--dark-grey2);font-family: Lato, sans-serif;font-style: normal;letter-spacing: normal;text-align: start;text-indent: 0px;text-transform: none\">Produto: Bloco Adesivo<br \/>\nMarca: 3M<br \/>\nMaterial: Papel<br \/>\nCor: rosa, azul, laranja, verde<br \/>\nCaracter\u00edsticas: Bloco auto adesivo<br \/>\nPossui 50 folhas cada bloco<br \/>\n200 folhas no total<br \/>\nItens Inclusos: 4 Blocos adesivos<br \/>\nDimens\u00f5es do produto (L X P): 3,8 x 5cm<br \/>\n<\/span><\/p>\n","protected":false},"featured_media":18852,"template":"","meta":{"_joinchat":[]},"product_brand":[],"product_cat":[97],"product_tag":[],"class_list":{"0":"post-18787","1":"product","2":"type-product","3":"status-publish","4":"has-post-thumbnail","6":"product_cat-papelaria","8":"first","9":"outofstock","10":"shipping-taxable","11":"product-type-simple"},"_links":{"self":[{"href":"https:\/\/www.multicasa.com.br\/inicio\/wp-json\/wp\/v2\/product\/18787","targetHints":{"allow":["GET"]}}],"collection":[{"href":"https:\/\/www.multicasa.com.br\/inicio\/wp-json\/wp\/v2\/product"}],"about":[{"href":"https:\/\/www.multicasa.com.br\/inicio\/wp-json\/wp\/v2\/types\/product"}],"wp:featuredmedia":[{"embeddable":true,"href":"https:\/\/www.multicasa.com.br\/inicio\/wp-json\/wp\/v2\/media\/18852"}],"wp:attachment":[{"href":"https:\/\/www.multicasa.com.br\/inicio\/wp-json\/wp\/v2\/media?parent=18787"}],"wp:term":[{"taxonomy":"product_brand","embeddable":true,"href":"https:\/\/www.multicasa.com.br\/inicio\/wp-json\/wp\/v2\/product_brand?post=18787"},{"taxonomy":"product_cat","embeddable":true,"href":"https:\/\/www.multicasa.com.br\/inicio\/wp-json\/wp\/v2\/product_cat?post=18787"},{"taxonomy":"product_tag","embeddable":true,"href":"https:\/\/www.multicasa.com.br\/inicio\/wp-json\/wp\/v2\/product_tag?post=18787"}],"curies":[{"name":"wp","href":"https:\/\/api.w.org\/{rel}","templated":true}]}}