{"id":18794,"date":"2025-06-20T19:37:42","date_gmt":"2025-06-20T23:37:42","guid":{"rendered":"https:\/\/www.multicasa.com.br\/inicio\/?post_type=product&#038;p=18794"},"modified":"2025-08-18T00:25:40","modified_gmt":"2025-08-18T04:25:40","slug":"bandeja-esteira-braco-de-sofa-porta-copo-e-controle-jm","status":"publish","type":"product","link":"https:\/\/www.multicasa.com.br\/inicio\/produto\/bandeja-esteira-braco-de-sofa-porta-copo-e-controle-jm\/","title":{"rendered":"Bandeja Esteira Bra\u00e7o de Sof\u00e1 Porta Copo e Controle JM"},"content":{"rendered":"<p>Bandeja Esteira Bra\u00e7o de Sof\u00e1 JM em mdf, flex\u00edvel e adapt\u00e1vel ao bra\u00e7o do sof\u00e1, com porta copos embutidos e espa\u00e7o para armazenar controles remotos, o que permite manter a bebida preferida \u00e0 m\u00e3o enquanto se est\u00e1 no sof\u00e1, evitando que o l\u00edquido caia sobre o mesmo. Al\u00e9m disso, tem espa\u00e7o para apoio de pratos pequenos ou outros objetos de menor porte.<br \/>\nTenha praticidade no seu dia a dia e aproveite para comer ou beber no sof\u00e1 enquanto assiste um filme sem preocupa\u00e7\u00e3o!<\/p>\n","protected":false},"excerpt":{"rendered":"<h4 style=\"margin: 0px;padding: 0px 0px 16px;font-family: Lato, sans-serif;font-weight: bold;line-height: 3rem;color: var(--dark-grey3);font-size: 22px;font-style: normal;letter-spacing: normal;text-align: start;text-indent: 0px;text-transform: none\">Informa\u00e7\u00f5es t\u00e9cnicas<\/h4>\n<p><span style=\"margin: 0px;padding: 0px;font-weight: 450;font-size: 14px;line-height: 21px;color: var(--dark-grey2);font-family: Lato, sans-serif;font-style: normal;letter-spacing: normal;text-align: start;text-indent: 0px;text-transform: none\">Produto: Bandeja bra\u00e7o do sof\u00e1<br \/>\nMarca: JM<br \/>\nMaterial: MDF<br \/>\nCor: Marrom<br \/>\nCaracter\u00edsticas: 2 porta copos embutidos, suporte para controle remoto com divis\u00f3ria, adapt\u00e1vel, flex\u00edvel<br \/>\nItens Inclusos: 1 Bandeja bra\u00e7o do sof\u00e1<br \/>\nDimens\u00f5es do produto (A X L): Esteira &#8211; 43 x 33cm, porta controle &#8211; 33 x 9cm<\/span><\/p>\n","protected":false},"featured_media":18878,"template":"","meta":{"_joinchat":[]},"product_brand":[],"product_cat":[136],"product_tag":[],"class_list":{"0":"post-18794","1":"product","2":"type-product","3":"status-publish","4":"has-post-thumbnail","6":"product_cat-lazer","8":"first","9":"outofstock","10":"shipping-taxable","11":"purchasable","12":"product-type-simple"},"_links":{"self":[{"href":"https:\/\/www.multicasa.com.br\/inicio\/wp-json\/wp\/v2\/product\/18794","targetHints":{"allow":["GET"]}}],"collection":[{"href":"https:\/\/www.multicasa.com.br\/inicio\/wp-json\/wp\/v2\/product"}],"about":[{"href":"https:\/\/www.multicasa.com.br\/inicio\/wp-json\/wp\/v2\/types\/product"}],"wp:featuredmedia":[{"embeddable":true,"href":"https:\/\/www.multicasa.com.br\/inicio\/wp-json\/wp\/v2\/media\/18878"}],"wp:attachment":[{"href":"https:\/\/www.multicasa.com.br\/inicio\/wp-json\/wp\/v2\/media?parent=18794"}],"wp:term":[{"taxonomy":"product_brand","embeddable":true,"href":"https:\/\/www.multicasa.com.br\/inicio\/wp-json\/wp\/v2\/product_brand?post=18794"},{"taxonomy":"product_cat","embeddable":true,"href":"https:\/\/www.multicasa.com.br\/inicio\/wp-json\/wp\/v2\/product_cat?post=18794"},{"taxonomy":"product_tag","embeddable":true,"href":"https:\/\/www.multicasa.com.br\/inicio\/wp-json\/wp\/v2\/product_tag?post=18794"}],"curies":[{"name":"wp","href":"https:\/\/api.w.org\/{rel}","templated":true}]}}