{"id":18819,"date":"2025-06-20T19:38:06","date_gmt":"2025-06-20T23:38:06","guid":{"rendered":"https:\/\/www.multicasa.com.br\/inicio\/?post_type=product&#038;p=18819"},"modified":"2025-10-30T13:13:53","modified_gmt":"2025-10-30T17:13:53","slug":"tanque-louca-grande-60x50cm-bc-deca","status":"publish","type":"product","link":"https:\/\/www.multicasa.com.br\/inicio\/produto\/tanque-louca-grande-60x50cm-bc-deca\/","title":{"rendered":"Tanque Louca Grande 60X50Cm Bc Deca"},"content":{"rendered":"<p>O Tanque de 40 Litros Branco Deca possui duas formas de instala\u00e7\u00e3o: com coluna, sem coluna.<br \/>\nDesign simples e funcional, al\u00e9m da versatilidade na instala\u00e7\u00e3o, o Tanque 40 Litros Branco Deca TQ.03.17 \u00e9 a pe\u00e7a ideal para uma \u00e1rea de servi\u00e7o espa\u00e7osa ou pequena.<br \/>\nEste modelo confere praticidade de uso, \u00e9 resistente a umidade, grande vida \u00fatil e facilidade na limpeza, al\u00e9m de se encaixar bem em qualquer espa\u00e7o. Para escolher uma torneira para o seu Tanque 40 Litros Branco Deca TQ.03.17, recomendamos a Torneira de Parede para Tanque 1153 Cromada Deca.<br \/>\nTanque 40 Litros TQ03 Branco &#8211; Deca: como instalar?<br \/>\nO Tanque de 40 Litros Branco Deca pode ser instalado com ou sem coluna. Por essa raz\u00e3o, recomendamos ter em m\u00e3os o manual de instala\u00e7\u00e3o que acompanha o produto.<br \/>\nRecomendamos, tamb\u00e9m, o uso de \u00f3culos de prote\u00e7\u00e3o e luvas, lembrando de desligar o registro geral e verificar se n\u00e3o h\u00e1 \u00e1gua passando pela tubula\u00e7\u00e3o (para a instala\u00e7\u00e3o hidr\u00e1ulica do seu Tanque 40 Litros Branco Deca TQ.03.17). <\/p>\n<p>Instala\u00e7\u00e3o com coluna:<br \/>\nColoque seu Tanque de 40 Litros Branco Deca sobre a coluna na posi\u00e7\u00e3o de instala\u00e7\u00e3o desejada na parede.<br \/>\nMarque os furos para fixa\u00e7\u00e3o do tanque.<br \/>\nSem tirar a coluna do lugar, marque os furos para fixa\u00e7\u00e3o no piso.<br \/>\nFa\u00e7a os furos no piso e parede com uma broca de 10 mm.<br \/>\nLembre-se de nunca bater por baixo, na \u00e1rea n\u00e3o esmaltada, seja para destacar a pastilha, ou completar a abertura do furo.<br \/>\nAplique silicone antifungo e antimofo em todo o contorno da superf\u00edcie traseira do tanque que ficar\u00e1 em contato com a parede.<br \/>\nFixe a coluna e o tanque.<br \/>\nInstala\u00e7\u00e3o sem coluna:<br \/>\nCom o aux\u00edlio de outra pessoa, posicione o tanque na parede na posi\u00e7\u00e3o de instala\u00e7\u00e3o desejada.<br \/>\nMarque os furos para fixa\u00e7\u00e3o e retire o tanque.<br \/>\nFa\u00e7a os furos na parede com uma broca de 10 mm.<br \/>\nLembre-se de nunca bater por baixo, na \u00e1rea n\u00e3o esmaltada, seja para destacar a pastilha, ou completar a abertura do furo.<br \/>\nAplique silicone antifungo e antimofo em todo o contorno da superf\u00edcie traseira do tanque que ficar\u00e1 em contato com a parede.<br \/>\nFixe o tanque.<\/p>\n<p>Observa\u00e7\u00f5es: Para a instala\u00e7\u00e3o hidr\u00e1ulica (produtos vendidos separadamente), voc\u00ea deve seguir os passos do manual de instala\u00e7\u00e3o do sif\u00e3o e da v\u00e1lvula de escoamento.<br \/>\nPara a fixa\u00e7\u00e3o do seu Tanque de 40 Litros Branco Deca, utilize fixa\u00e7\u00e3o Deca FT11 para tanques, e SP7 para colunas.<\/p>\n<p>Aten\u00e7\u00e3o: Antes de utilizar o Tanque 40 Litros Branco Deca TQ.03.17, teste poss\u00edveis vazamentos.<\/p>\n<p>Tanque 40 Litros TQ03 Branco &#8211; Deca: caracter\u00edsticas<\/p>\n<p>F\u00e1cil instala\u00e7\u00e3o, seja com coluna ou sem, mas \u00e9 recomendado que tenha sempre em m\u00e3os o manual de instala\u00e7\u00e3o;<\/p>\n<p>Versatilidade de instala\u00e7\u00e3o, onde voc\u00ea pode optar por instalar o tanque sem coluna, pelo espa\u00e7o embaixo, ou com coluna, para \u00e1reas de servi\u00e7o maiores e mais espa\u00e7osas;<\/p>\n<p>A composi\u00e7\u00e3o do Tanque 40 Litros Branco Deca TQ.03.17 \u00e9 de argila, feldspato, caulim, vidrados e corantes inorg\u00e2nicos, o que se traduz em resist\u00eancia \u00e0 umidade e tempo de uso;<\/p>\n<p>Para limpar seu Tanque de 40 Litros Branco Deca, use \u00e1gua, sab\u00e3o neutro e pano macio. Limpeza r\u00e1pida e eficaz.<\/p>\n<p>Medidas: O primeiro passo neste t\u00f3pico \u00e9 analisar o espa\u00e7o que sua \u00e1rea de servi\u00e7o oferece. O Tanque de 40 Litros Branco Deca tem suas dimens\u00f5es em 330 mm de altura, 500 mm de comprimento e 600 mm de largura. Verifique o espa\u00e7o para evitar surpresas desagrad\u00e1veis;<\/p>\n<p>Material: O material do seu tanque deve oferecer resist\u00eancia a umidade e o uso, requisitos traduzidos em durabilidade. Busque por tanques feitos em argila, feldspato, caulim, vidrados e corantes inorg\u00e2nicos;<\/p>\n<p>Tipo de torneira: Para o Tanque 40 Litros Branco Deca TQ.03.17, recomendamos torneiras de parede com bica como a Torneira de Parede para Tanque 1153 Cromada Deca.<\/p>\n<p>Decorar \u00e1reas de servi\u00e7o \u00e9 um desafio. Muitas vezes, a decora\u00e7\u00e3o, a ilumina\u00e7\u00e3o, paleta de cores, m\u00e1quinas e m\u00f3veis podem acabar tornando o ambiente desagrad\u00e1vel. <\/p>\n<p>Por conta disso, pensar na decora\u00e7\u00e3o da \u00e1rea de servi\u00e7o \u00e9 essencial pela est\u00e9tica, conforto, praticidade de limpeza e funcionalidade, bem como higiene.<\/p>\n<p>A paleta de cores: \u00c1reas de servi\u00e7o devem ser claras e arejadas, para facilitar a secagem de roupas, tapetes e etc. Para tanto, a escolha das cores \u00e9 o primeiro passo a ser dado. Embora n\u00e3o seja obrigat\u00f3rio, cores claras combinam bastante com esse ambiente;<\/p>\n<p>Os metais: A escolha dos metais, embora simples e r\u00e1pida, deve ser proporcional ao espa\u00e7o que sua \u00e1rea de servi\u00e7o disponibiliza. Torneiras grandes demais para tanques pequenos n\u00e3o s\u00e3o uma boa escolha, bem como tanques grandes demais para espa\u00e7os pequenos. N\u00e3o s\u00f3 isso, a escolha das cores dos metais deve combinar com a paleta de cores do restante da \u00e1rea de servi\u00e7o;<\/p>\n<p>Os m\u00f3veis bonitos e funcionais: As cores dos m\u00f3veis tamb\u00e9m contribuem com a est\u00e9tica da sua \u00e1rea de servi\u00e7o. N\u00e3o s\u00f3 a cor, a funcionalidade e praticidade tamb\u00e9m devem ser pensadas. Por isso, nichos, prateleiras e arm\u00e1rios devem ser escolhidos com cuidado, prezando pelo espa\u00e7o e beleza. Pense no espa\u00e7o que voc\u00ea ir\u00e1 usar e suas necessidades;<\/p>\n<p>Plantas: Plantas trazem consigo muito mais que cor, trazem vida. Por essa raz\u00e3o, s\u00e3o o elemento chave na decora\u00e7\u00e3o. Algumas suculentas penduradas em nichos, babosas ou samambaias d\u00e3o o toque ideal para criar vida na sua \u00e1rea de servi\u00e7o.<\/p>\n<p>Tanque 40 Litros TQ03 Branco &#8211; Deca: dicas e cuidados<br \/>\nPara a manuten\u00e7\u00e3o da limpeza do seu Tanque 40 Litros Branco Deca TQ.03.17, recomendamos o uso de panos macios, \u00e1gua e sab\u00e3o neutro.<\/p>\n<p>Evite usar palhas de a\u00e7o, produtos qu\u00edmicos e demais produtos abrasivos, pelo bem da vida \u00fatil do seu tanque. Evite por peso em cima do seu tanque, principalmente se estiver instalado sem a coluna.<\/p>\n<p>Lembre-se de realizar a limpeza periodicamente, pelo menos uma vez por semana.<\/p>\n","protected":false},"excerpt":{"rendered":"<h4 style=\"margin: 0px;padding: 0px 0px 16px;font-family: Lato, sans-serif;font-weight: bold;line-height: 3rem;color: var(--dark-grey3);font-size: 22px;font-style: normal;letter-spacing: normal;text-align: start;text-indent: 0px;text-transform: none\">Informa\u00e7\u00f5es t\u00e9cnicas<\/h4>\n<p><span style=\"margin: 0px;padding: 0px;font-weight: 450;font-size: 14px;line-height: 21px;color: var(--dark-grey2);font-family: Lato, sans-serif;font-style: normal;letter-spacing: normal;text-align: start;text-indent: 0px;text-transform: none\">Produto: TANQUE LOUCA GRANDE 60X50CM BC DECA<br \/>\nMarca: Deca<\/p>\n<p>&#8211; Nome: Tanque 40 Litros TQ03 Branco &#8211; Deca;<br \/>\n&#8211; Refer\u00eancia: TQ.03.17;<br \/>\n&#8211; Comprimento: 81 cm;<br \/>\n&#8211; Largura:\t63 cm;<br \/>\n&#8211; Altura: 54 cm;<br \/>\n&#8211; Peso: 27,94 kg;<br \/>\n<\/span><\/p>\n","protected":false},"featured_media":26058,"template":"","meta":{"_joinchat":[]},"product_brand":[],"product_cat":[68],"product_tag":[],"class_list":{"0":"post-18819","1":"product","2":"type-product","3":"status-publish","4":"has-post-thumbnail","6":"product_cat-loucas-e-cia","8":"first","9":"outofstock","10":"shipping-taxable","11":"purchasable","12":"product-type-simple"},"_links":{"self":[{"href":"https:\/\/www.multicasa.com.br\/inicio\/wp-json\/wp\/v2\/product\/18819","targetHints":{"allow":["GET"]}}],"collection":[{"href":"https:\/\/www.multicasa.com.br\/inicio\/wp-json\/wp\/v2\/product"}],"about":[{"href":"https:\/\/www.multicasa.com.br\/inicio\/wp-json\/wp\/v2\/types\/product"}],"wp:featuredmedia":[{"embeddable":true,"href":"https:\/\/www.multicasa.com.br\/inicio\/wp-json\/wp\/v2\/media\/26058"}],"wp:attachment":[{"href":"https:\/\/www.multicasa.com.br\/inicio\/wp-json\/wp\/v2\/media?parent=18819"}],"wp:term":[{"taxonomy":"product_brand","embeddable":true,"href":"https:\/\/www.multicasa.com.br\/inicio\/wp-json\/wp\/v2\/product_brand?post=18819"},{"taxonomy":"product_cat","embeddable":true,"href":"https:\/\/www.multicasa.com.br\/inicio\/wp-json\/wp\/v2\/product_cat?post=18819"},{"taxonomy":"product_tag","embeddable":true,"href":"https:\/\/www.multicasa.com.br\/inicio\/wp-json\/wp\/v2\/product_tag?post=18819"}],"curies":[{"name":"wp","href":"https:\/\/api.w.org\/{rel}","templated":true}]}}