{"id":18838,"date":"2025-06-20T19:38:30","date_gmt":"2025-06-20T23:38:30","guid":{"rendered":"https:\/\/www.multicasa.com.br\/inicio\/?post_type=product&#038;p=18838"},"modified":"2025-06-23T10:19:46","modified_gmt":"2025-06-23T14:19:46","slug":"mangueira-led-13mm-127v-1m-6-0k-benluz","status":"publish","type":"product","link":"https:\/\/www.multicasa.com.br\/inicio\/produto\/mangueira-led-13mm-127v-1m-6-0k-benluz\/","title":{"rendered":"Mangueira Led 13Mm 127V 1M 6.0K Benluz"},"content":{"rendered":"<p>As Cordas Luminosas Led Benluz s\u00e3o ideais para decora\u00e7\u00f5es de fachadas, placas luminosas, contornos, ilumina\u00e7\u00e3o decorativa em sancas ou tetos e ilumina\u00e7\u00e3o indireta. Em fun\u00e7\u00e3o da posi\u00e7\u00e3o vertical de montagem do Led, emite luz em todas as dire\u00e7\u00f5es. Possui di\u00e2metro de 13mm, 30 leds por metro e pot\u00eancia m\u00e1xima de 3W\/metro. Vendida por metro, em embalagem padr\u00e3o contendo 100 metros por rolo. A unidade de corte \u00e9 a cada 1 metro (30 leds). Uso interno e externo (isolando seus conectores). N\u00e3o emite raios infravermelhos e n\u00e3o cont\u00e9m merc\u00fario.<\/p>\n","protected":false},"excerpt":{"rendered":"<h4 style=\"margin: 0px;padding: 0px 0px 16px;font-family: Lato, sans-serif;font-weight: bold;line-height: 3rem;color: var(--dark-grey3);font-size: 22px;font-style: normal;letter-spacing: normal;text-align: start;text-indent: 0px;text-transform: none\">Informa\u00e7\u00f5es t\u00e9cnicas<\/h4>\n<p><span style=\"margin: 0px;padding: 0px;font-weight: 450;font-size: 14px;line-height: 21px;color: var(--dark-grey2);font-family: Lato, sans-serif;font-style: normal;letter-spacing: normal;text-align: start;text-indent: 0px;text-transform: none\">Produto: MANGUEIRA LED 13MM 127V<br \/>\nMarca: BENLUZ<br \/>\nCor: Branca<br \/>\nCaracter\u00edsticas:<br \/>\n&#8211; Acabamento: Transparente;<br \/>\n&#8211; Acompanha Drive: N\u00e3o;<br \/>\n&#8211; Ambiente de Ilumina\u00e7\u00e3o: Externo, Interno;<br \/>\n&#8211; Comprimento: 10.000 cm;<br \/>\n&#8211; Cor da Luz: Branco;<br \/>\n&#8211; Cor do Produto: Branco;<br \/>\n&#8211; Cor Predominante: Branco;<br \/>\n&#8211; Dimeriz\u00e1vel: N\u00e3o;<br \/>\n&#8211; Espessura: 1 cm;<br \/>\n&#8211; \u00cdndice de Prote\u00e7\u00e3o: IP60;<br \/>\n&#8211; Largura: 1 cm;<br \/>\n&#8211; Material Principal: PVC;<br \/>\n&#8211; Necessita montagem: Sim;<br \/>\n&#8211; Origem do Produto: Importado;<br \/>\n&#8211; Peso: 16 g;<br \/>\n&#8211; Pot\u00eancia M\u00e1xima da L\u00e2mpada de LED: 3 W;<br \/>\n&#8211; Resistente \u00e0 Maresia: Sim;<br \/>\n&#8211; Temperatura da Cor: 6.000 K;<br \/>\n&#8211; Tipo: Corda Luminosa;<br \/>\n&#8211; Vida \u00datil: 20.000 horas;<br \/>\n&#8211; Voltagem: 127V;<\/span><\/p>\n","protected":false},"featured_media":25536,"template":"","meta":{"_joinchat":[]},"product_brand":[],"product_cat":[157],"product_tag":[],"class_list":{"0":"post-18838","1":"product","2":"type-product","3":"status-publish","4":"has-post-thumbnail","6":"product_cat-leds-decorativos","8":"first","9":"outofstock","10":"shipping-taxable","11":"product-type-simple"},"_links":{"self":[{"href":"https:\/\/www.multicasa.com.br\/inicio\/wp-json\/wp\/v2\/product\/18838","targetHints":{"allow":["GET"]}}],"collection":[{"href":"https:\/\/www.multicasa.com.br\/inicio\/wp-json\/wp\/v2\/product"}],"about":[{"href":"https:\/\/www.multicasa.com.br\/inicio\/wp-json\/wp\/v2\/types\/product"}],"wp:featuredmedia":[{"embeddable":true,"href":"https:\/\/www.multicasa.com.br\/inicio\/wp-json\/wp\/v2\/media\/25536"}],"wp:attachment":[{"href":"https:\/\/www.multicasa.com.br\/inicio\/wp-json\/wp\/v2\/media?parent=18838"}],"wp:term":[{"taxonomy":"product_brand","embeddable":true,"href":"https:\/\/www.multicasa.com.br\/inicio\/wp-json\/wp\/v2\/product_brand?post=18838"},{"taxonomy":"product_cat","embeddable":true,"href":"https:\/\/www.multicasa.com.br\/inicio\/wp-json\/wp\/v2\/product_cat?post=18838"},{"taxonomy":"product_tag","embeddable":true,"href":"https:\/\/www.multicasa.com.br\/inicio\/wp-json\/wp\/v2\/product_tag?post=18838"}],"curies":[{"name":"wp","href":"https:\/\/api.w.org\/{rel}","templated":true}]}}