{"id":18840,"date":"2025-06-20T19:38:30","date_gmt":"2025-06-20T23:38:30","guid":{"rendered":"https:\/\/www.multicasa.com.br\/inicio\/?post_type=product&#038;p=18840"},"modified":"2026-02-11T11:00:42","modified_gmt":"2026-02-11T15:00:42","slug":"parafuso-p-fixacao-lateral-de-bacias-de-luxo-medio-deca","status":"publish","type":"product","link":"https:\/\/www.multicasa.com.br\/inicio\/produto\/parafuso-p-fixacao-lateral-de-bacias-de-luxo-medio-deca\/","title":{"rendered":"Parafuso P\/ Fixa\u00e7\u00e3o Lateral De Bacias De Luxo\/M\u00e9dio Deca"},"content":{"rendered":"<p>Conjunto de fixa\u00e7\u00e3o lateral para bacias e bid\u00eas. Para a instala\u00e7\u00e3o perfeita, sempre utilize produtos Deca<\/p>\n","protected":false},"excerpt":{"rendered":"<h4 style=\"margin: 0px;padding: 0px 0px 16px;font-family: Lato, sans-serif;font-weight: bold;line-height: 3rem;color: var(--dark-grey3);font-size: 22px;font-style: normal;letter-spacing: normal;text-align: start;text-indent: 0px;text-transform: none\">Informa\u00e7\u00f5es t\u00e9cnicas<\/h4>\n<p><span style=\"margin: 0px;padding: 0px;font-weight: 450;font-size: 14px;line-height: 21px;color: var(--dark-grey2);font-family: Lato, sans-serif;font-style: normal;letter-spacing: normal;text-align: start;text-indent: 0px;text-transform: none\">PRODUTO: PARAFUSO P\/ FIXA\u00c7\u00c3O LATERAL DE BACIAS DE LUXO\/M\u00c9DIO<br \/>\nMARCA: DECA<br \/>\nDIMENS\u00d5ES:<br \/>\n\u0095 Altura: 30mm<br \/>\n\u0095 Comprimento: 175mm<br \/>\n\u0095 Largura: 110mm<br \/>\nDADOS T\u00c9CNICOS:<br \/>\n\u0095 Peso L\u00edquido: 0.06<br \/>\n\u0095 Peso Bruto: 0.1<br \/>\nCOMPOSI\u00c7\u00c3O B\u00c1SICA: A\u00e7o Inoxid\u00e1vel ,Pl\u00e1sticos de Engenharia e Elast\u00f4meros<br \/>\nTIPO DE NORMATIZA\u00c7\u00c3O: N\u00e3o Possui<\/span><\/p>\n","protected":false},"featured_media":25674,"template":"","meta":{"_joinchat":[]},"product_brand":[],"product_cat":[74],"product_tag":[],"class_list":{"0":"post-18840","1":"product","2":"type-product","3":"status-publish","4":"has-post-thumbnail","6":"product_cat-reparos-hidraulicos","8":"first","9":"instock","10":"shipping-taxable","11":"purchasable","12":"product-type-simple"},"_links":{"self":[{"href":"https:\/\/www.multicasa.com.br\/inicio\/wp-json\/wp\/v2\/product\/18840","targetHints":{"allow":["GET"]}}],"collection":[{"href":"https:\/\/www.multicasa.com.br\/inicio\/wp-json\/wp\/v2\/product"}],"about":[{"href":"https:\/\/www.multicasa.com.br\/inicio\/wp-json\/wp\/v2\/types\/product"}],"wp:featuredmedia":[{"embeddable":true,"href":"https:\/\/www.multicasa.com.br\/inicio\/wp-json\/wp\/v2\/media\/25674"}],"wp:attachment":[{"href":"https:\/\/www.multicasa.com.br\/inicio\/wp-json\/wp\/v2\/media?parent=18840"}],"wp:term":[{"taxonomy":"product_brand","embeddable":true,"href":"https:\/\/www.multicasa.com.br\/inicio\/wp-json\/wp\/v2\/product_brand?post=18840"},{"taxonomy":"product_cat","embeddable":true,"href":"https:\/\/www.multicasa.com.br\/inicio\/wp-json\/wp\/v2\/product_cat?post=18840"},{"taxonomy":"product_tag","embeddable":true,"href":"https:\/\/www.multicasa.com.br\/inicio\/wp-json\/wp\/v2\/product_tag?post=18840"}],"curies":[{"name":"wp","href":"https:\/\/api.w.org\/{rel}","templated":true}]}}