{"id":18846,"date":"2025-06-20T19:38:31","date_gmt":"2025-06-20T23:38:31","guid":{"rendered":"https:\/\/www.multicasa.com.br\/inicio\/?post_type=product&#038;p=18846"},"modified":"2025-08-18T04:14:15","modified_gmt":"2025-08-18T08:14:15","slug":"lampada-de-led-bulbo-branca-9w-e27-llum","status":"publish","type":"product","link":"https:\/\/www.multicasa.com.br\/inicio\/produto\/lampada-de-led-bulbo-branca-9w-e27-llum\/","title":{"rendered":"L\u00e2mpada de Led Bulbo Branca 9W E27 LLUM"},"content":{"rendered":"<p>L\u00e2mpada BULBO LED, desenvolvida e indicada para retrofit e substitui\u00e7\u00e3o de l\u00e2mpadas com tecnologia de baixa efici\u00eancia luminosa. Indicada para aplica\u00e7\u00e3o em ambientes diversos para ilumina\u00e7\u00e3o geral. Temperatura de cor em 6500k e 9w de pot\u00eancia, substitui as l\u00e2mpadas incandescentes e proporciona economia de at\u00e9 90% na conta de luz. Compat\u00edvel com soquete E27.<\/p>\n","protected":false},"excerpt":{"rendered":"<h4 style=\"margin: 0px;padding: 0px 0px 16px;font-family: Lato, sans-serif;font-weight: bold;line-height: 3rem;color: var(--dark-grey3);font-size: 22px;font-style: normal;letter-spacing: normal;text-align: start;text-indent: 0px;text-transform: none\">Informa\u00e7\u00f5es t\u00e9cnicas<\/h4>\n<p><span style=\"margin: 0px;padding: 0px;font-weight: 450;font-size: 14px;line-height: 21px;color: var(--dark-grey2);font-family: Lato, sans-serif;font-style: normal;letter-spacing: normal;text-align: start;text-indent: 0px;text-transform: none\">L\u00e2mpada LED A 60 Bulbo 9W Bivolt LLUM<br \/>\nNormatizada pelo Inmetro<br \/>\nPot\u00eancia: 9W<br \/>\nBase: E-27<br \/>\nTens\u00e3o nominal: Bivolt (127V~220V)<br \/>\nFrequ\u00eancia nominal: 60Hz<br \/>\nCorrente nominal: 127V: 69,7mA\/ 220V:45,7mA<br \/>\nDimens\u00f5es (mm): 60(\u00f8) x 120(A)<br \/>\nTemperatura de cor: 6500k<br \/>\nFluxo luminoso 820lm<br \/>\nEfici\u00eancia luminosa: 91lm\/W<br \/>\n\u00c2ngulo de abertura: 180\u00b0<br \/>\nL\u00e2mpada ominidirecional<br \/>\n\u00cdndice de prote\u00e7\u00e3o: IP40<br \/>\nVida \u00fatil aproximada (L70): 25000h<br \/>\nFator de pot\u00eancia:&gt;0,70<br \/>\nIRC=80<br \/>\nIndica\u00e7\u00e3o contra partes vivas: &#8220;EBTS (SELV)&#8221;<br \/>\nFaixa de temperatura do ambiente para opera\u00e7\u00e3o &#8211; ta: -5\u00b0C a 50\u00b0C<br \/>\nPeso: 85g<br \/>\nN\u00e3o permite dimeriza\u00e7\u00e3o<\/span><\/p>\n","protected":false},"featured_media":25404,"template":"","meta":{"_joinchat":[]},"product_brand":[],"product_cat":[80],"product_tag":[],"class_list":{"0":"post-18846","1":"product","2":"type-product","3":"status-publish","4":"has-post-thumbnail","6":"product_cat-lampadas","8":"first","9":"outofstock","10":"shipping-taxable","11":"purchasable","12":"product-type-simple"},"_links":{"self":[{"href":"https:\/\/www.multicasa.com.br\/inicio\/wp-json\/wp\/v2\/product\/18846","targetHints":{"allow":["GET"]}}],"collection":[{"href":"https:\/\/www.multicasa.com.br\/inicio\/wp-json\/wp\/v2\/product"}],"about":[{"href":"https:\/\/www.multicasa.com.br\/inicio\/wp-json\/wp\/v2\/types\/product"}],"wp:featuredmedia":[{"embeddable":true,"href":"https:\/\/www.multicasa.com.br\/inicio\/wp-json\/wp\/v2\/media\/25404"}],"wp:attachment":[{"href":"https:\/\/www.multicasa.com.br\/inicio\/wp-json\/wp\/v2\/media?parent=18846"}],"wp:term":[{"taxonomy":"product_brand","embeddable":true,"href":"https:\/\/www.multicasa.com.br\/inicio\/wp-json\/wp\/v2\/product_brand?post=18846"},{"taxonomy":"product_cat","embeddable":true,"href":"https:\/\/www.multicasa.com.br\/inicio\/wp-json\/wp\/v2\/product_cat?post=18846"},{"taxonomy":"product_tag","embeddable":true,"href":"https:\/\/www.multicasa.com.br\/inicio\/wp-json\/wp\/v2\/product_tag?post=18846"}],"curies":[{"name":"wp","href":"https:\/\/api.w.org\/{rel}","templated":true}]}}