{"id":18868,"date":"2025-06-20T19:38:57","date_gmt":"2025-06-20T23:38:57","guid":{"rendered":"https:\/\/www.multicasa.com.br\/inicio\/?post_type=product&#038;p=18868"},"modified":"2026-02-19T11:18:56","modified_gmt":"2026-02-19T15:18:56","slug":"ventilador-3p-twister-130w-127v-bc","status":"publish","type":"product","link":"https:\/\/www.multicasa.com.br\/inicio\/produto\/ventilador-3p-twister-130w-127v-bc\/","title":{"rendered":"Ventilador 3P Twister 130W 127V Bc"},"content":{"rendered":"<p>Os ventiladores Venti-Delta acompanham as tend\u00eancias de decora\u00e7\u00f5es somando um toque de beleza e eleg\u00e2ncia, sendo pe\u00e7as indispens\u00e1veis para decora\u00e7\u00e3o e ventila\u00e7\u00e3o de qualquer ambiente. O Ventilador de Teto Venti-Delta Twister com Lustre e 3 Velocidades ? Branco \u00e9 perfeito para os dias de calor intenso, al\u00e9m de silencioso, possui uma velocidade que garante a ventila\u00e7\u00e3o perfeita. Este aparelho conta com o fluxo de ar ideal para proporcionar momentos agrad\u00e1veis.<\/p>\n","protected":false},"excerpt":{"rendered":"<h4 style=\"margin: 0px;padding: 0px 0px 16px;font-family: Lato, sans-serif;font-weight: bold;line-height: 3rem;color: var(--dark-grey3);font-size: 22px;font-style: normal;letter-spacing: normal;text-align: start;text-indent: 0px;text-transform: none\">Informa\u00e7\u00f5es t\u00e9cnicas<\/h4>\n<p><span style=\"margin: 0px;padding: 0px;font-weight: 450;font-size: 14px;line-height: 21px;color: var(--dark-grey2);font-family: Lato, sans-serif;font-style: normal;letter-spacing: normal;text-align: start;text-indent: 0px;text-transform: none\">Produto: VENTILADOR 3P TWISTER 130W 127V BC<br \/>\nMarca: VENTIDELTA<br \/>\nCor: Branco<\/p>\n<p>Caracteristicas:<br \/>\n&#8211; Tens\u00e3o: 110V ou 220V (n\u00e3o \u00e9 Bivolt) &#8211; Verificar a voltagem desejada antes de finalizar a compra;<br \/>\n&#8211; Pot\u00eancia (w): 130W;<br \/>\n&#8211; Frequ\u00eancia: 60 Hz;<br \/>\n&#8211; Cor: Branco;<br \/>\n&#8211; Di\u00e2metro da h\u00e9lice: 110cm;<br \/>\n&#8211; Consumo de Energia (kW\/h): 0,08 kW\/h;<br \/>\n&#8211; Quantidade de p\u00e1s: 3 p\u00e1s;<br \/>\n&#8211; N\u00famero de Velocidades: 3 velocidades;<br \/>\n&#8211; Timer: N\u00e3o;<br \/>\n&#8211; Lustre: Sim;<br \/>\n&#8211; Controles: Na parede;<br \/>\n&#8211; Controle remoto: N\u00e3o.<\/span><\/p>\n","protected":false},"featured_media":18885,"template":"","meta":{"_joinchat":[]},"product_brand":[],"product_cat":[160],"product_tag":[],"class_list":{"0":"post-18868","1":"product","2":"type-product","3":"status-publish","4":"has-post-thumbnail","6":"product_cat-ventiladores-decorativos","8":"first","9":"instock","10":"shipping-taxable","11":"purchasable","12":"product-type-simple"},"_links":{"self":[{"href":"https:\/\/www.multicasa.com.br\/inicio\/wp-json\/wp\/v2\/product\/18868","targetHints":{"allow":["GET"]}}],"collection":[{"href":"https:\/\/www.multicasa.com.br\/inicio\/wp-json\/wp\/v2\/product"}],"about":[{"href":"https:\/\/www.multicasa.com.br\/inicio\/wp-json\/wp\/v2\/types\/product"}],"wp:featuredmedia":[{"embeddable":true,"href":"https:\/\/www.multicasa.com.br\/inicio\/wp-json\/wp\/v2\/media\/18885"}],"wp:attachment":[{"href":"https:\/\/www.multicasa.com.br\/inicio\/wp-json\/wp\/v2\/media?parent=18868"}],"wp:term":[{"taxonomy":"product_brand","embeddable":true,"href":"https:\/\/www.multicasa.com.br\/inicio\/wp-json\/wp\/v2\/product_brand?post=18868"},{"taxonomy":"product_cat","embeddable":true,"href":"https:\/\/www.multicasa.com.br\/inicio\/wp-json\/wp\/v2\/product_cat?post=18868"},{"taxonomy":"product_tag","embeddable":true,"href":"https:\/\/www.multicasa.com.br\/inicio\/wp-json\/wp\/v2\/product_tag?post=18868"}],"curies":[{"name":"wp","href":"https:\/\/api.w.org\/{rel}","templated":true}]}}