{"id":18871,"date":"2025-06-20T19:38:57","date_gmt":"2025-06-20T23:38:57","guid":{"rendered":"https:\/\/www.multicasa.com.br\/inicio\/?post_type=product&#038;p=18871"},"modified":"2025-06-23T10:19:14","modified_gmt":"2025-06-23T14:19:14","slug":"mangueira-antitorcao-1-2x2mm-vermelha-tramontina","status":"publish","type":"product","link":"https:\/\/www.multicasa.com.br\/inicio\/produto\/mangueira-antitorcao-1-2x2mm-vermelha-tramontina\/","title":{"rendered":"Mangueira Antitorcao 1\/2X2Mm Vermelha Tramontina"},"content":{"rendered":"<p>A mangueira NTS\u00ae 1\/2&#8243; antitor\u00e7\u00e3o vermelha em PVC 4 camadas 30m com engates r\u00e1pidos e esguicho \u00e9 pensada para levar cuidado e bem-estar para o seu dia-a-dia. Perfeita para os cuidados de hortas e jardins, ela \u00e9 produzida em PVC, material que garante flexibilidade e resist\u00eancia. Ela ainda possui sistema NTS\u00ae Antitor\u00e7\u00e3o, tecnologia que n\u00e3o torce nem dobra o produto, permitindo fluxo de \u00e1gua constante e possibilita um uso mais \u00e1gil e confort\u00e1vel. \u00c9 ainda f\u00e1cil de enrolar e guardar. \u00c9 uma mangueira de 30 metros de comprimento que atinge os pontos mas dif\u00edceis na hora de irrigar seu jardim. Acompanha um esguicho com jato regul\u00e1vel, dois engates r\u00e1pidos e um adaptador f\u00eamea com rosca de 3\/4 polegadas e redu\u00e7\u00e3o de 1\/2 polegadas.<\/p>\n","protected":false},"excerpt":{"rendered":"<h4 style=\"margin: 0px;padding: 0px 0px 16px;font-family: Lato, sans-serif;font-weight: bold;line-height: 3rem;color: var(--dark-grey3);font-size: 22px;font-style: normal;letter-spacing: normal;text-align: start;text-indent: 0px;text-transform: none\">Informa\u00e7\u00f5es t\u00e9cnicas<\/h4>\n<p><span style=\"margin: 0px;padding: 0px;font-weight: 450;font-size: 14px;line-height: 21px;color: var(--dark-grey2);font-family: Lato, sans-serif;font-style: normal;letter-spacing: normal;text-align: start;text-indent: 0px;text-transform: none\">Produto:MANGUEIRA ANTITORCAO 1\/2X2MM VERMELHA<br \/>\nMarca: TRAMONTINA<\/p>\n<p>Caracteristicas:<br \/>\n&#8211; N\u00e3o torce e n\u00e3o dobra &#8211; permitindo fluxo de \u00e1gua constante e \u00e9 facil de enrolar;<br \/>\n&#8211; Possui prote\u00e7\u00e3o antialgas;<br \/>\n&#8211; Mangueira com alta resist\u00eancia e flexibilidade, com sistema patenteado antitor\u00e7\u00e3o &#8211; NTS\u00ae;<br \/>\n&#8211; Possui 30 metros de comprimento;<br \/>\n&#8211; Recomendada para situa\u00e7\u00f5es de uso com press\u00e3o da \u00e1gua de at\u00e9 18 bar [261 psi] e temperatura de 50 \u00b0C;<br \/>\n&#8211; Possui 4 camadas distintas para assegurar grande resist\u00eancia: camada interna (com prote\u00e7\u00e3o anti-algas), segunda Camada interna, refor\u00e7o t\u00eaxtil e capa externa;<br \/>\n&#8211; Acompanha 01 esguicho com jato regul\u00e1vel, 02 engates r\u00e1pidos e 01 adaptador f\u00eamea com rosca de 3\/4&#8243; e redu\u00e7\u00e3o de 1\/2&#8243;;<br \/>\n&#8211; O esguicho possui pr\u00e1tico sistema de regulagem do fluxo d\u00e1gua atrav\u00e9s do regulador frontal;<br \/>\n&#8211; O esguicho \u00e9 conectado em mangueiras de 1\/2&#8243;, 5\/8&#8243; e 3\/4&#8243; atrav\u00e9s de sistema de engate r\u00e1pido.<\/span><\/p>\n","protected":false},"featured_media":25517,"template":"","meta":{"_joinchat":[]},"product_brand":[],"product_cat":[76],"product_tag":[],"class_list":{"0":"post-18871","1":"product","2":"type-product","3":"status-publish","4":"has-post-thumbnail","6":"product_cat-jardinagem","8":"first","9":"outofstock","10":"shipping-taxable","11":"product-type-simple"},"_links":{"self":[{"href":"https:\/\/www.multicasa.com.br\/inicio\/wp-json\/wp\/v2\/product\/18871","targetHints":{"allow":["GET"]}}],"collection":[{"href":"https:\/\/www.multicasa.com.br\/inicio\/wp-json\/wp\/v2\/product"}],"about":[{"href":"https:\/\/www.multicasa.com.br\/inicio\/wp-json\/wp\/v2\/types\/product"}],"wp:featuredmedia":[{"embeddable":true,"href":"https:\/\/www.multicasa.com.br\/inicio\/wp-json\/wp\/v2\/media\/25517"}],"wp:attachment":[{"href":"https:\/\/www.multicasa.com.br\/inicio\/wp-json\/wp\/v2\/media?parent=18871"}],"wp:term":[{"taxonomy":"product_brand","embeddable":true,"href":"https:\/\/www.multicasa.com.br\/inicio\/wp-json\/wp\/v2\/product_brand?post=18871"},{"taxonomy":"product_cat","embeddable":true,"href":"https:\/\/www.multicasa.com.br\/inicio\/wp-json\/wp\/v2\/product_cat?post=18871"},{"taxonomy":"product_tag","embeddable":true,"href":"https:\/\/www.multicasa.com.br\/inicio\/wp-json\/wp\/v2\/product_tag?post=18871"}],"curies":[{"name":"wp","href":"https:\/\/api.w.org\/{rel}","templated":true}]}}