{"id":18874,"date":"2025-06-20T19:38:58","date_gmt":"2025-06-20T23:38:58","guid":{"rendered":"https:\/\/www.multicasa.com.br\/inicio\/?post_type=product&#038;p=18874"},"modified":"2025-07-01T12:42:15","modified_gmt":"2025-07-01T16:42:15","slug":"antena-digital-interna-ai-920-indusat-5m","status":"publish","type":"product","link":"https:\/\/www.multicasa.com.br\/inicio\/produto\/antena-digital-interna-ai-920-indusat-5m\/","title":{"rendered":"Antena Digital Interna AI-920 Indusat 5m"},"content":{"rendered":"<p>A antena digital AI-920 da Indusat \u00e9 ideal pra voc\u00ea que deseja otmizar o espa\u00e7o e ter um visual clean para o seu televisor e sala de estar. Possu\u00ed vantagens como a capta\u00e7\u00e3o dos sinais VHF, UHF e HDTV, \u00e9 compat\u00edvel com todos os modelos de televisores e conversores do mercado, inclusive TV\u0092s de tubo. Desenvolvida em polietileno de alta resist\u00eancia, acompanha cabo coaxial de 5 metros. Base com im\u00e3 para fixa\u00e7\u00e3o, podendo ser utilizada na posi\u00e7\u00e3o vertical e horizontal.<\/p>\n","protected":false},"excerpt":{"rendered":"<h4 style=\"margin: 0px;padding: 0px 0px 16px;font-family: Lato, sans-serif;font-weight: bold;line-height: 3rem;color: var(--dark-grey3);font-size: 22px;font-style: normal;letter-spacing: normal;text-align: start;text-indent: 0px;text-transform: none\">Informa\u00e7\u00f5es t\u00e9cnicas<\/h4>\n<p><span style=\"margin: 0px;padding: 0px;font-weight: 450;font-size: 14px;line-height: 21px;color: var(--dark-grey2);font-family: Lato, sans-serif;font-style: normal;letter-spacing: normal;text-align: start;text-indent: 0px;text-transform: none\">Produto: Antena<br \/>\nTipo: Digital<br \/>\nMarca: Indusat<br \/>\nModelo: AI-920<br \/>\nCor: Preto<br \/>\nCaracter\u00edsticas: Super compacta, capta sinais VHF, UHF e HDTV, pronta para instalar, compat\u00edvel com todos os modelos de televisores e conversores do mercado, inclusive TV\u0092s de tubo, desenvolvida em polietileno de alta resist\u00eancia, base com  im\u00e3 para fixa\u00e7\u00e3o, podendo ser utilizada na posi\u00e7\u00e3o vertical e horizontal.<br \/>\nFrequ\u00eancia: 45-862 MHz<br \/>\nImped\u00e2ncia: 75 Ohms<br \/>\nFaixas do sintonizador UHF \/ VHF \/ HDTV<br \/>\nItens inclusos: 1 Antena + Cabo 5 Metros<br \/>\nDimens\u00f5es do produto (A X L X P): 20 x 7 x 7 cm<br \/>\nCabo &#8211; 5 metros<\/span><\/p>\n","protected":false},"featured_media":27206,"template":"","meta":{"_joinchat":[]},"product_brand":[],"product_cat":[150],"product_tag":[],"class_list":{"0":"post-18874","1":"product","2":"type-product","3":"status-publish","4":"has-post-thumbnail","6":"product_cat-antenas-e-cia","8":"first","9":"outofstock","10":"shipping-taxable","11":"product-type-simple"},"_links":{"self":[{"href":"https:\/\/www.multicasa.com.br\/inicio\/wp-json\/wp\/v2\/product\/18874","targetHints":{"allow":["GET"]}}],"collection":[{"href":"https:\/\/www.multicasa.com.br\/inicio\/wp-json\/wp\/v2\/product"}],"about":[{"href":"https:\/\/www.multicasa.com.br\/inicio\/wp-json\/wp\/v2\/types\/product"}],"wp:featuredmedia":[{"embeddable":true,"href":"https:\/\/www.multicasa.com.br\/inicio\/wp-json\/wp\/v2\/media\/27206"}],"wp:attachment":[{"href":"https:\/\/www.multicasa.com.br\/inicio\/wp-json\/wp\/v2\/media?parent=18874"}],"wp:term":[{"taxonomy":"product_brand","embeddable":true,"href":"https:\/\/www.multicasa.com.br\/inicio\/wp-json\/wp\/v2\/product_brand?post=18874"},{"taxonomy":"product_cat","embeddable":true,"href":"https:\/\/www.multicasa.com.br\/inicio\/wp-json\/wp\/v2\/product_cat?post=18874"},{"taxonomy":"product_tag","embeddable":true,"href":"https:\/\/www.multicasa.com.br\/inicio\/wp-json\/wp\/v2\/product_tag?post=18874"}],"curies":[{"name":"wp","href":"https:\/\/api.w.org\/{rel}","templated":true}]}}