{"id":18896,"date":"2025-06-20T19:39:20","date_gmt":"2025-06-20T23:39:20","guid":{"rendered":"https:\/\/www.multicasa.com.br\/inicio\/?post_type=product&#038;p=18896"},"modified":"2025-06-20T19:39:30","modified_gmt":"2025-06-20T23:39:30","slug":"luva-descartavel-de-latex-tamanho-m-limppano-10-unidades","status":"publish","type":"product","link":"https:\/\/www.multicasa.com.br\/inicio\/produto\/luva-descartavel-de-latex-tamanho-m-limppano-10-unidades\/","title":{"rendered":"Luva Descart\u00e1vel de Lat\u00e9x Tamanho M Limppano 10 Unidades"},"content":{"rendered":"<p>A Luva Descart\u00e1vel de Lat\u00e9x da Limppano \u00e9 ideal para manusear alimentos e fazer tarefas dom\u00e9sticas preservando as m\u00e3os e evitando o contato direto com produtos de limpeza. Luvas finas para utiliza\u00e7\u00e3o em atividades que possibilite prote\u00e7\u00e3o com maior tato como utiliza\u00e7\u00e3o no trato de pets, manicure,etc. S\u00e3o 10 unidades de luvas descart\u00e1veis dispon\u00edvel no tamanho M.<\/p>\n","protected":false},"excerpt":{"rendered":"<h4 style=\"margin: 0px;padding: 0px 0px 16px;font-family: Lato, sans-serif;font-weight: bold;line-height: 3rem;color: var(--dark-grey3);font-size: 22px;font-style: normal;letter-spacing: normal;text-align: start;text-indent: 0px;text-transform: none\">Informa\u00e7\u00f5es t\u00e9cnicas<\/h4>\n<p><span style=\"margin: 0px;padding: 0px;font-weight: 450;font-size: 14px;line-height: 21px;color: var(--dark-grey2);font-family: Lato, sans-serif;font-style: normal;letter-spacing: normal;text-align: start;text-indent: 0px;text-transform: none\">Produto: Luva Descart\u00e1vel<br \/>\nMarca: Limppano<br \/>\nMaterial: Lat\u00e9x                                                                                                                                            Caracter\u00edsticas: Luva fina, multiuso, tamanho M<br \/>\nCor: Branco<br \/>\nItens Inclusos: 10 luvas<br \/>\nDimens\u00f5es do produto (A X L X P): 2 x 13 x 27cm<br \/>\nPeso: 0,059kg<\/span><\/p>\n","protected":false},"featured_media":18924,"template":"","meta":{"_joinchat":[]},"product_brand":[],"product_cat":[96],"product_tag":[],"class_list":{"0":"post-18896","1":"product","2":"type-product","3":"status-publish","4":"has-post-thumbnail","6":"product_cat-limpeza-e-cia","8":"first","9":"outofstock","10":"shipping-taxable","11":"product-type-simple"},"_links":{"self":[{"href":"https:\/\/www.multicasa.com.br\/inicio\/wp-json\/wp\/v2\/product\/18896","targetHints":{"allow":["GET"]}}],"collection":[{"href":"https:\/\/www.multicasa.com.br\/inicio\/wp-json\/wp\/v2\/product"}],"about":[{"href":"https:\/\/www.multicasa.com.br\/inicio\/wp-json\/wp\/v2\/types\/product"}],"wp:featuredmedia":[{"embeddable":true,"href":"https:\/\/www.multicasa.com.br\/inicio\/wp-json\/wp\/v2\/media\/18924"}],"wp:attachment":[{"href":"https:\/\/www.multicasa.com.br\/inicio\/wp-json\/wp\/v2\/media?parent=18896"}],"wp:term":[{"taxonomy":"product_brand","embeddable":true,"href":"https:\/\/www.multicasa.com.br\/inicio\/wp-json\/wp\/v2\/product_brand?post=18896"},{"taxonomy":"product_cat","embeddable":true,"href":"https:\/\/www.multicasa.com.br\/inicio\/wp-json\/wp\/v2\/product_cat?post=18896"},{"taxonomy":"product_tag","embeddable":true,"href":"https:\/\/www.multicasa.com.br\/inicio\/wp-json\/wp\/v2\/product_tag?post=18896"}],"curies":[{"name":"wp","href":"https:\/\/api.w.org\/{rel}","templated":true}]}}