{"id":18899,"date":"2025-06-20T19:39:21","date_gmt":"2025-06-20T23:39:21","guid":{"rendered":"https:\/\/www.multicasa.com.br\/inicio\/?post_type=product&#038;p=18899"},"modified":"2025-07-01T13:52:09","modified_gmt":"2025-07-01T17:52:09","slug":"garrafa-tumbler-termica-flip-straw-887ml-stanley","status":"publish","type":"product","link":"https:\/\/www.multicasa.com.br\/inicio\/produto\/garrafa-tumbler-termica-flip-straw-887ml-stanley\/","title":{"rendered":"Garrafa\/ Tumbler T\u00e9rmica Flip Straw 887ml Stanley"},"content":{"rendered":"<p>Com apenas um flip, voc\u00ea poder\u00e1 consumir mais de 800ml de bebida gelada enquanto descobre lugares maravilhosos e coleciona momentos inesquec\u00edveis com o seu Tumbler T\u00e9rmico Flip Straw Stanley 887ml. <\/p>\n","protected":false},"excerpt":{"rendered":"<h4 style=\"margin: 0px;padding: 0px 0px 16px;font-family: Lato, sans-serif;font-weight: bold;line-height: 3rem;color: var(--dark-grey3);font-size: 22px;font-style: normal;letter-spacing: normal;text-align: start;text-indent: 0px;text-transform: none\">Informa\u00e7\u00f5es t\u00e9cnicas<\/h4>\n<p><span style=\"margin: 0px;padding: 0px;font-weight: 450;font-size: 14px;line-height: 21px;color: var(--dark-grey2);font-family: Lato, sans-serif;font-style: normal;letter-spacing: normal;text-align: start;text-indent: 0px;text-transform: none\">Mant\u00e9m sua bebida gelada por at\u00e9 12 horas.<\/p>\n<p>Volume: 887ml<\/p>\n<p>Peso: 598g<\/p>\n<p>Comprimento: 10,4cm<\/p>\n<p>Largura: 10,1cm<\/span><\/p>\n","protected":false},"featured_media":27329,"template":"","meta":{"_joinchat":[]},"product_brand":[],"product_cat":[136],"product_tag":[],"class_list":{"0":"post-18899","1":"product","2":"type-product","3":"status-publish","4":"has-post-thumbnail","6":"product_cat-lazer","8":"first","9":"outofstock","10":"shipping-taxable","11":"product-type-simple"},"_links":{"self":[{"href":"https:\/\/www.multicasa.com.br\/inicio\/wp-json\/wp\/v2\/product\/18899","targetHints":{"allow":["GET"]}}],"collection":[{"href":"https:\/\/www.multicasa.com.br\/inicio\/wp-json\/wp\/v2\/product"}],"about":[{"href":"https:\/\/www.multicasa.com.br\/inicio\/wp-json\/wp\/v2\/types\/product"}],"wp:featuredmedia":[{"embeddable":true,"href":"https:\/\/www.multicasa.com.br\/inicio\/wp-json\/wp\/v2\/media\/27329"}],"wp:attachment":[{"href":"https:\/\/www.multicasa.com.br\/inicio\/wp-json\/wp\/v2\/media?parent=18899"}],"wp:term":[{"taxonomy":"product_brand","embeddable":true,"href":"https:\/\/www.multicasa.com.br\/inicio\/wp-json\/wp\/v2\/product_brand?post=18899"},{"taxonomy":"product_cat","embeddable":true,"href":"https:\/\/www.multicasa.com.br\/inicio\/wp-json\/wp\/v2\/product_cat?post=18899"},{"taxonomy":"product_tag","embeddable":true,"href":"https:\/\/www.multicasa.com.br\/inicio\/wp-json\/wp\/v2\/product_tag?post=18899"}],"curies":[{"name":"wp","href":"https:\/\/api.w.org\/{rel}","templated":true}]}}