{"id":18900,"date":"2025-06-20T19:39:21","date_gmt":"2025-06-20T23:39:21","guid":{"rendered":"https:\/\/www.multicasa.com.br\/inicio\/?post_type=product&#038;p=18900"},"modified":"2025-08-18T02:23:24","modified_gmt":"2025-08-18T06:23:24","slug":"copo-termico-inox-hammertone-473ml-stanley","status":"publish","type":"product","link":"https:\/\/www.multicasa.com.br\/inicio\/produto\/copo-termico-inox-hammertone-473ml-stanley\/","title":{"rendered":"Copo T\u00e9rmico Inox Hammertone 473ml Stanley"},"content":{"rendered":"<p>Preserva o estilo aventureiro, mas sem abrir m\u00e3o da descontra\u00e7\u00e3o? Parab\u00e9ns, porque fizemos este Copo T\u00e9rmico de Cerveja Stanley pensando em voc\u00ea! Resistente, dur\u00e1vel e atemporal, com preserva\u00e7\u00e3o t\u00e9rmica de at\u00e9 4 horas, parede dupla com isolamento a v\u00e1cuo. Saboreie sua cerveja gelada at\u00e9 o \u00faltimo gole.<\/p>\n","protected":false},"excerpt":{"rendered":"<h4 style=\"margin: 0px;padding: 0px 0px 16px;font-family: Lato, sans-serif;font-weight: bold;line-height: 3rem;color: var(--dark-grey3);font-size: 22px;font-style: normal;letter-spacing: normal;text-align: start;text-indent: 0px;text-transform: none\">Informa\u00e7\u00f5es t\u00e9cnicas<\/h4>\n<p><span style=\"margin: 0px;padding: 0px;font-weight: 450;font-size: 14px;line-height: 21px;color: var(--dark-grey2);font-family: Lato, sans-serif;font-style: normal;letter-spacing: normal;text-align: start;text-indent: 0px;text-transform: none\">\u0095 Parede dupla com isolamento a v\u00e1cuo.<br \/>\n\u0095 Bebida gelada por 4 horas.<br \/>\n\u0095 N\u00e3o sua por fora.<br \/>\nPeso: aproximadamente 0,220kg<br \/>\nComprimento: 8,70cm<br \/>\nLargura: 8,70cm<br \/>\nAltura: 14,60cm<br \/>\nTipo: Sem tampa<\/span><\/p>\n","protected":false},"featured_media":25019,"template":"","meta":{"_joinchat":[]},"product_brand":[],"product_cat":[136],"product_tag":[],"class_list":{"0":"post-18900","1":"product","2":"type-product","3":"status-publish","4":"has-post-thumbnail","6":"product_cat-lazer","8":"first","9":"outofstock","10":"shipping-taxable","11":"purchasable","12":"product-type-simple"},"_links":{"self":[{"href":"https:\/\/www.multicasa.com.br\/inicio\/wp-json\/wp\/v2\/product\/18900","targetHints":{"allow":["GET"]}}],"collection":[{"href":"https:\/\/www.multicasa.com.br\/inicio\/wp-json\/wp\/v2\/product"}],"about":[{"href":"https:\/\/www.multicasa.com.br\/inicio\/wp-json\/wp\/v2\/types\/product"}],"wp:featuredmedia":[{"embeddable":true,"href":"https:\/\/www.multicasa.com.br\/inicio\/wp-json\/wp\/v2\/media\/25019"}],"wp:attachment":[{"href":"https:\/\/www.multicasa.com.br\/inicio\/wp-json\/wp\/v2\/media?parent=18900"}],"wp:term":[{"taxonomy":"product_brand","embeddable":true,"href":"https:\/\/www.multicasa.com.br\/inicio\/wp-json\/wp\/v2\/product_brand?post=18900"},{"taxonomy":"product_cat","embeddable":true,"href":"https:\/\/www.multicasa.com.br\/inicio\/wp-json\/wp\/v2\/product_cat?post=18900"},{"taxonomy":"product_tag","embeddable":true,"href":"https:\/\/www.multicasa.com.br\/inicio\/wp-json\/wp\/v2\/product_tag?post=18900"}],"curies":[{"name":"wp","href":"https:\/\/api.w.org\/{rel}","templated":true}]}}