{"id":18903,"date":"2025-06-20T19:39:22","date_gmt":"2025-06-20T23:39:22","guid":{"rendered":"https:\/\/www.multicasa.com.br\/inicio\/?post_type=product&#038;p=18903"},"modified":"2025-06-23T10:46:57","modified_gmt":"2025-06-23T14:46:57","slug":"ventilador-teto-air-gold-dourado-opus","status":"publish","type":"product","link":"https:\/\/www.multicasa.com.br\/inicio\/produto\/ventilador-teto-air-gold-dourado-opus\/","title":{"rendered":"Ventilador Teto Air Gold Dourado Opus"},"content":{"rendered":"<p>Transforme seu espa\u00e7o em um o\u00e1sis de frescor e eleg\u00e2ncia com o Plafon Air Sagitta! Com sua fun\u00e7\u00e3o de ventilador de 4 p\u00e1s, ele proporciona uma brisa suave e refrescante, ideal para os dias mais quentes. Com controle remoto incluso, voc\u00ea pode ajustar facilmente a velocidade do ventilador e a intensidade da luz. Com o LED multicor, crie ambientes acolhedores e personalizados. O design branco com detalhe em acr\u00edlico adiciona um toque de sofistica\u00e7\u00e3o \u00e0 sua decora\u00e7\u00e3o. Desfrute do conforto, da ilumina\u00e7\u00e3o e do estilo impec\u00e1vel do Plafon Air Gold Dourado em seu lar.<\/p>\n","protected":false},"excerpt":{"rendered":"<h4 style=\"margin: 0px;padding: 0px 0px 16px;font-family: Lato, sans-serif;font-weight: bold;line-height: 3rem;color: var(--dark-grey3);font-size: 22px;font-style: normal;letter-spacing: normal;text-align: start;text-indent: 0px;text-transform: none\">Informa\u00e7\u00f5es t\u00e9cnicas<\/h4>\n<p><span style=\"margin: 0px;padding: 0px;font-weight: 450;font-size: 14px;line-height: 21px;color: var(--dark-grey2);font-family: Lato, sans-serif;font-style: normal;letter-spacing: normal;text-align: start;text-indent: 0px;text-transform: none\">Tens\u00e3o: 100-240V<br \/>\n\u00c1rea de ventila\u00e7\u00e3o: 20m2<br \/>\nRPM: 230<br \/>\nDi\u00e2metro desligado: 460mm<br \/>\nDi\u00e2metro ligado: 1060mm<br \/>\nN\u00famero de p\u00e1s: 4<br \/>\nFrequ\u00eancia: 50-60Hz<br \/>\nFator de pot\u00eancia: &gt;0.5<br \/>\nCorrente el\u00e9trica: 0.16A<br \/>\nPot\u00eancia do ventilador: M\u00e1x. 30W<br \/>\nPot\u00eancia do LED: 30W<br \/>\nTemperatura de cor: 3000K &#8211; Branco Quente\/ 4000K &#8211; Branco Neutro\/ 6500K &#8211; Branco Frio<br \/>\nCor: Branco<br \/>\nFluxo luminoso: 3000lm<br \/>\nIRC: &gt;80<br \/>\n**Controle Remoto Incluso<\/span><\/p>\n","protected":false},"featured_media":26281,"template":"","meta":{"_joinchat":[]},"product_brand":[],"product_cat":[160],"product_tag":[],"class_list":{"0":"post-18903","1":"product","2":"type-product","3":"status-publish","4":"has-post-thumbnail","6":"product_cat-ventiladores-decorativos","8":"first","9":"outofstock","10":"shipping-taxable","11":"product-type-simple"},"_links":{"self":[{"href":"https:\/\/www.multicasa.com.br\/inicio\/wp-json\/wp\/v2\/product\/18903","targetHints":{"allow":["GET"]}}],"collection":[{"href":"https:\/\/www.multicasa.com.br\/inicio\/wp-json\/wp\/v2\/product"}],"about":[{"href":"https:\/\/www.multicasa.com.br\/inicio\/wp-json\/wp\/v2\/types\/product"}],"wp:featuredmedia":[{"embeddable":true,"href":"https:\/\/www.multicasa.com.br\/inicio\/wp-json\/wp\/v2\/media\/26281"}],"wp:attachment":[{"href":"https:\/\/www.multicasa.com.br\/inicio\/wp-json\/wp\/v2\/media?parent=18903"}],"wp:term":[{"taxonomy":"product_brand","embeddable":true,"href":"https:\/\/www.multicasa.com.br\/inicio\/wp-json\/wp\/v2\/product_brand?post=18903"},{"taxonomy":"product_cat","embeddable":true,"href":"https:\/\/www.multicasa.com.br\/inicio\/wp-json\/wp\/v2\/product_cat?post=18903"},{"taxonomy":"product_tag","embeddable":true,"href":"https:\/\/www.multicasa.com.br\/inicio\/wp-json\/wp\/v2\/product_tag?post=18903"}],"curies":[{"name":"wp","href":"https:\/\/api.w.org\/{rel}","templated":true}]}}