{"id":18904,"date":"2025-06-20T19:39:22","date_gmt":"2025-06-20T23:39:22","guid":{"rendered":"https:\/\/www.multicasa.com.br\/inicio\/?post_type=product&#038;p=18904"},"modified":"2025-10-18T12:33:51","modified_gmt":"2025-10-18T16:33:51","slug":"fechadura-digital-fds50-pt","status":"publish","type":"product","link":"https:\/\/www.multicasa.com.br\/inicio\/produto\/fechadura-digital-fds50-pt\/","title":{"rendered":"FECHADURA DIGITAL FDS50 PT"},"content":{"rendered":"<p>A fechadura el\u00e9trica digital de sobrepor com cart\u00e3o RFID FDS-50 foi projetada para a instala\u00e7\u00e3o em portas que possuam espessura de 30 a 45 mm, pois o posicionamento externo evita enfraquecer a estrutura de portas de pequena espessura.<br \/>\nA fechadura el\u00e9trica digital de sobrepor com cart\u00e3o RFID FDS-50 utiliza-se do controle de acesso por cart\u00e3o de contato RFID, com capacidade para configura\u00e7\u00e3o de at\u00e9 50 cart\u00f5es.<br \/>\nEste modelo tamb\u00e9m conta com a abertura por senha, sendo poss\u00edvel configurar at\u00e9 5 senhas distintas.<br \/>\nA FDS-50 vem equipada com interface sonora e alarme contra intrusos.<br \/>\nA fechadura el\u00e9trica digital de sobrepor com cart\u00e3o RFID FDS-50 \u00e9 um modelo de simples instala\u00e7\u00e3o e configura\u00e7\u00e3o, sem deixar de lado a qualidade, tecnologia e seguran\u00e7a dos produtos Pado.<br \/>\nA fechadura el\u00e9trica digital de sobrepor com cart\u00e3o RFID FDS-50 \u00e9 uma op\u00e7\u00e3o para quem busca um produto de baixo consumo de energia.<br \/>\nSua alimenta\u00e7\u00e3o \u00e9 realizada por 4 pilhas. A FDS-50 possui face frontal e m\u00e1quina de sobrepor compostas de pol\u00edmero de engenharia.<br \/>\nGaranta seguran\u00e7a no controle de acesso da porta de sua resid\u00eancia ou empresa com o melhor custo-benef\u00edcio.<\/p>\n","protected":false},"excerpt":{"rendered":"<h4 style=\"margin: 0px;padding: 0px 0px 16px;font-family: Lato, sans-serif;font-weight: bold;line-height: 3rem;color: var(--dark-grey3);font-size: 22px;font-style: normal;letter-spacing: normal;text-align: start;text-indent: 0px;text-transform: none\">Informa\u00e7\u00f5es t\u00e9cnicas<\/h4>\n<p><span style=\"margin: 0px;padding: 0px;font-weight: 450;font-size: 14px;line-height: 21px;color: var(--dark-grey2);font-family: Lato, sans-serif;font-style: normal;letter-spacing: normal;text-align: start;text-indent: 0px;text-transform: none\">Teclado num\u00e9rico (5 senhas)<br \/>\nInterface sonora<br \/>\nAcompanha 5 cart\u00f5es de abertura<br \/>\nPonto para bateria de emerg\u00eancia 9V 50 cadastros de cart\u00e3o<br \/>\nAlimenta\u00e7\u00e3o 4 Pilhas<br \/>\nAlarme de intrusos<br \/>\nBaixo consumo de energia<br \/>\nFechadura homologada pela ANATEL<br \/>\nCertifica\u00e7\u00e3o ANATEL RFID<br \/>\nSensor de fechamento e alarme anti-arrombamento.<\/span><\/p>\n","protected":false},"featured_media":25176,"template":"","meta":{"_joinchat":[]},"product_brand":[],"product_cat":[141],"product_tag":[],"class_list":{"0":"post-18904","1":"product","2":"type-product","3":"status-publish","4":"has-post-thumbnail","6":"product_cat-marcenaria","8":"first","9":"instock","10":"shipping-taxable","11":"purchasable","12":"product-type-simple"},"_links":{"self":[{"href":"https:\/\/www.multicasa.com.br\/inicio\/wp-json\/wp\/v2\/product\/18904","targetHints":{"allow":["GET"]}}],"collection":[{"href":"https:\/\/www.multicasa.com.br\/inicio\/wp-json\/wp\/v2\/product"}],"about":[{"href":"https:\/\/www.multicasa.com.br\/inicio\/wp-json\/wp\/v2\/types\/product"}],"wp:featuredmedia":[{"embeddable":true,"href":"https:\/\/www.multicasa.com.br\/inicio\/wp-json\/wp\/v2\/media\/25176"}],"wp:attachment":[{"href":"https:\/\/www.multicasa.com.br\/inicio\/wp-json\/wp\/v2\/media?parent=18904"}],"wp:term":[{"taxonomy":"product_brand","embeddable":true,"href":"https:\/\/www.multicasa.com.br\/inicio\/wp-json\/wp\/v2\/product_brand?post=18904"},{"taxonomy":"product_cat","embeddable":true,"href":"https:\/\/www.multicasa.com.br\/inicio\/wp-json\/wp\/v2\/product_cat?post=18904"},{"taxonomy":"product_tag","embeddable":true,"href":"https:\/\/www.multicasa.com.br\/inicio\/wp-json\/wp\/v2\/product_tag?post=18904"}],"curies":[{"name":"wp","href":"https:\/\/api.w.org\/{rel}","templated":true}]}}