{"id":18910,"date":"2025-06-20T19:39:23","date_gmt":"2025-06-20T23:39:23","guid":{"rendered":"https:\/\/www.multicasa.com.br\/inicio\/?post_type=product&#038;p=18910"},"modified":"2026-03-27T15:50:07","modified_gmt":"2026-03-27T19:50:07","slug":"caixa-de-embutir-4x2-ferro-preta-arcoir","status":"publish","type":"product","link":"https:\/\/www.multicasa.com.br\/inicio\/produto\/caixa-de-embutir-4x2-ferro-preta-arcoir\/","title":{"rendered":"Caixa De Embutir 4X2 Ferro Preta Arcoir"},"content":{"rendered":"<p>A caixa de embutir 4&#215;2 serve para receber tomadas e interruptores, cujo prop\u00f3sito \u00e9 o armazenamento seguro dos fios. Ela foi desenvolvida para facilitar a vida das pessoas que trabalham com a rede el\u00e9trica ou precisam mexer nela.<\/p>\n","protected":false},"excerpt":{"rendered":"<h4 style=\"margin: 0px;padding: 0px 0px 16px;font-family: Lato, sans-serif;font-weight: bold;line-height: 3rem;color: var(--dark-grey3);font-size: 22px;font-style: normal;letter-spacing: normal;text-align: start;text-indent: 0px;text-transform: none\">Informa\u00e7\u00f5es t\u00e9cnicas<\/h4>\n<p><span style=\"margin: 0px;padding: 0px;font-weight: 450;font-size: 14px;line-height: 21px;color: var(--dark-grey2);font-family: Lato, sans-serif;font-style: normal;letter-spacing: normal;text-align: start;text-indent: 0px;text-transform: none\">Produto: CAIXA DE EMBUTIR 4X2 FERRO                                                                                                                                                                                                                                                                                                                                Marca : Ancoir                                                                                                                                                                                                                                                                                                                                                                                      Material: Ferro                                                                                                                                                                                                                                                                                                                                                                                                Cor: Preta                                                                                                                                                                                                                                                                                                                                                                                                                    Caracter\u00edsticas: armazenamento seguro dos fios                                                                                                                                                                                                                                                                                                                                                        Dimens\u00f5es: 4X2                                                                                                                                                                                                                                                                                                                                                                                                                               <\/span><\/p>\n","protected":false},"featured_media":24851,"template":"","meta":{"_joinchat":[]},"product_brand":[],"product_cat":[119],"product_tag":[],"class_list":{"0":"post-18910","1":"product","2":"type-product","3":"status-publish","4":"has-post-thumbnail","6":"product_cat-materiais-eletricos","8":"first","9":"instock","10":"shipping-taxable","11":"purchasable","12":"product-type-simple"},"_links":{"self":[{"href":"https:\/\/www.multicasa.com.br\/inicio\/wp-json\/wp\/v2\/product\/18910","targetHints":{"allow":["GET"]}}],"collection":[{"href":"https:\/\/www.multicasa.com.br\/inicio\/wp-json\/wp\/v2\/product"}],"about":[{"href":"https:\/\/www.multicasa.com.br\/inicio\/wp-json\/wp\/v2\/types\/product"}],"wp:featuredmedia":[{"embeddable":true,"href":"https:\/\/www.multicasa.com.br\/inicio\/wp-json\/wp\/v2\/media\/24851"}],"wp:attachment":[{"href":"https:\/\/www.multicasa.com.br\/inicio\/wp-json\/wp\/v2\/media?parent=18910"}],"wp:term":[{"taxonomy":"product_brand","embeddable":true,"href":"https:\/\/www.multicasa.com.br\/inicio\/wp-json\/wp\/v2\/product_brand?post=18910"},{"taxonomy":"product_cat","embeddable":true,"href":"https:\/\/www.multicasa.com.br\/inicio\/wp-json\/wp\/v2\/product_cat?post=18910"},{"taxonomy":"product_tag","embeddable":true,"href":"https:\/\/www.multicasa.com.br\/inicio\/wp-json\/wp\/v2\/product_tag?post=18910"}],"curies":[{"name":"wp","href":"https:\/\/api.w.org\/{rel}","templated":true}]}}