{"id":18917,"date":"2025-06-20T19:39:24","date_gmt":"2025-06-20T23:39:24","guid":{"rendered":"https:\/\/www.multicasa.com.br\/inicio\/?post_type=product&#038;p=18917"},"modified":"2025-12-16T18:10:33","modified_gmt":"2025-12-16T22:10:33","slug":"corrente-sem-fim-em-aco-no7-sao-raphael","status":"publish","type":"product","link":"https:\/\/www.multicasa.com.br\/inicio\/produto\/corrente-sem-fim-em-aco-no7-sao-raphael\/","title":{"rendered":"Corrente Sem Fim em A\u00e7o N\u00ba7 S\u00e3o Raphael"},"content":{"rendered":"<p>A corrente sem fim S\u00e3o Raphael \u00e9 feita em de a\u00e7o zincado e, classificada como corrente multiuso, pode ser usada em manuten\u00e7\u00f5es do dia-a-dia, port\u00f5es e portas junto do cadeado. Tem 20 metros de comprimento e seus elos medem 6,5 X 23mm<\/p>\n","protected":false},"excerpt":{"rendered":"<h4 style=\"margin: 0px;padding: 0px 0px 16px;font-family: Lato, sans-serif;font-weight: bold;line-height: 3rem;color: var(--dark-grey3);font-size: 22px;font-style: normal;letter-spacing: normal;text-align: start;text-indent: 0px;text-transform: none\">Informa\u00e7\u00f5es t\u00e9cnicas<\/h4>\n<p><span style=\"margin: 0px;padding: 0px;font-weight: 450;font-size: 14px;line-height: 21px;color: var(--dark-grey2);font-family: Lato, sans-serif;font-style: normal;letter-spacing: normal;text-align: start;text-indent: 0px;text-transform: none\">Produto: Corrente sem Fim<br \/>\nMarca: S\u00e3o Raphael<br \/>\nMaterial: A\u00e7o<br \/>\nCaracter\u00edsticas: Para cadeado N7<br \/>\nVendida por metragem necess\u00e1ria.<br \/>\nItens Inclusos: 1 Corrente para rede<br \/>\nDimens\u00f5es dos elos produto (L): 1,2 X 6,5 X 23mm<br \/>\n<\/span><\/p>\n","protected":false},"featured_media":18932,"template":"","meta":{"_joinchat":[]},"product_brand":[],"product_cat":[161],"product_tag":[],"class_list":{"0":"post-18917","1":"product","2":"type-product","3":"status-publish","4":"has-post-thumbnail","6":"product_cat-seguranca","8":"first","9":"instock","10":"shipping-taxable","11":"purchasable","12":"product-type-simple"},"_links":{"self":[{"href":"https:\/\/www.multicasa.com.br\/inicio\/wp-json\/wp\/v2\/product\/18917","targetHints":{"allow":["GET"]}}],"collection":[{"href":"https:\/\/www.multicasa.com.br\/inicio\/wp-json\/wp\/v2\/product"}],"about":[{"href":"https:\/\/www.multicasa.com.br\/inicio\/wp-json\/wp\/v2\/types\/product"}],"wp:featuredmedia":[{"embeddable":true,"href":"https:\/\/www.multicasa.com.br\/inicio\/wp-json\/wp\/v2\/media\/18932"}],"wp:attachment":[{"href":"https:\/\/www.multicasa.com.br\/inicio\/wp-json\/wp\/v2\/media?parent=18917"}],"wp:term":[{"taxonomy":"product_brand","embeddable":true,"href":"https:\/\/www.multicasa.com.br\/inicio\/wp-json\/wp\/v2\/product_brand?post=18917"},{"taxonomy":"product_cat","embeddable":true,"href":"https:\/\/www.multicasa.com.br\/inicio\/wp-json\/wp\/v2\/product_cat?post=18917"},{"taxonomy":"product_tag","embeddable":true,"href":"https:\/\/www.multicasa.com.br\/inicio\/wp-json\/wp\/v2\/product_tag?post=18917"}],"curies":[{"name":"wp","href":"https:\/\/api.w.org\/{rel}","templated":true}]}}