{"id":18938,"date":"2025-06-20T19:39:49","date_gmt":"2025-06-20T23:39:49","guid":{"rendered":"https:\/\/www.multicasa.com.br\/inicio\/?post_type=product&#038;p=18938"},"modified":"2026-04-30T16:20:13","modified_gmt":"2026-04-30T20:20:13","slug":"curva-pvc-eletroduto-90x3-4-tigre","status":"publish","type":"product","link":"https:\/\/www.multicasa.com.br\/inicio\/produto\/curva-pvc-eletroduto-90x3-4-tigre\/","title":{"rendered":"Curva Pvc Eletroduto 90X3\/4 Tigre"},"content":{"rendered":"<p>A Curva 90\u00b0 Eletroduto Rosc\u00e1vel da Tigre de 3\/4  \u00e9 de f\u00e1cil instala\u00e7\u00e3o: acoplamento sem necessidade de ferramentas; maior rapidez na montagem e desmontagem do sistema, diminuindo assim o custo de implanta\u00e7\u00e3o do sistema; por serem fabricados de PVC os tubos e conex\u00f5es t\u00eam alta resist\u00eancia \u00e0s intemp\u00e9ries e aos produtos qu\u00edmicos utilizados na fertirriga\u00e7\u00e3o;possui f\u00e1cil manuten\u00e7\u00e3o, n\u00e3o h\u00e1 perdas de tubos quando necess\u00e1rio manuten\u00e7\u00e3o corretiva, gra\u00e7as \u00e0s pontas (macho e f\u00eamea) e luva simples.<\/p>\n","protected":false},"excerpt":{"rendered":"<h4 style=\"margin: 0px;padding: 0px 0px 16px;font-family: Lato, sans-serif;font-weight: bold;line-height: 3rem;color: var(--dark-grey3);font-size: 22px;font-style: normal;letter-spacing: normal;text-align: start;text-indent: 0px;text-transform: none\">Informa\u00e7\u00f5es t\u00e9cnicas<\/h4>\n<p><span style=\"margin: 0px;padding: 0px;font-weight: 450;font-size: 14px;line-height: 21px;color: var(--dark-grey2);font-family: Lato, sans-serif;font-style: normal;letter-spacing: normal;text-align: start;text-indent: 0px;text-transform: none\">Produto: Curva 90\u00b0 Eletroduto Rosc\u00e1vel da Tigre de 3\/4<br \/>\nMaterial: PVC (Policloreto de Vinila);<br \/>\nClasse PN 80 (press\u00e3o de servi\u00e7o de 80 m.c.a);<br \/>\nComprimento de montagem de 6,0 metros;<br \/>\nComposto de PVC com propriedades anti U.V.;<br \/>\nAnel de veda\u00e7\u00e3o tipo bi-labial.<br \/>\n<\/span><\/p>\n","protected":false},"featured_media":25054,"template":"","meta":{"_joinchat":[]},"product_brand":[],"product_cat":[119],"product_tag":[],"class_list":{"0":"post-18938","1":"product","2":"type-product","3":"status-publish","4":"has-post-thumbnail","6":"product_cat-materiais-eletricos","8":"first","9":"instock","10":"shipping-taxable","11":"purchasable","12":"product-type-simple"},"_links":{"self":[{"href":"https:\/\/www.multicasa.com.br\/inicio\/wp-json\/wp\/v2\/product\/18938","targetHints":{"allow":["GET"]}}],"collection":[{"href":"https:\/\/www.multicasa.com.br\/inicio\/wp-json\/wp\/v2\/product"}],"about":[{"href":"https:\/\/www.multicasa.com.br\/inicio\/wp-json\/wp\/v2\/types\/product"}],"wp:featuredmedia":[{"embeddable":true,"href":"https:\/\/www.multicasa.com.br\/inicio\/wp-json\/wp\/v2\/media\/25054"}],"wp:attachment":[{"href":"https:\/\/www.multicasa.com.br\/inicio\/wp-json\/wp\/v2\/media?parent=18938"}],"wp:term":[{"taxonomy":"product_brand","embeddable":true,"href":"https:\/\/www.multicasa.com.br\/inicio\/wp-json\/wp\/v2\/product_brand?post=18938"},{"taxonomy":"product_cat","embeddable":true,"href":"https:\/\/www.multicasa.com.br\/inicio\/wp-json\/wp\/v2\/product_cat?post=18938"},{"taxonomy":"product_tag","embeddable":true,"href":"https:\/\/www.multicasa.com.br\/inicio\/wp-json\/wp\/v2\/product_tag?post=18938"}],"curies":[{"name":"wp","href":"https:\/\/api.w.org\/{rel}","templated":true}]}}