{"id":18939,"date":"2025-06-20T19:39:49","date_gmt":"2025-06-20T23:39:49","guid":{"rendered":"https:\/\/www.multicasa.com.br\/inicio\/?post_type=product&#038;p=18939"},"modified":"2026-04-19T14:20:09","modified_gmt":"2026-04-19T18:20:09","slug":"curva-pvc-eletroduto-90x1-tigre","status":"publish","type":"product","link":"https:\/\/www.multicasa.com.br\/inicio\/produto\/curva-pvc-eletroduto-90x1-tigre\/","title":{"rendered":"Curva Pvc Eletroduto 90X1 Tigre"},"content":{"rendered":"<p>A Curva 90\u00b0 Eletroduto Rosc\u00e1vel da Tigre de 1 \u00e9 produzida em PVC r\u00edgido (n\u00e3o propaga chama) na cor Preta e \u00e9 utilizada em obras residenciais, comerciais e at\u00e9 mesmo industriais onde \u00e9 necess\u00e1rio proteger as instala\u00e7\u00f5es el\u00e9tricas do alto esfor\u00e7o mec\u00e2nico que ocorre durante o processo de concretagem.A Tigre Tubos e Conex\u00f5es conta com solu\u00e7\u00f5es recheadas de inova\u00e7\u00e3o e qualidade.<\/p>\n","protected":false},"excerpt":{"rendered":"<h4 style=\"margin: 0px;padding: 0px 0px 16px;font-family: Lato, sans-serif;font-weight: bold;line-height: 3rem;color: var(--dark-grey3);font-size: 22px;font-style: normal;letter-spacing: normal;text-align: start;text-indent: 0px;text-transform: none\">Informa\u00e7\u00f5es t\u00e9cnicas<\/h4>\n<p><span style=\"margin: 0px;padding: 0px;font-weight: 450;font-size: 14px;line-height: 21px;color: var(--dark-grey2);font-family: Lato, sans-serif;font-style: normal;letter-spacing: normal;text-align: start;text-indent: 0px;text-transform: none\">Produto: CURVA PVC ELETRODUTO 90X1             Marca:  TIGRE            \u00c2ngulo (graus)\t90<br \/>\nBitola em Polegadas\t1<br \/>\nConte\u00fado da Embalagem\t1 Curva 90\u00b0<br \/>\nCor\tPreto<br \/>\nDimens\u00f5es Aproximadas do Produto com Embalagem (cm) &#8211; AxLxP\t3,3 x 16,5 x 16,5 cm<br \/>\nInforma\u00e7\u00f5es Adicionais\tInforma\u00e7\u00f5es e dados s\u00e3o de responsabilidade do fornecedor.<br \/>\nMarca\tTigre<br \/>\nNorma T\u00e9cnica\tNBR15465<br \/>\nPeso (kg)\t0,068<br \/>\nPossui entrada\tN\u00e3o<br \/>\nProduto\tCurva 90\u00b0 para Eletroduto Rosc\u00e1vel 1<br \/>\nRefer\u00eancia do Produto no Fornecedor\t33051905<br \/>\nTipo\tCurva<br \/>\nTipo de Material\tPVC<br \/>\nUso Indicado\tMudar de dire\u00e7\u00e3o em \u00e2ngulo de 90\u00b0<\/span><\/p>\n","protected":false},"featured_media":25053,"template":"","meta":{"_joinchat":[]},"product_brand":[],"product_cat":[119],"product_tag":[],"class_list":{"0":"post-18939","1":"product","2":"type-product","3":"status-publish","4":"has-post-thumbnail","6":"product_cat-materiais-eletricos","8":"first","9":"instock","10":"shipping-taxable","11":"purchasable","12":"product-type-simple"},"_links":{"self":[{"href":"https:\/\/www.multicasa.com.br\/inicio\/wp-json\/wp\/v2\/product\/18939","targetHints":{"allow":["GET"]}}],"collection":[{"href":"https:\/\/www.multicasa.com.br\/inicio\/wp-json\/wp\/v2\/product"}],"about":[{"href":"https:\/\/www.multicasa.com.br\/inicio\/wp-json\/wp\/v2\/types\/product"}],"wp:featuredmedia":[{"embeddable":true,"href":"https:\/\/www.multicasa.com.br\/inicio\/wp-json\/wp\/v2\/media\/25053"}],"wp:attachment":[{"href":"https:\/\/www.multicasa.com.br\/inicio\/wp-json\/wp\/v2\/media?parent=18939"}],"wp:term":[{"taxonomy":"product_brand","embeddable":true,"href":"https:\/\/www.multicasa.com.br\/inicio\/wp-json\/wp\/v2\/product_brand?post=18939"},{"taxonomy":"product_cat","embeddable":true,"href":"https:\/\/www.multicasa.com.br\/inicio\/wp-json\/wp\/v2\/product_cat?post=18939"},{"taxonomy":"product_tag","embeddable":true,"href":"https:\/\/www.multicasa.com.br\/inicio\/wp-json\/wp\/v2\/product_tag?post=18939"}],"curies":[{"name":"wp","href":"https:\/\/api.w.org\/{rel}","templated":true}]}}