{"id":18940,"date":"2025-06-20T19:39:49","date_gmt":"2025-06-20T23:39:49","guid":{"rendered":"https:\/\/www.multicasa.com.br\/inicio\/?post_type=product&#038;p=18940"},"modified":"2026-04-01T14:00:12","modified_gmt":"2026-04-01T18:00:12","slug":"disjuntor-din-caixa-moldada-3x150a-steck","status":"publish","type":"product","link":"https:\/\/www.multicasa.com.br\/inicio\/produto\/disjuntor-din-caixa-moldada-3x150a-steck\/","title":{"rendered":"Disjuntor Din Caixa Moldada  3X150A Steck"},"content":{"rendered":"<p>A Steck traz para voc\u00ea os Disjuntores Asgard, Disjuntores em Caixa Moldada com design moderno, compacto e de f\u00e1cil instala\u00e7\u00e3o de acess\u00f3rios. Disjuntores s\u00e3o dispositivos essenciais para garantir a seguran\u00e7a contra sobrecargas el\u00e9tricas ou curtos-circuitos e por isso \u00e9 ideal que tenha produtos de alta qualidade e para suprir as normas de seguran\u00e7a.<\/p>\n","protected":false},"excerpt":{"rendered":"<h4 style=\"margin: 0px;padding: 0px 0px 16px;font-family: Lato, sans-serif;font-weight: bold;line-height: 3rem;color: var(--dark-grey3);font-size: 22px;font-style: normal;letter-spacing: normal;text-align: start;text-indent: 0px;text-transform: none\">Informa\u00e7\u00f5es t\u00e9cnicas<\/h4>\n<p><span style=\"margin: 0px;padding: 0px;font-weight: 450;font-size: 14px;line-height: 21px;color: var(--dark-grey2);font-family: Lato, sans-serif;font-style: normal;letter-spacing: normal;text-align: start;text-indent: 0px;text-transform: none\">Produto: DISJUNTOR DIN CAIXA MOLDADA  3X150A        Cor: Cinza<br \/>\nDimens\u00f5es do item C x L x A        16.5 x 10.7 x 10.5 cent\u00edmetros<br \/>\nMarca: Steck<br \/>\nPeso do produto: 1540 Gramas<br \/>\nTens\u00e3o: 690<\/span><\/p>\n","protected":false},"featured_media":25066,"template":"","meta":{"_joinchat":[]},"product_brand":[],"product_cat":[119],"product_tag":[],"class_list":{"0":"post-18940","1":"product","2":"type-product","3":"status-publish","4":"has-post-thumbnail","6":"product_cat-materiais-eletricos","8":"first","9":"instock","10":"shipping-taxable","11":"purchasable","12":"product-type-simple"},"_links":{"self":[{"href":"https:\/\/www.multicasa.com.br\/inicio\/wp-json\/wp\/v2\/product\/18940","targetHints":{"allow":["GET"]}}],"collection":[{"href":"https:\/\/www.multicasa.com.br\/inicio\/wp-json\/wp\/v2\/product"}],"about":[{"href":"https:\/\/www.multicasa.com.br\/inicio\/wp-json\/wp\/v2\/types\/product"}],"wp:featuredmedia":[{"embeddable":true,"href":"https:\/\/www.multicasa.com.br\/inicio\/wp-json\/wp\/v2\/media\/25066"}],"wp:attachment":[{"href":"https:\/\/www.multicasa.com.br\/inicio\/wp-json\/wp\/v2\/media?parent=18940"}],"wp:term":[{"taxonomy":"product_brand","embeddable":true,"href":"https:\/\/www.multicasa.com.br\/inicio\/wp-json\/wp\/v2\/product_brand?post=18940"},{"taxonomy":"product_cat","embeddable":true,"href":"https:\/\/www.multicasa.com.br\/inicio\/wp-json\/wp\/v2\/product_cat?post=18940"},{"taxonomy":"product_tag","embeddable":true,"href":"https:\/\/www.multicasa.com.br\/inicio\/wp-json\/wp\/v2\/product_tag?post=18940"}],"curies":[{"name":"wp","href":"https:\/\/api.w.org\/{rel}","templated":true}]}}