{"id":18943,"date":"2025-06-20T19:39:50","date_gmt":"2025-06-20T23:39:50","guid":{"rendered":"https:\/\/www.multicasa.com.br\/inicio\/?post_type=product&#038;p=18943"},"modified":"2025-06-23T10:25:29","modified_gmt":"2025-06-23T14:25:29","slug":"perfilado-perfurado-38x38mm-ch22-eletrocalha","status":"publish","type":"product","link":"https:\/\/www.multicasa.com.br\/inicio\/produto\/perfilado-perfurado-38x38mm-ch22-eletrocalha\/","title":{"rendered":"Perfilado Perfurado 38X38Mm Ch22 Eletrocalha"},"content":{"rendered":"<p>Perfilado Refor\u00e7ado 38 mm x 38 mm, \u00e9 uma pe\u00e7a a ser utilizada na constru\u00e7\u00e3o, reformas ou amplia\u00e7\u00e3o da rede el\u00e9trica.<\/p>\n","protected":false},"excerpt":{"rendered":"<h4 style=\"margin: 0px;padding: 0px 0px 16px;font-family: Lato, sans-serif;font-weight: bold;line-height: 3rem;color: var(--dark-grey3);font-size: 22px;font-style: normal;letter-spacing: normal;text-align: start;text-indent: 0px;text-transform: none\">Informa\u00e7\u00f5es t\u00e9cnicas<\/h4>\n<p><span style=\"margin: 0px;padding: 0px;font-weight: 450;font-size: 14px;line-height: 21px;color: var(--dark-grey2);font-family: Lato, sans-serif;font-style: normal;letter-spacing: normal;text-align: start;text-indent: 0px;text-transform: none\">&#8220;Produto: PERFILADO PERFURADO 38X38MM CH22                  Produto: ELETROCALHA                Detalhes<br \/>\nEmbalagem        Amarrado<br \/>\nGarantia        INDETERMINADO<br \/>\nComprimento        300cm<br \/>\nLargura        3.8cm<\/span><\/p>\n","protected":false},"featured_media":25705,"template":"","meta":{"_joinchat":[]},"product_brand":[],"product_cat":[119],"product_tag":[],"class_list":{"0":"post-18943","1":"product","2":"type-product","3":"status-publish","4":"has-post-thumbnail","6":"product_cat-materiais-eletricos","8":"first","9":"outofstock","10":"shipping-taxable","11":"product-type-simple"},"_links":{"self":[{"href":"https:\/\/www.multicasa.com.br\/inicio\/wp-json\/wp\/v2\/product\/18943","targetHints":{"allow":["GET"]}}],"collection":[{"href":"https:\/\/www.multicasa.com.br\/inicio\/wp-json\/wp\/v2\/product"}],"about":[{"href":"https:\/\/www.multicasa.com.br\/inicio\/wp-json\/wp\/v2\/types\/product"}],"wp:featuredmedia":[{"embeddable":true,"href":"https:\/\/www.multicasa.com.br\/inicio\/wp-json\/wp\/v2\/media\/25705"}],"wp:attachment":[{"href":"https:\/\/www.multicasa.com.br\/inicio\/wp-json\/wp\/v2\/media?parent=18943"}],"wp:term":[{"taxonomy":"product_brand","embeddable":true,"href":"https:\/\/www.multicasa.com.br\/inicio\/wp-json\/wp\/v2\/product_brand?post=18943"},{"taxonomy":"product_cat","embeddable":true,"href":"https:\/\/www.multicasa.com.br\/inicio\/wp-json\/wp\/v2\/product_cat?post=18943"},{"taxonomy":"product_tag","embeddable":true,"href":"https:\/\/www.multicasa.com.br\/inicio\/wp-json\/wp\/v2\/product_tag?post=18943"}],"curies":[{"name":"wp","href":"https:\/\/api.w.org\/{rel}","templated":true}]}}