{"id":18947,"date":"2025-06-20T19:39:50","date_gmt":"2025-06-20T23:39:50","guid":{"rendered":"https:\/\/www.multicasa.com.br\/inicio\/?post_type=product&#038;p=18947"},"modified":"2026-04-24T08:20:07","modified_gmt":"2026-04-24T12:20:07","slug":"eletroduto-zincado-leve-3-4-carbinox","status":"publish","type":"product","link":"https:\/\/www.multicasa.com.br\/inicio\/produto\/eletroduto-zincado-leve-3-4-carbinox\/","title":{"rendered":"Eletroduto Zincado Leve 3\/4 Carbinox"},"content":{"rendered":"<p>O eletroduto zincado leve 3\/4 da Carbinox s\u00e3o a melhor op\u00e7\u00e3o quando existe a necessidade da condu\u00e7\u00e3o de fios el\u00e9tricos. A t\u00e9cnica de galvaniza\u00e7\u00e3o, rende ao produto uma alta resist\u00eancia \u00e0s mais diversas influ\u00eancias externas, como os choques mec\u00e2nicos, agentes qu\u00edmicos, entre outros. <\/p>\n","protected":false},"excerpt":{"rendered":"<h4 style=\"margin: 0px;padding: 0px 0px 16px;font-family: Lato, sans-serif;font-weight: bold;line-height: 3rem;color: var(--dark-grey3);font-size: 22px;font-style: normal;letter-spacing: normal;text-align: start;text-indent: 0px;text-transform: none\">Informa\u00e7\u00f5es t\u00e9cnicas<\/h4>\n<p><span style=\"margin: 0px;padding: 0px;font-weight: 450;font-size: 14px;line-height: 21px;color: var(--dark-grey2);font-family: Lato, sans-serif;font-style: normal;letter-spacing: normal;text-align: start;text-indent: 0px;text-transform: none\">Produto: ELETRODUTO ZINCADO LEVE 3\/4                                                                                                                                                                                                                                                                                                                                Marca: Carbinox                                                                                                                                                                                                                                                                                                                                                                                                 Cor: Cinza                                                                                                                                                                                                                                                                                                                                                                                                                                                                                                                                                                                                                                                                                                                                                                                                                                                                                                                                                                                                                                                                                                                                                                                                                                                                                                                                                                                                                                                                                                                                                                                                                                                                                                                                                                                                                                                                                                                                                          Material: Metal                                                                                                                                                                                                                                                                                                                                                                                                                                                  Caracter\u00edsticas: S\u00e3o indicados para instala\u00e7\u00f5es el\u00e9tricas de baixa tens\u00e3o, em edifica\u00e7\u00f5es residenciais, comerciais e industriais (embutidas ou aparentes) exclusivamente em \u00e1reas protegidas de intemp\u00e9ries.                                                                                                                                                                                                                                                                                                                                                                                                                                                                                                                                                    Comprimento: 3m <\/span><\/p>\n","protected":false},"featured_media":25104,"template":"","meta":{"_joinchat":[]},"product_brand":[],"product_cat":[119],"product_tag":[],"class_list":{"0":"post-18947","1":"product","2":"type-product","3":"status-publish","4":"has-post-thumbnail","6":"product_cat-materiais-eletricos","8":"first","9":"instock","10":"shipping-taxable","11":"purchasable","12":"product-type-simple"},"_links":{"self":[{"href":"https:\/\/www.multicasa.com.br\/inicio\/wp-json\/wp\/v2\/product\/18947","targetHints":{"allow":["GET"]}}],"collection":[{"href":"https:\/\/www.multicasa.com.br\/inicio\/wp-json\/wp\/v2\/product"}],"about":[{"href":"https:\/\/www.multicasa.com.br\/inicio\/wp-json\/wp\/v2\/types\/product"}],"wp:featuredmedia":[{"embeddable":true,"href":"https:\/\/www.multicasa.com.br\/inicio\/wp-json\/wp\/v2\/media\/25104"}],"wp:attachment":[{"href":"https:\/\/www.multicasa.com.br\/inicio\/wp-json\/wp\/v2\/media?parent=18947"}],"wp:term":[{"taxonomy":"product_brand","embeddable":true,"href":"https:\/\/www.multicasa.com.br\/inicio\/wp-json\/wp\/v2\/product_brand?post=18947"},{"taxonomy":"product_cat","embeddable":true,"href":"https:\/\/www.multicasa.com.br\/inicio\/wp-json\/wp\/v2\/product_cat?post=18947"},{"taxonomy":"product_tag","embeddable":true,"href":"https:\/\/www.multicasa.com.br\/inicio\/wp-json\/wp\/v2\/product_tag?post=18947"}],"curies":[{"name":"wp","href":"https:\/\/api.w.org\/{rel}","templated":true}]}}