{"id":18951,"date":"2025-06-20T19:39:51","date_gmt":"2025-06-20T23:39:51","guid":{"rendered":"https:\/\/www.multicasa.com.br\/inicio\/?post_type=product&#038;p=18951"},"modified":"2026-04-24T11:50:09","modified_gmt":"2026-04-24T15:50:09","slug":"fechadura-eletrica-c90-dupla-preta-hdl","status":"publish","type":"product","link":"https:\/\/www.multicasa.com.br\/inicio\/produto\/fechadura-eletrica-c90-dupla-preta-hdl\/","title":{"rendered":"Fechadura El\u00e9trica C90 Dupla Preta Hdl"},"content":{"rendered":"<p>Fechadura el\u00e9trica hdl C-90 preta, pode ser utilizada em portas de madeira ou de metal com abertura para dentro.<\/p>\n","protected":false},"excerpt":{"rendered":"<h4 style=\"margin: 0px;padding: 0px 0px 16px;font-family: Lato, sans-serif;font-weight: bold;line-height: 3rem;color: var(--dark-grey3);font-size: 22px;font-style: normal;letter-spacing: normal;text-align: start;text-indent: 0px;text-transform: none\">Informa\u00e7\u00f5es t\u00e9cnicas<\/h4>\n<p><span style=\"margin: 0px;padding: 0px;font-weight: 450;font-size: 14px;line-height: 21px;color: var(--dark-grey2);font-family: Lato, sans-serif;font-style: normal;letter-spacing: normal;text-align: start;text-indent: 0px;text-transform: none\">Produto: FECHADURA EL\u00c9TRICA C90 DUPLA PRETA    Marca: HDL<br \/>\nModelo: Fechadura C-90 Dupla<br \/>\nC\u00f3digo: 90.01.03.041<br \/>\nCor: Preta<br \/>\nAplica\u00e7\u00e3o: Portas com abertura para dentro, de metal ou madeira<br \/>\nInstala\u00e7\u00e3o: Sobreposta na porta com parafusos (acompanha gabarito com medidas)<br \/>\nAcionamento Manual: 3 Chaves para abertura atrav\u00e9s dos cilindros externo e interno<br \/>\nCilindro: Fixo com 40 mm de comprimento<br \/>\nMaterial: A\u00e7o pl\u00e1stico ABS e lat\u00e3o<br \/>\nItens inclusos: Manual, certificado de garantia, 3 chaves, Gabarito, bocal e suporte com rolete<br \/>\nAjustes: Na press\u00e3o da mola<br \/>\nFrequ\u00eancia: 50\/60 Hz<br \/>\nAlimenta\u00e7\u00e3o: 12V (TRA-400 ou sistema HDL compat\u00edvel)<br \/>\nConsumo: 15W<br \/>\nDimens\u00e3o da Embalagem: 118x103x160mm<br \/>\nPeso: 1,60Kg<\/span><\/p>\n","protected":false},"featured_media":25177,"template":"","meta":{"_joinchat":[]},"product_brand":[],"product_cat":[161],"product_tag":[],"class_list":{"0":"post-18951","1":"product","2":"type-product","3":"status-publish","4":"has-post-thumbnail","6":"product_cat-seguranca","8":"first","9":"instock","10":"shipping-taxable","11":"purchasable","12":"product-type-simple"},"_links":{"self":[{"href":"https:\/\/www.multicasa.com.br\/inicio\/wp-json\/wp\/v2\/product\/18951","targetHints":{"allow":["GET"]}}],"collection":[{"href":"https:\/\/www.multicasa.com.br\/inicio\/wp-json\/wp\/v2\/product"}],"about":[{"href":"https:\/\/www.multicasa.com.br\/inicio\/wp-json\/wp\/v2\/types\/product"}],"wp:featuredmedia":[{"embeddable":true,"href":"https:\/\/www.multicasa.com.br\/inicio\/wp-json\/wp\/v2\/media\/25177"}],"wp:attachment":[{"href":"https:\/\/www.multicasa.com.br\/inicio\/wp-json\/wp\/v2\/media?parent=18951"}],"wp:term":[{"taxonomy":"product_brand","embeddable":true,"href":"https:\/\/www.multicasa.com.br\/inicio\/wp-json\/wp\/v2\/product_brand?post=18951"},{"taxonomy":"product_cat","embeddable":true,"href":"https:\/\/www.multicasa.com.br\/inicio\/wp-json\/wp\/v2\/product_cat?post=18951"},{"taxonomy":"product_tag","embeddable":true,"href":"https:\/\/www.multicasa.com.br\/inicio\/wp-json\/wp\/v2\/product_tag?post=18951"}],"curies":[{"name":"wp","href":"https:\/\/api.w.org\/{rel}","templated":true}]}}