{"id":18954,"date":"2025-06-20T19:39:51","date_gmt":"2025-06-20T23:39:51","guid":{"rendered":"https:\/\/www.multicasa.com.br\/inicio\/?post_type=product&#038;p=18954"},"modified":"2025-12-16T18:11:32","modified_gmt":"2025-12-16T22:11:32","slug":"fita-dupla-face-com-suporte-scotch-3m-127mmx63m","status":"publish","type":"product","link":"https:\/\/www.multicasa.com.br\/inicio\/produto\/fita-dupla-face-com-suporte-scotch-3m-127mmx63m\/","title":{"rendered":"Fita Dupla Face com Suporte Scotch 3M &#8211; 12,7mmx6,3m"},"content":{"rendered":"<p>A Fita Dupla Face Scotch 3M \u00e9 excelente para colagem de cartazes, fotos e materiais leves. Tem suporte para fita que facilita o corte e n\u00e3o deixa a ponta da fita se perder e possui tecnologia photo safe que n\u00e3o agride o papel fotogr\u00e1fico. \u00c9 transparente, garantindo melhor acabamento.<\/p>\n","protected":false},"excerpt":{"rendered":"<h4 style=\"margin: 0px;padding: 0px 0px 16px;font-family: Lato, sans-serif;font-weight: bold;line-height: 3rem;color: var(--dark-grey3);font-size: 22px;font-style: normal;letter-spacing: normal;text-align: start;text-indent: 0px;text-transform: none\">Informa\u00e7\u00f5es t\u00e9cnicas<\/h4>\n<p><span style=\"margin: 0px;padding: 0px;font-weight: 450;font-size: 14px;line-height: 21px;color: var(--dark-grey2);font-family: Lato, sans-serif;font-style: normal;letter-spacing: normal;text-align: start;text-indent: 0px;text-transform: none\">Produto: Fita Dupla Face<br \/>\nMarca: 3M<br \/>\nCaracter\u00edsticas: Transparente<br \/>\nPossui suporte para fita<br \/>\nExcelente fixa\u00e7\u00e3o<br \/>\nTecnologia photo safe<br \/>\nN\u00e3o agride o papel fotogr\u00e1fico<br \/>\nItens Inclusos: 1 Fita Dupla Face<br \/>\nDimens\u00f5es do produto (A X C): 12,7mm x 6,35m<\/p>\n<p><\/span><\/p>\n","protected":false},"featured_media":18973,"template":"","meta":{"_joinchat":[]},"product_brand":[],"product_cat":[162],"product_tag":[],"class_list":{"0":"post-18954","1":"product","2":"type-product","3":"status-publish","4":"has-post-thumbnail","6":"product_cat-colas-e-cia","8":"first","9":"outofstock","10":"shipping-taxable","11":"product-type-simple"},"_links":{"self":[{"href":"https:\/\/www.multicasa.com.br\/inicio\/wp-json\/wp\/v2\/product\/18954","targetHints":{"allow":["GET"]}}],"collection":[{"href":"https:\/\/www.multicasa.com.br\/inicio\/wp-json\/wp\/v2\/product"}],"about":[{"href":"https:\/\/www.multicasa.com.br\/inicio\/wp-json\/wp\/v2\/types\/product"}],"wp:featuredmedia":[{"embeddable":true,"href":"https:\/\/www.multicasa.com.br\/inicio\/wp-json\/wp\/v2\/media\/18973"}],"wp:attachment":[{"href":"https:\/\/www.multicasa.com.br\/inicio\/wp-json\/wp\/v2\/media?parent=18954"}],"wp:term":[{"taxonomy":"product_brand","embeddable":true,"href":"https:\/\/www.multicasa.com.br\/inicio\/wp-json\/wp\/v2\/product_brand?post=18954"},{"taxonomy":"product_cat","embeddable":true,"href":"https:\/\/www.multicasa.com.br\/inicio\/wp-json\/wp\/v2\/product_cat?post=18954"},{"taxonomy":"product_tag","embeddable":true,"href":"https:\/\/www.multicasa.com.br\/inicio\/wp-json\/wp\/v2\/product_tag?post=18954"}],"curies":[{"name":"wp","href":"https:\/\/api.w.org\/{rel}","templated":true}]}}