{"id":18957,"date":"2025-06-20T19:39:52","date_gmt":"2025-06-20T23:39:52","guid":{"rendered":"https:\/\/www.multicasa.com.br\/inicio\/?post_type=product&#038;p=18957"},"modified":"2025-12-16T18:09:42","modified_gmt":"2025-12-16T22:09:42","slug":"fita-isolante-highland-3m-19mmx20m","status":"publish","type":"product","link":"https:\/\/www.multicasa.com.br\/inicio\/produto\/fita-isolante-highland-3m-19mmx20m\/","title":{"rendered":"Fita Isolante Highland 3M &#8211; 19mmx20m"},"content":{"rendered":"<p>A Fita Isolante Highland 3M \u00e9 indicada para uso industrial e geral, possui uma \u00f3tima conformabilidade e durabilidade. \u00c9 resistente a raios ultravioletas e possui excelente resist\u00eancia el\u00e9trica com tens\u00e3o m\u00e1xima recomendada de 750v, sendo indicada para diversos tipos de aplica\u00e7\u00f5es. Produzida em pvc na cor preto, com dimens\u00f5es de 19mm de largura por 20m de comprimento.<\/p>\n","protected":false},"excerpt":{"rendered":"<h4 style=\"margin: 0px;padding: 0px 0px 16px;font-family: Lato, sans-serif;font-weight: bold;line-height: 3rem;color: var(--dark-grey3);font-size: 22px;font-style: normal;letter-spacing: normal;text-align: start;text-indent: 0px;text-transform: none\">Informa\u00e7\u00f5es t\u00e9cnicas<\/h4>\n<p><span style=\"margin: 0px;padding: 0px;font-weight: 450;font-size: 14px;line-height: 21px;color: var(--dark-grey2);font-family: Lato, sans-serif;font-style: normal;letter-spacing: normal;text-align: start;text-indent: 0px;text-transform: none\">Produto: Fita Isolante<br \/>\nModelo: Highland<br \/>\nMarca: 3M<br \/>\nMaterial: Fabricada em PVC<br \/>\nCor: Preta<br \/>\nCaracter\u00edsticas: Indicada para conex\u00f5es e instala\u00e7\u00f5es el\u00e9tricas<br \/>\nTens\u00e3o m\u00e1xima recomendada 750v<br \/>\nItens inclusos: 1 Fita isolante<br \/>\nDimens\u00f5es do produto (L X C): 19mm x 20m<br \/>\n<\/span><\/p>\n","protected":false},"featured_media":18974,"template":"","meta":{"_joinchat":[]},"product_brand":[],"product_cat":[119],"product_tag":[],"class_list":{"0":"post-18957","1":"product","2":"type-product","3":"status-publish","4":"has-post-thumbnail","6":"product_cat-materiais-eletricos","8":"first","9":"outofstock","10":"shipping-taxable","11":"purchasable","12":"product-type-simple"},"_links":{"self":[{"href":"https:\/\/www.multicasa.com.br\/inicio\/wp-json\/wp\/v2\/product\/18957","targetHints":{"allow":["GET"]}}],"collection":[{"href":"https:\/\/www.multicasa.com.br\/inicio\/wp-json\/wp\/v2\/product"}],"about":[{"href":"https:\/\/www.multicasa.com.br\/inicio\/wp-json\/wp\/v2\/types\/product"}],"wp:featuredmedia":[{"embeddable":true,"href":"https:\/\/www.multicasa.com.br\/inicio\/wp-json\/wp\/v2\/media\/18974"}],"wp:attachment":[{"href":"https:\/\/www.multicasa.com.br\/inicio\/wp-json\/wp\/v2\/media?parent=18957"}],"wp:term":[{"taxonomy":"product_brand","embeddable":true,"href":"https:\/\/www.multicasa.com.br\/inicio\/wp-json\/wp\/v2\/product_brand?post=18957"},{"taxonomy":"product_cat","embeddable":true,"href":"https:\/\/www.multicasa.com.br\/inicio\/wp-json\/wp\/v2\/product_cat?post=18957"},{"taxonomy":"product_tag","embeddable":true,"href":"https:\/\/www.multicasa.com.br\/inicio\/wp-json\/wp\/v2\/product_tag?post=18957"}],"curies":[{"name":"wp","href":"https:\/\/api.w.org\/{rel}","templated":true}]}}