{"id":18986,"date":"2025-06-20T19:40:17","date_gmt":"2025-06-20T23:40:17","guid":{"rendered":"https:\/\/www.multicasa.com.br\/inicio\/?post_type=product&#038;p=18986"},"modified":"2025-06-20T19:40:49","modified_gmt":"2025-06-20T23:40:49","slug":"liquidificador-oster-3-velocidades-vermelho-600w-127v","status":"publish","type":"product","link":"https:\/\/www.multicasa.com.br\/inicio\/produto\/liquidificador-oster-3-velocidades-vermelho-600w-127v\/","title":{"rendered":"Liquidificador Oster 3 Velocidades Vermelho 600W &#8211; 127V"},"content":{"rendered":"<p>O Liquidificador Cl\u00e1ssico da Oster \u00e9 um importante aliado na cozinha que une eleg\u00e2ncia e qualidade para suas receitas ficarem prontas com muito mais agilidade. Ganhe praticidade ao otimizar processos e receitas com um liquidificador com jarra de vidro de 1,25 litros, tens\u00e3o el\u00e9trica de 127v e pot\u00eancia de 600w. Fa\u00e7a vitaminas, deliciosos frozens, diversos molhos e cremes, sucos e outras receitas. Tenha o melhor desempenho batendo frutas inteiras e at\u00e9 mesmo triturando gelo com rapidez e efici\u00eancia!<\/p>\n","protected":false},"excerpt":{"rendered":"<h4 style=\"margin: 0px;padding: 0px 0px 16px;font-family: Lato, sans-serif;font-weight: bold;line-height: 3rem;color: var(--dark-grey3);font-size: 22px;font-style: normal;letter-spacing: normal;text-align: start;text-indent: 0px;text-transform: none\">Informa\u00e7\u00f5es t\u00e9cnicas<\/h4>\n<p><span style=\"margin: 0px;padding: 0px;font-weight: 450;font-size: 14px;line-height: 21px;color: var(--dark-grey2);font-family: Lato, sans-serif;font-style: normal;letter-spacing: normal;text-align: start;text-indent: 0px;text-transform: none\">Produto: Liquidificador<br \/>\nMarca: Oster<br \/>\nMaterial: jarra em vidro<br \/>\nCor: Vermelho<br \/>\nPot\u00eancia: 600w<br \/>\nTens\u00e3o el\u00e9trica: 220v<br \/>\nCapacidade: 1,25L<br \/>\nCaracter\u00edsticas: 3 Velocidades<br \/>\nItens Inclusos: 01 liquidificador<br \/>\nDimens\u00f5es (A x L x P): 33,5 x 19,4 x 23,8cm<br \/>\nGarantia:<br \/>\nOCP: 0034<\/p>\n<p><\/span><\/p>\n","protected":false},"featured_media":19032,"template":"","meta":{"_joinchat":[]},"product_brand":[],"product_cat":[93],"product_tag":[],"class_list":{"0":"post-18986","1":"product","2":"type-product","3":"status-publish","4":"has-post-thumbnail","6":"product_cat-utensilios-para-cozinha","8":"first","9":"outofstock","10":"shipping-taxable","11":"product-type-simple"},"_links":{"self":[{"href":"https:\/\/www.multicasa.com.br\/inicio\/wp-json\/wp\/v2\/product\/18986","targetHints":{"allow":["GET"]}}],"collection":[{"href":"https:\/\/www.multicasa.com.br\/inicio\/wp-json\/wp\/v2\/product"}],"about":[{"href":"https:\/\/www.multicasa.com.br\/inicio\/wp-json\/wp\/v2\/types\/product"}],"wp:featuredmedia":[{"embeddable":true,"href":"https:\/\/www.multicasa.com.br\/inicio\/wp-json\/wp\/v2\/media\/19032"}],"wp:attachment":[{"href":"https:\/\/www.multicasa.com.br\/inicio\/wp-json\/wp\/v2\/media?parent=18986"}],"wp:term":[{"taxonomy":"product_brand","embeddable":true,"href":"https:\/\/www.multicasa.com.br\/inicio\/wp-json\/wp\/v2\/product_brand?post=18986"},{"taxonomy":"product_cat","embeddable":true,"href":"https:\/\/www.multicasa.com.br\/inicio\/wp-json\/wp\/v2\/product_cat?post=18986"},{"taxonomy":"product_tag","embeddable":true,"href":"https:\/\/www.multicasa.com.br\/inicio\/wp-json\/wp\/v2\/product_tag?post=18986"}],"curies":[{"name":"wp","href":"https:\/\/api.w.org\/{rel}","templated":true}]}}