{"id":18990,"date":"2025-06-20T19:40:18","date_gmt":"2025-06-20T23:40:18","guid":{"rendered":"https:\/\/www.multicasa.com.br\/inicio\/?post_type=product&#038;p=18990"},"modified":"2026-03-31T14:50:11","modified_gmt":"2026-03-31T18:50:11","slug":"suporte-para-micro-ondas-branco-multivisao-30-kg","status":"publish","type":"product","link":"https:\/\/www.multicasa.com.br\/inicio\/produto\/suporte-para-micro-ondas-branco-multivisao-30-kg\/","title":{"rendered":"Suporte para Micro-ondas Branco Multivis\u00e3o 30 kg"},"content":{"rendered":"<p>Otimize o espa\u00e7o da sua cozinha com o Suporte para Micro-ondas da Multivis\u00e3o. De a\u00e7o carbono e revestido com pintura epoxi branca de alt\u00edssima qualidade, esse suporte para eletrodom\u00e9stico suporta at\u00e9 30 kg e mede 13 x 48,5 x 43cm. Seus apoios de borracha antideslizantes garantem a m\u00e1xima seguran\u00e7a para o uso e sua compatibilidade vesa (horizontal x vertical) facilita na escolha de utiliza\u00e7\u00e3o, ajustando-se a sua necessidade.<\/p>\n","protected":false},"excerpt":{"rendered":"<h4 style=\"margin: 0px;padding: 0px 0px 16px;font-family: Lato, sans-serif;font-weight: bold;line-height: 3rem;color: var(--dark-grey3);font-size: 22px;font-style: normal;letter-spacing: normal;text-align: start;text-indent: 0px;text-transform: none\">Informa\u00e7\u00f5es t\u00e9cnicas<\/h4>\n<p><span style=\"margin: 0px;padding: 0px;font-weight: 450;font-size: 14px;line-height: 21px;color: var(--dark-grey2);font-family: Lato, sans-serif;font-style: normal;letter-spacing: normal;text-align: start;text-indent: 0px;text-transform: none\">Produto: Suporte para micro-ondas<br \/>\nMarca: Multivis\u00e3o<br \/>\nMaterial: A\u00e7o carbono<br \/>\nAcabamento: Pintura ep\u00f3xi<br \/>\nCor: Branco<br \/>\nCaracter\u00edsticas: Suporta at\u00e9 30kg<br \/>\nDist\u00e2ncia da parede: 43cm<br \/>\nItens Inclusos: 1 suporte para TV<br \/>\nDimens\u00f5es do produto (A X L X P): 13 x 48,5 x 43cm<br \/>\n<\/span><\/p>\n","protected":false},"featured_media":19037,"template":"","meta":{"_joinchat":[]},"product_brand":[],"product_cat":[93],"product_tag":[],"class_list":{"0":"post-18990","1":"product","2":"type-product","3":"status-publish","4":"has-post-thumbnail","6":"product_cat-utensilios-para-cozinha","8":"first","9":"instock","10":"shipping-taxable","11":"purchasable","12":"product-type-simple"},"_links":{"self":[{"href":"https:\/\/www.multicasa.com.br\/inicio\/wp-json\/wp\/v2\/product\/18990","targetHints":{"allow":["GET"]}}],"collection":[{"href":"https:\/\/www.multicasa.com.br\/inicio\/wp-json\/wp\/v2\/product"}],"about":[{"href":"https:\/\/www.multicasa.com.br\/inicio\/wp-json\/wp\/v2\/types\/product"}],"wp:featuredmedia":[{"embeddable":true,"href":"https:\/\/www.multicasa.com.br\/inicio\/wp-json\/wp\/v2\/media\/19037"}],"wp:attachment":[{"href":"https:\/\/www.multicasa.com.br\/inicio\/wp-json\/wp\/v2\/media?parent=18990"}],"wp:term":[{"taxonomy":"product_brand","embeddable":true,"href":"https:\/\/www.multicasa.com.br\/inicio\/wp-json\/wp\/v2\/product_brand?post=18990"},{"taxonomy":"product_cat","embeddable":true,"href":"https:\/\/www.multicasa.com.br\/inicio\/wp-json\/wp\/v2\/product_cat?post=18990"},{"taxonomy":"product_tag","embeddable":true,"href":"https:\/\/www.multicasa.com.br\/inicio\/wp-json\/wp\/v2\/product_tag?post=18990"}],"curies":[{"name":"wp","href":"https:\/\/api.w.org\/{rel}","templated":true}]}}