{"id":18997,"date":"2025-06-20T19:40:19","date_gmt":"2025-06-20T23:40:19","guid":{"rendered":"https:\/\/www.multicasa.com.br\/inicio\/?post_type=product&#038;p=18997"},"modified":"2025-08-17T23:54:33","modified_gmt":"2025-08-18T03:54:33","slug":"carrinho-de-compras-bag-to-go-poliester-vermelho-mor","status":"publish","type":"product","link":"https:\/\/www.multicasa.com.br\/inicio\/produto\/carrinho-de-compras-bag-to-go-poliester-vermelho-mor\/","title":{"rendered":"Carrinho de Compras Bag to Go Poli\u00e9ster Vermelho Mor"},"content":{"rendered":"<p>Com o Carrinho de compras Bag to go Mor voc\u00ea transporta todos os produtos de forma pr\u00e1tica e sem esfor\u00e7o. Ele \u00e9 pr\u00e1tico, leve, f\u00e1cil de manusear e moderno. Na cor vermelha, seu revestimento \u00e9 em um tecido resistente e imperme\u00e1vel garantindo que suas compras cheguem em perfeito estado na sua casa. Sua capacidade \u00e9 de 30kg e possui rodinhas para facilitar o transporte mesmo quando a carga for pesada. Al\u00e9m disso, voc\u00ea pode fazer suas compras no mercado ou na feira sem precisar agredir a natureza, reduzindo o uso de sacolas pl\u00e1sticas.<\/p>\n","protected":false},"excerpt":{"rendered":"<h4 style=\"margin: 0px;padding: 0px 0px 16px;font-family: Lato, sans-serif;font-weight: bold;line-height: 3rem;color: var(--dark-grey3);font-size: 22px;font-style: normal;letter-spacing: normal;text-align: start;text-indent: 0px;text-transform: none\">Informa\u00e7\u00f5es t\u00e9cnicas<\/h4>\n<p><span style=\"margin: 0px;padding: 0px;font-weight: 450;font-size: 14px;line-height: 21px;color: var(--dark-grey2);font-family: Lato, sans-serif;font-style: normal;letter-spacing: normal;text-align: start;text-indent: 0px;text-transform: none\">Produto: Carrinho<br \/>\nMarca: Mor<br \/>\nMaterial: ABS<br \/>\nA\u00e7o<br \/>\nEVA<br \/>\nPoli\u00e9ster e PVC<br \/>\nAcabamento: Imperme\u00e1vel<br \/>\nCor: Vermelho, branco<br \/>\nUso indicado: transportar compras e mercadoria<br \/>\nCapacidade: 30kg<br \/>\nItens Inclusos: 1 carrinho<br \/>\nDimens\u00f5es do produto (A x L x P): 96 x 29 x 35cm<\/span><\/p>\n","protected":false},"featured_media":19064,"template":"","meta":{"_joinchat":[]},"product_brand":[],"product_cat":[93],"product_tag":[],"class_list":{"0":"post-18997","1":"product","2":"type-product","3":"status-publish","4":"has-post-thumbnail","6":"product_cat-utensilios-para-cozinha","8":"first","9":"instock","10":"shipping-taxable","11":"purchasable","12":"product-type-simple"},"_links":{"self":[{"href":"https:\/\/www.multicasa.com.br\/inicio\/wp-json\/wp\/v2\/product\/18997","targetHints":{"allow":["GET"]}}],"collection":[{"href":"https:\/\/www.multicasa.com.br\/inicio\/wp-json\/wp\/v2\/product"}],"about":[{"href":"https:\/\/www.multicasa.com.br\/inicio\/wp-json\/wp\/v2\/types\/product"}],"wp:featuredmedia":[{"embeddable":true,"href":"https:\/\/www.multicasa.com.br\/inicio\/wp-json\/wp\/v2\/media\/19064"}],"wp:attachment":[{"href":"https:\/\/www.multicasa.com.br\/inicio\/wp-json\/wp\/v2\/media?parent=18997"}],"wp:term":[{"taxonomy":"product_brand","embeddable":true,"href":"https:\/\/www.multicasa.com.br\/inicio\/wp-json\/wp\/v2\/product_brand?post=18997"},{"taxonomy":"product_cat","embeddable":true,"href":"https:\/\/www.multicasa.com.br\/inicio\/wp-json\/wp\/v2\/product_cat?post=18997"},{"taxonomy":"product_tag","embeddable":true,"href":"https:\/\/www.multicasa.com.br\/inicio\/wp-json\/wp\/v2\/product_tag?post=18997"}],"curies":[{"name":"wp","href":"https:\/\/api.w.org\/{rel}","templated":true}]}}