{"id":19001,"date":"2025-06-20T19:40:19","date_gmt":"2025-06-20T23:40:19","guid":{"rendered":"https:\/\/www.multicasa.com.br\/inicio\/?post_type=product&#038;p=19001"},"modified":"2025-12-16T18:19:15","modified_gmt":"2025-12-16T22:19:15","slug":"cadeado-segredo-de-latao-dourado-pado-30mm","status":"publish","type":"product","link":"https:\/\/www.multicasa.com.br\/inicio\/produto\/cadeado-segredo-de-latao-dourado-pado-30mm\/","title":{"rendered":"Cadeado Segredo de Lat\u00e3o Dourado Pado 30mm"},"content":{"rendered":"<p>Trave portas, port\u00f5es, arm\u00e1rios e correntes usando o cadeado segredo de lat\u00e3o 30mm da Pado. De cor dourada, sua haste em a\u00e7o cromado garante resist\u00eancia e qualidade na hora de proporcionar seguran\u00e7a e confian\u00e7a. Al\u00e9m disso, conta com trava por combina\u00e7\u00e3o num\u00e9rica e troca de segredo.<\/p>\n","protected":false},"excerpt":{"rendered":"<h4 style=\"margin: 0px;padding: 0px 0px 16px;font-family: Lato, sans-serif;font-weight: bold;line-height: 3rem;color: var(--dark-grey3);font-size: 22px;font-style: normal;letter-spacing: normal;text-align: start;text-indent: 0px;text-transform: none\">Informa\u00e7\u00f5es t\u00e9cnicas<\/h4>\n<p><span style=\"margin: 0px;padding: 0px;font-weight: 450;font-size: 14px;line-height: 21px;color: var(--dark-grey2);font-family: Lato, sans-serif;font-style: normal;letter-spacing: normal;text-align: start;text-indent: 0px;text-transform: none\">Produto: Cadeado<br \/>\nMarca: Pado<br \/>\nMaterial: Lat\u00e3o Maci\u00e7o<br \/>\nCor: Dourado<br \/>\nCaracter\u00edsticas: Com troca de segredo num\u00e9rico<br \/>\nHaste em a\u00e7o cromado<br \/>\nTrava por combina\u00e7\u00e3o num\u00e9rica<br \/>\nItens Inclusos: 1 Cadeado<br \/>\nDimens\u00f5es (A): 30mm<br \/>\n<\/span><\/p>\n","protected":false},"featured_media":19071,"template":"","meta":{"_joinchat":[]},"product_brand":[],"product_cat":[161],"product_tag":[],"class_list":{"0":"post-19001","1":"product","2":"type-product","3":"status-publish","4":"has-post-thumbnail","6":"product_cat-seguranca","8":"first","9":"outofstock","10":"shipping-taxable","11":"product-type-simple"},"_links":{"self":[{"href":"https:\/\/www.multicasa.com.br\/inicio\/wp-json\/wp\/v2\/product\/19001","targetHints":{"allow":["GET"]}}],"collection":[{"href":"https:\/\/www.multicasa.com.br\/inicio\/wp-json\/wp\/v2\/product"}],"about":[{"href":"https:\/\/www.multicasa.com.br\/inicio\/wp-json\/wp\/v2\/types\/product"}],"wp:featuredmedia":[{"embeddable":true,"href":"https:\/\/www.multicasa.com.br\/inicio\/wp-json\/wp\/v2\/media\/19071"}],"wp:attachment":[{"href":"https:\/\/www.multicasa.com.br\/inicio\/wp-json\/wp\/v2\/media?parent=19001"}],"wp:term":[{"taxonomy":"product_brand","embeddable":true,"href":"https:\/\/www.multicasa.com.br\/inicio\/wp-json\/wp\/v2\/product_brand?post=19001"},{"taxonomy":"product_cat","embeddable":true,"href":"https:\/\/www.multicasa.com.br\/inicio\/wp-json\/wp\/v2\/product_cat?post=19001"},{"taxonomy":"product_tag","embeddable":true,"href":"https:\/\/www.multicasa.com.br\/inicio\/wp-json\/wp\/v2\/product_tag?post=19001"}],"curies":[{"name":"wp","href":"https:\/\/api.w.org\/{rel}","templated":true}]}}