{"id":19020,"date":"2025-06-20T19:40:42","date_gmt":"2025-06-20T23:40:42","guid":{"rendered":"https:\/\/www.multicasa.com.br\/inicio\/?post_type=product&#038;p=19020"},"modified":"2025-12-16T18:19:19","modified_gmt":"2025-12-16T22:19:19","slug":"moringa-de-vidro-com-copo-incolor-nadir-500ml","status":"publish","type":"product","link":"https:\/\/www.multicasa.com.br\/inicio\/produto\/moringa-de-vidro-com-copo-incolor-nadir-500ml\/","title":{"rendered":"Moringa de Vidro com Copo Incolor Nadir 500ml"},"content":{"rendered":"<p>Delicada e charmosa, a Moringa de Vidro com Copo da Nadir \u00e9 perfeita para garantir praticidade a sua vida. Ideal para manter a \u00e1gua fresca e ao alcance das m\u00e3os a qualquer momento, tem capacidade m\u00e1xima de 500ml e copo para 290ml. O vidro \u00e9 material de f\u00e1cil higieniza\u00e7\u00e3o e deixa o ambiente mais elegante.<\/p>\n","protected":false},"excerpt":{"rendered":"<h4 style=\"margin: 0px;padding: 0px 0px 16px;font-family: Lato, sans-serif;font-weight: bold;line-height: 3rem;color: var(--dark-grey3);font-size: 22px;font-style: normal;letter-spacing: normal;text-align: start;text-indent: 0px;text-transform: none\">Informa\u00e7\u00f5es t\u00e9cnicas<\/h4>\n<p><span style=\"margin: 0px;padding: 0px;font-weight: 450;font-size: 14px;line-height: 21px;color: var(--dark-grey2);font-family: Lato, sans-serif;font-style: normal;letter-spacing: normal;text-align: start;text-indent: 0px;text-transform: none\">Produto: Moringa de vidro<br \/>\nMarca: Nadir<br \/>\nMaterial: Vidro<br \/>\nCor: Incolor<br \/>\nCapacidade: Moringa &#8211; 500ml<br \/>\nCopo &#8211; 290ml<br \/>\nItens Inclusos: 1 moringa<br \/>\n1 Copo\/tampa<br \/>\nDimens\u00f5es do produto (A x L x P): 18 x 16 x 8,2cm<\/span><\/p>\n","protected":false},"featured_media":19087,"template":"","meta":{"_joinchat":[]},"product_brand":[],"product_cat":[93],"product_tag":[],"class_list":{"0":"post-19020","1":"product","2":"type-product","3":"status-publish","4":"has-post-thumbnail","6":"product_cat-utensilios-para-cozinha","8":"first","9":"outofstock","10":"shipping-taxable","11":"product-type-simple"},"_links":{"self":[{"href":"https:\/\/www.multicasa.com.br\/inicio\/wp-json\/wp\/v2\/product\/19020","targetHints":{"allow":["GET"]}}],"collection":[{"href":"https:\/\/www.multicasa.com.br\/inicio\/wp-json\/wp\/v2\/product"}],"about":[{"href":"https:\/\/www.multicasa.com.br\/inicio\/wp-json\/wp\/v2\/types\/product"}],"wp:featuredmedia":[{"embeddable":true,"href":"https:\/\/www.multicasa.com.br\/inicio\/wp-json\/wp\/v2\/media\/19087"}],"wp:attachment":[{"href":"https:\/\/www.multicasa.com.br\/inicio\/wp-json\/wp\/v2\/media?parent=19020"}],"wp:term":[{"taxonomy":"product_brand","embeddable":true,"href":"https:\/\/www.multicasa.com.br\/inicio\/wp-json\/wp\/v2\/product_brand?post=19020"},{"taxonomy":"product_cat","embeddable":true,"href":"https:\/\/www.multicasa.com.br\/inicio\/wp-json\/wp\/v2\/product_cat?post=19020"},{"taxonomy":"product_tag","embeddable":true,"href":"https:\/\/www.multicasa.com.br\/inicio\/wp-json\/wp\/v2\/product_tag?post=19020"}],"curies":[{"name":"wp","href":"https:\/\/api.w.org\/{rel}","templated":true}]}}