{"id":19023,"date":"2025-06-20T19:40:42","date_gmt":"2025-06-20T23:40:42","guid":{"rendered":"https:\/\/www.multicasa.com.br\/inicio\/?post_type=product&#038;p=19023"},"modified":"2026-04-13T11:50:21","modified_gmt":"2026-04-13T15:50:21","slug":"organizador-de-pratos-cromado-para-armario-future-12-pratos","status":"publish","type":"product","link":"https:\/\/www.multicasa.com.br\/inicio\/produto\/organizador-de-pratos-cromado-para-armario-future-12-pratos\/","title":{"rendered":"Organizador de Pratos Cromado para Arm\u00e1rio Future 12 Pratos"},"content":{"rendered":"<p>O Organizador de Pratos Future otimiza o espa\u00e7o e evita o empilhamento das lou\u00e7as. Comporta at\u00e9 12 pratos e pode ser utilizado tamb\u00e9m como escorredor de lou\u00e7a. Confeccionado em a\u00e7o cromado, possui a tecnologia Rust Free que consiste em uma camada extra de protetivo especial aplicado sobre as pe\u00e7as cromadas, resultando em uma resist\u00eancia muito maior contra ferrugem.<br \/>\nO Organizador proporciona um melhor aproveitamento de espa\u00e7os em arm\u00e1rios e facilita a organiza\u00e7\u00e3o da sua cozinha!<\/p>\n","protected":false},"excerpt":{"rendered":"<h4 style=\"margin: 0px;padding: 0px 0px 16px;font-family: Lato, sans-serif;font-weight: bold;line-height: 3rem;color: var(--dark-grey3);font-size: 22px;font-style: normal;letter-spacing: normal;text-align: start;text-indent: 0px;text-transform: none\">Informa\u00e7\u00f5es t\u00e9cnicas<\/h4>\n<p><span style=\"margin: 0px;padding: 0px;font-weight: 450;font-size: 14px;line-height: 21px;color: var(--dark-grey2);font-family: Lato, sans-serif;font-style: normal;letter-spacing: normal;text-align: start;text-indent: 0px;text-transform: none\">Produto: Organizador de pratos<br \/>\nMarca: Future<br \/>\nMaterial: A\u00e7o Inox<br \/>\nCor: Prata<br \/>\nCapacidade: 12 pratos<br \/>\nCaracter\u00edsticas: Resistente \u00e0 ferrugem<br \/>\nPode ser usado como escorredor de pratos<br \/>\nItens Inclusos: 1 Organizador de pratos<br \/>\nDimens\u00f5es do produto (A x L x P): 6 x 18,5 x 20cm<\/span><\/p>\n","protected":false},"featured_media":19089,"template":"","meta":{"_joinchat":[]},"product_brand":[],"product_cat":[93],"product_tag":[],"class_list":{"0":"post-19023","1":"product","2":"type-product","3":"status-publish","4":"has-post-thumbnail","6":"product_cat-utensilios-para-cozinha","8":"first","9":"instock","10":"shipping-taxable","11":"purchasable","12":"product-type-simple"},"_links":{"self":[{"href":"https:\/\/www.multicasa.com.br\/inicio\/wp-json\/wp\/v2\/product\/19023","targetHints":{"allow":["GET"]}}],"collection":[{"href":"https:\/\/www.multicasa.com.br\/inicio\/wp-json\/wp\/v2\/product"}],"about":[{"href":"https:\/\/www.multicasa.com.br\/inicio\/wp-json\/wp\/v2\/types\/product"}],"wp:featuredmedia":[{"embeddable":true,"href":"https:\/\/www.multicasa.com.br\/inicio\/wp-json\/wp\/v2\/media\/19089"}],"wp:attachment":[{"href":"https:\/\/www.multicasa.com.br\/inicio\/wp-json\/wp\/v2\/media?parent=19023"}],"wp:term":[{"taxonomy":"product_brand","embeddable":true,"href":"https:\/\/www.multicasa.com.br\/inicio\/wp-json\/wp\/v2\/product_brand?post=19023"},{"taxonomy":"product_cat","embeddable":true,"href":"https:\/\/www.multicasa.com.br\/inicio\/wp-json\/wp\/v2\/product_cat?post=19023"},{"taxonomy":"product_tag","embeddable":true,"href":"https:\/\/www.multicasa.com.br\/inicio\/wp-json\/wp\/v2\/product_tag?post=19023"}],"curies":[{"name":"wp","href":"https:\/\/api.w.org\/{rel}","templated":true}]}}