{"id":19024,"date":"2025-06-20T19:40:42","date_gmt":"2025-06-20T23:40:42","guid":{"rendered":"https:\/\/www.multicasa.com.br\/inicio\/?post_type=product&#038;p=19024"},"modified":"2025-06-20T19:41:52","modified_gmt":"2025-06-20T23:41:52","slug":"kit-caipirinha-euro-home-3-pecas","status":"publish","type":"product","link":"https:\/\/www.multicasa.com.br\/inicio\/produto\/kit-caipirinha-euro-home-3-pecas\/","title":{"rendered":"Kit Caipirinha Euro Home 3 Pe\u00e7as"},"content":{"rendered":"<p>Com o Kit Caipirinha Euro Home voc\u00ea consegue preparar rapidamente caipirinhas e outros drinks a base de frutas, de forma pr\u00e1tica e elegante. O jogo possui 3 pe\u00e7as: um copo de vidro, uma t\u00e1bua de vidro que tamb\u00e9m pode ser usada como item decorativo e um socador de pl\u00e1stico para facilitar a extra\u00e7\u00e3o da fruta. Perfeito para preparar drinks com um toque profissional.<\/p>\n","protected":false},"excerpt":{"rendered":"<h4 style=\"margin: 0px;padding: 0px 0px 16px;font-family: Lato, sans-serif;font-weight: bold;line-height: 3rem;color: var(--dark-grey3);font-size: 22px;font-style: normal;letter-spacing: normal;text-align: start;text-indent: 0px;text-transform: none\">Informa\u00e7\u00f5es t\u00e9cnicas<\/h4>\n<p><span style=\"margin: 0px;padding: 0px;font-weight: 450;font-size: 14px;line-height: 21px;color: var(--dark-grey2);font-family: Lato, sans-serif;font-style: normal;letter-spacing: normal;text-align: start;text-indent: 0px;text-transform: none\">Produto: Kit Caipirinha<br \/>\nMarca: Euro Home<br \/>\nMaterial: Vidro<br \/>\nPl\u00e1stico<br \/>\nCor: Branco e Incolor<br \/>\nUso indicado: Preparo de coquet\u00e9is e drinks<br \/>\nQuantidade de pe\u00e7as: 3<br \/>\nItens Inclusos: 1 T\u00e1bua de vidro<br \/>\n1 Socador<br \/>\n1 Copo de vidro 350ml<br \/>\nDimens\u00f5es do produto: T\u00e1bua 8 x 16cm<br \/>\nSocador 2,5 x 18cm<br \/>\nCopo 9,5 X 10cm<\/span><\/p>\n","protected":false},"featured_media":19093,"template":"","meta":{"_joinchat":[]},"product_brand":[],"product_cat":[93],"product_tag":[],"class_list":{"0":"post-19024","1":"product","2":"type-product","3":"status-publish","4":"has-post-thumbnail","6":"product_cat-utensilios-para-cozinha","8":"first","9":"outofstock","10":"shipping-taxable","11":"product-type-simple"},"_links":{"self":[{"href":"https:\/\/www.multicasa.com.br\/inicio\/wp-json\/wp\/v2\/product\/19024","targetHints":{"allow":["GET"]}}],"collection":[{"href":"https:\/\/www.multicasa.com.br\/inicio\/wp-json\/wp\/v2\/product"}],"about":[{"href":"https:\/\/www.multicasa.com.br\/inicio\/wp-json\/wp\/v2\/types\/product"}],"wp:featuredmedia":[{"embeddable":true,"href":"https:\/\/www.multicasa.com.br\/inicio\/wp-json\/wp\/v2\/media\/19093"}],"wp:attachment":[{"href":"https:\/\/www.multicasa.com.br\/inicio\/wp-json\/wp\/v2\/media?parent=19024"}],"wp:term":[{"taxonomy":"product_brand","embeddable":true,"href":"https:\/\/www.multicasa.com.br\/inicio\/wp-json\/wp\/v2\/product_brand?post=19024"},{"taxonomy":"product_cat","embeddable":true,"href":"https:\/\/www.multicasa.com.br\/inicio\/wp-json\/wp\/v2\/product_cat?post=19024"},{"taxonomy":"product_tag","embeddable":true,"href":"https:\/\/www.multicasa.com.br\/inicio\/wp-json\/wp\/v2\/product_tag?post=19024"}],"curies":[{"name":"wp","href":"https:\/\/api.w.org\/{rel}","templated":true}]}}