{"id":19026,"date":"2025-06-20T19:40:42","date_gmt":"2025-06-20T23:40:42","guid":{"rendered":"https:\/\/www.multicasa.com.br\/inicio\/?post_type=product&#038;p=19026"},"modified":"2025-10-31T10:22:50","modified_gmt":"2025-10-31T14:22:50","slug":"porta-papel-toalha-de-aco-cromado-future-3-rolos","status":"publish","type":"product","link":"https:\/\/www.multicasa.com.br\/inicio\/produto\/porta-papel-toalha-de-aco-cromado-future-3-rolos\/","title":{"rendered":"Porta Papel Toalha de A\u00e7o Cromado Future 3 Rolos"},"content":{"rendered":"<p>Organize a sua cozinha, guardanapos e outros utens\u00edlios com praticidade e modernidade. Com design moderno mais resistente, o Porta Papel Toalha de A\u00e7o Cromado possui suporte para que voc\u00ea possa guardar e retirar at\u00e9 3 rolos de maneira f\u00e1cil e \u00e1gil, sendo o papel toalha, o papel alum\u00ednio, papel pvc, entre outros de sua prefer\u00eancia. Pode ser fixado na parede por meio de parafusos ou utilizado em cima de uma bancada ou mesa. Por ser adapt\u00e1vel ao estilo da sua cozinha, combina com qualquer decora\u00e7\u00e3o. Desenvolvido com tecnologia Rust Free no qual \u00e9 aplicada uma camada extra de protetivo que aumenta a sua resist\u00eancia contra a ferrugem. <\/p>\n","protected":false},"excerpt":{"rendered":"<h4 style=\"margin: 0px;padding: 0px 0px 16px;font-family: Lato, sans-serif;font-weight: bold;line-height: 3rem;color: var(--dark-grey3);font-size: 22px;font-style: normal;letter-spacing: normal;text-align: start;text-indent: 0px;text-transform: none\">Informa\u00e7\u00f5es t\u00e9cnicas<\/h4>\n<p><span style=\"margin: 0px;padding: 0px;font-weight: 450;font-size: 14px;line-height: 21px;color: var(--dark-grey2);font-family: Lato, sans-serif;font-style: normal;letter-spacing: normal;text-align: start;text-indent: 0px;text-transform: none\">Produto: Porta Papel Toalha<br \/>\nMarca: Future<br \/>\nMaterial: A\u00e7o Cromado<br \/>\nCor: Prata<br \/>\nCaracter\u00edsticas: Suporte para papel toalha; suporte para papel alum\u00ednio; suporte para pl\u00e1stico filme de pvc.<br \/>\nItens Inclusos: 1 porta rolos; parafusos e buchas.<br \/>\nDimens\u00f5es do produto (A x L x P): 28,5 x 23 x 13,5cm<\/span><\/p>\n","protected":false},"featured_media":19108,"template":"","meta":{"_joinchat":[]},"product_brand":[],"product_cat":[93],"product_tag":[],"class_list":{"0":"post-19026","1":"product","2":"type-product","3":"status-publish","4":"has-post-thumbnail","6":"product_cat-utensilios-para-cozinha","8":"first","9":"outofstock","10":"shipping-taxable","11":"purchasable","12":"product-type-simple"},"_links":{"self":[{"href":"https:\/\/www.multicasa.com.br\/inicio\/wp-json\/wp\/v2\/product\/19026","targetHints":{"allow":["GET"]}}],"collection":[{"href":"https:\/\/www.multicasa.com.br\/inicio\/wp-json\/wp\/v2\/product"}],"about":[{"href":"https:\/\/www.multicasa.com.br\/inicio\/wp-json\/wp\/v2\/types\/product"}],"wp:featuredmedia":[{"embeddable":true,"href":"https:\/\/www.multicasa.com.br\/inicio\/wp-json\/wp\/v2\/media\/19108"}],"wp:attachment":[{"href":"https:\/\/www.multicasa.com.br\/inicio\/wp-json\/wp\/v2\/media?parent=19026"}],"wp:term":[{"taxonomy":"product_brand","embeddable":true,"href":"https:\/\/www.multicasa.com.br\/inicio\/wp-json\/wp\/v2\/product_brand?post=19026"},{"taxonomy":"product_cat","embeddable":true,"href":"https:\/\/www.multicasa.com.br\/inicio\/wp-json\/wp\/v2\/product_cat?post=19026"},{"taxonomy":"product_tag","embeddable":true,"href":"https:\/\/www.multicasa.com.br\/inicio\/wp-json\/wp\/v2\/product_tag?post=19026"}],"curies":[{"name":"wp","href":"https:\/\/api.w.org\/{rel}","templated":true}]}}