{"id":19029,"date":"2025-06-20T19:40:43","date_gmt":"2025-06-20T23:40:43","guid":{"rendered":"https:\/\/www.multicasa.com.br\/inicio\/?post_type=product&#038;p=19029"},"modified":"2025-12-16T18:19:40","modified_gmt":"2025-12-16T22:19:40","slug":"forma-de-silicone-quadrada-para-bolo-uny-home","status":"publish","type":"product","link":"https:\/\/www.multicasa.com.br\/inicio\/produto\/forma-de-silicone-quadrada-para-bolo-uny-home\/","title":{"rendered":"Forma de Silicone Quadrada para Bolo Uny Home"},"content":{"rendered":"<p>Com a forma de silicone quadrada Uny Home voc\u00ea poder\u00e1 preparar bolos e tortas com mais praticidade na hora de desenformar. Em silicone at\u00f3xico que n\u00e3o transfere cheiros ou odores para os alimentos, ela \u00e9 flex\u00edvel, resiste a temperaturas de -50 at\u00e9 240\u00baC podendo ser levada em micro-ondas, freezers e fornos el\u00e9tricos e a g\u00e1s. Antiaderente, n\u00e3o h\u00e1 necessidade de untar. Pode ser facilmente dobrada, sem deformar ou riscar. Ap\u00f3s o uso ela esfria rapidamente, permitindo um manuseio seguro.<\/p>\n","protected":false},"excerpt":{"rendered":"<h4 style=\"margin: 0px;padding: 0px 0px 16px;font-family: Lato, sans-serif;font-weight: bold;line-height: 3rem;color: var(--dark-grey3);font-size: 22px;font-style: normal;letter-spacing: normal;text-align: start;text-indent: 0px;text-transform: none\">Informa\u00e7\u00f5es t\u00e9cnicas<\/h4>\n<p><span style=\"margin: 0px;padding: 0px;font-weight: 450;font-size: 14px;line-height: 21px;color: var(--dark-grey2);font-family: Lato, sans-serif;font-style: normal;letter-spacing: normal;text-align: start;text-indent: 0px;text-transform: none\">Produto: Forma de silicone<br \/>\nMarca: Uny Home<br \/>\nMaterial: Silicone<br \/>\nCaracter\u00edsticas: Possui al\u00e7a<br \/>\nResiste temperatura de -50 at\u00e9 240\u00b0c<br \/>\nPode ir ao micro ondas<br \/>\nPode ir ao forno<br \/>\nPode ir ao freezer<br \/>\nPode ir ao lava lou\u00e7as<br \/>\nItens Inclusos: 1 forma de silicone<br \/>\nDimens\u00f5es do produto (A x L x P): 5 x 26 x 24cm<\/span><\/p>\n","protected":false},"featured_media":19116,"template":"","meta":{"_joinchat":[]},"product_brand":[],"product_cat":[93],"product_tag":[],"class_list":{"0":"post-19029","1":"product","2":"type-product","3":"status-publish","4":"has-post-thumbnail","6":"product_cat-utensilios-para-cozinha","8":"first","9":"outofstock","10":"shipping-taxable","11":"product-type-simple"},"_links":{"self":[{"href":"https:\/\/www.multicasa.com.br\/inicio\/wp-json\/wp\/v2\/product\/19029","targetHints":{"allow":["GET"]}}],"collection":[{"href":"https:\/\/www.multicasa.com.br\/inicio\/wp-json\/wp\/v2\/product"}],"about":[{"href":"https:\/\/www.multicasa.com.br\/inicio\/wp-json\/wp\/v2\/types\/product"}],"wp:featuredmedia":[{"embeddable":true,"href":"https:\/\/www.multicasa.com.br\/inicio\/wp-json\/wp\/v2\/media\/19116"}],"wp:attachment":[{"href":"https:\/\/www.multicasa.com.br\/inicio\/wp-json\/wp\/v2\/media?parent=19029"}],"wp:term":[{"taxonomy":"product_brand","embeddable":true,"href":"https:\/\/www.multicasa.com.br\/inicio\/wp-json\/wp\/v2\/product_brand?post=19029"},{"taxonomy":"product_cat","embeddable":true,"href":"https:\/\/www.multicasa.com.br\/inicio\/wp-json\/wp\/v2\/product_cat?post=19029"},{"taxonomy":"product_tag","embeddable":true,"href":"https:\/\/www.multicasa.com.br\/inicio\/wp-json\/wp\/v2\/product_tag?post=19029"}],"curies":[{"name":"wp","href":"https:\/\/api.w.org\/{rel}","templated":true}]}}