{"id":19050,"date":"2025-06-20T19:41:05","date_gmt":"2025-06-20T23:41:05","guid":{"rendered":"https:\/\/www.multicasa.com.br\/inicio\/?post_type=product&#038;p=19050"},"modified":"2025-06-20T19:42:43","modified_gmt":"2025-06-20T23:42:43","slug":"kit-12-formas-de-silicone-para-muffin-uny-home","status":"publish","type":"product","link":"https:\/\/www.multicasa.com.br\/inicio\/produto\/kit-12-formas-de-silicone-para-muffin-uny-home\/","title":{"rendered":"Kit 12 Formas de Silicone para Muffin Uny Home"},"content":{"rendered":"<p>Kit com 12 Formas de Silicone Uny Home, ideal para preparar alimentos, doces e substituir as formas de metal. Pode ser usada em micro-ondas, forno el\u00e9trico\/g\u00e1s, freezers e lavadoras de lou\u00e7as resistindo a temperaturas de -40 a +230\u00b0C. Sem a necessidade de untar as formas, elas auxiliam na sua dieta balanceada, deixando a vida mais leve e saud\u00e1vel al\u00e9m de ocupar pouco espa\u00e7o para guardar, j\u00e1 que podem ser dobradas sem o risco de danificar. Ela \u00e9 flex\u00edvel, antiaderente, n\u00e3o deforma, n\u00e3o risca, n\u00e3o ret\u00e9m odores, \u00e9 f\u00e1cil de desenformar, limpar e guardar.<\/p>\n","protected":false},"excerpt":{"rendered":"<h4 style=\"margin: 0px;padding: 0px 0px 16px;font-family: Lato, sans-serif;font-weight: bold;line-height: 3rem;color: var(--dark-grey3);font-size: 22px;font-style: normal;letter-spacing: normal;text-align: start;text-indent: 0px;text-transform: none\">Informa\u00e7\u00f5es t\u00e9cnicas<\/h4>\n<p><span style=\"margin: 0px;padding: 0px;font-weight: 450;font-size: 14px;line-height: 21px;color: var(--dark-grey2);font-family: Lato, sans-serif;font-style: normal;letter-spacing: normal;text-align: start;text-indent: 0px;text-transform: none\">Produto: Kit de formas de silicone<br \/>\nMarca: Uny Home<br \/>\nMaterial: Silicone<br \/>\nCor: Sortido<br \/>\nCaracter\u00edsticas: Pode ir no lava lou\u00e7as<br \/>\nPode ir no micro-ondas<br \/>\nPode ir no freezer<br \/>\nPode ir Forno<br \/>\nResiste temperatura de &#8211; 40 ate 230\u00b0c<br \/>\nItens Inclusos: 12 formas de silicone<br \/>\nDi\u00e2metro do produto: 7cm<\/span><\/p>\n","protected":false},"featured_media":19151,"template":"","meta":{"_joinchat":[]},"product_brand":[],"product_cat":[93],"product_tag":[],"class_list":{"0":"post-19050","1":"product","2":"type-product","3":"status-publish","4":"has-post-thumbnail","6":"product_cat-utensilios-para-cozinha","8":"first","9":"outofstock","10":"shipping-taxable","11":"product-type-simple"},"_links":{"self":[{"href":"https:\/\/www.multicasa.com.br\/inicio\/wp-json\/wp\/v2\/product\/19050","targetHints":{"allow":["GET"]}}],"collection":[{"href":"https:\/\/www.multicasa.com.br\/inicio\/wp-json\/wp\/v2\/product"}],"about":[{"href":"https:\/\/www.multicasa.com.br\/inicio\/wp-json\/wp\/v2\/types\/product"}],"wp:featuredmedia":[{"embeddable":true,"href":"https:\/\/www.multicasa.com.br\/inicio\/wp-json\/wp\/v2\/media\/19151"}],"wp:attachment":[{"href":"https:\/\/www.multicasa.com.br\/inicio\/wp-json\/wp\/v2\/media?parent=19050"}],"wp:term":[{"taxonomy":"product_brand","embeddable":true,"href":"https:\/\/www.multicasa.com.br\/inicio\/wp-json\/wp\/v2\/product_brand?post=19050"},{"taxonomy":"product_cat","embeddable":true,"href":"https:\/\/www.multicasa.com.br\/inicio\/wp-json\/wp\/v2\/product_cat?post=19050"},{"taxonomy":"product_tag","embeddable":true,"href":"https:\/\/www.multicasa.com.br\/inicio\/wp-json\/wp\/v2\/product_tag?post=19050"}],"curies":[{"name":"wp","href":"https:\/\/api.w.org\/{rel}","templated":true}]}}