{"id":19054,"date":"2025-06-20T19:41:05","date_gmt":"2025-06-20T23:41:05","guid":{"rendered":"https:\/\/www.multicasa.com.br\/inicio\/?post_type=product&#038;p=19054"},"modified":"2025-12-16T18:20:14","modified_gmt":"2025-12-16T22:20:14","slug":"saca-rolha-abridor-de-vinho-eletrico-inox-black-decker","status":"publish","type":"product","link":"https:\/\/www.multicasa.com.br\/inicio\/produto\/saca-rolha-abridor-de-vinho-eletrico-inox-black-decker\/","title":{"rendered":"Saca Rolha Abridor de Vinho El\u00e9trico Inox Black + Decker"},"content":{"rendered":"<p>O Saca Rolha Abridor de Vinho El\u00e9trico Black + Decker \u00e9 ideal para abrir rolhas de corti\u00e7a, sint\u00e9ticas ou natural. Com alimenta\u00e7\u00e3o atrav\u00e9s de pilhas alcalinas tipo AA (n\u00e3o inclusas), \u00e9 poss\u00edvel com apenas um bot\u00e3o remover a rolha da garrafa sem nenhum esfor\u00e7o. Produzido em a\u00e7o acompanha cortador para abertura do lacre da garrafa. O abridor de vinho el\u00e9trico Wine \u00e9 a op\u00e7\u00e3o perfeita para beber com mais facilidade.<\/p>\n","protected":false},"excerpt":{"rendered":"<h4 style=\"margin: 0px;padding: 0px 0px 16px;font-family: Lato, sans-serif;font-weight: bold;line-height: 3rem;color: var(--dark-grey3);font-size: 22px;font-style: normal;letter-spacing: normal;text-align: start;text-indent: 0px;text-transform: none\">Informa\u00e7\u00f5es t\u00e9cnicas<\/h4>\n<p><span style=\"margin: 0px;padding: 0px;font-weight: 450;font-size: 14px;line-height: 21px;color: var(--dark-grey2);font-family: Lato, sans-serif;font-style: normal;letter-spacing: normal;text-align: start;text-indent: 0px;text-transform: none\">Produto: Saca rolhas<br \/>\nTipo: Autom\u00e1tico<br \/>\nMarca: Black + Decker<br \/>\nMaterial: A\u00e7o Inox<br \/>\nCor: Prata<br \/>\nAlimenta\u00e7\u00e3o: 4 pilhas AA<br \/>\nCaracter\u00edsticas: Acionamento por bot\u00e3o<br \/>\nQuantidade de pe\u00e7as: 2<br \/>\nItens Inclusos: 1 saca rolhas<br \/>\n1 Cortador<br \/>\nDimens\u00f5es do produto (A): 27,5cm<\/span><\/p>\n","protected":false},"featured_media":19166,"template":"","meta":{"_joinchat":[]},"product_brand":[],"product_cat":[93],"product_tag":[],"class_list":{"0":"post-19054","1":"product","2":"type-product","3":"status-publish","4":"has-post-thumbnail","6":"product_cat-utensilios-para-cozinha","8":"first","9":"outofstock","10":"shipping-taxable","11":"product-type-simple"},"_links":{"self":[{"href":"https:\/\/www.multicasa.com.br\/inicio\/wp-json\/wp\/v2\/product\/19054","targetHints":{"allow":["GET"]}}],"collection":[{"href":"https:\/\/www.multicasa.com.br\/inicio\/wp-json\/wp\/v2\/product"}],"about":[{"href":"https:\/\/www.multicasa.com.br\/inicio\/wp-json\/wp\/v2\/types\/product"}],"wp:featuredmedia":[{"embeddable":true,"href":"https:\/\/www.multicasa.com.br\/inicio\/wp-json\/wp\/v2\/media\/19166"}],"wp:attachment":[{"href":"https:\/\/www.multicasa.com.br\/inicio\/wp-json\/wp\/v2\/media?parent=19054"}],"wp:term":[{"taxonomy":"product_brand","embeddable":true,"href":"https:\/\/www.multicasa.com.br\/inicio\/wp-json\/wp\/v2\/product_brand?post=19054"},{"taxonomy":"product_cat","embeddable":true,"href":"https:\/\/www.multicasa.com.br\/inicio\/wp-json\/wp\/v2\/product_cat?post=19054"},{"taxonomy":"product_tag","embeddable":true,"href":"https:\/\/www.multicasa.com.br\/inicio\/wp-json\/wp\/v2\/product_tag?post=19054"}],"curies":[{"name":"wp","href":"https:\/\/api.w.org\/{rel}","templated":true}]}}