{"id":19055,"date":"2025-06-20T19:41:06","date_gmt":"2025-06-20T23:41:06","guid":{"rendered":"https:\/\/www.multicasa.com.br\/inicio\/?post_type=product&#038;p=19055"},"modified":"2026-01-28T11:30:27","modified_gmt":"2026-01-28T15:30:27","slug":"forma-de-silicone-retangular-para-bolo-uny-gift","status":"publish","type":"product","link":"https:\/\/www.multicasa.com.br\/inicio\/produto\/forma-de-silicone-retangular-para-bolo-uny-gift\/","title":{"rendered":"Forma de Silicone Retangular para Bolo Uny Gift"},"content":{"rendered":"<p>A Forma de silicone retangular Uny Gift \u00e9 ideal para preparar bolo ingl\u00eas, com fundo listrado que d\u00e1 um \u00f3timo acabamento a sua receita. Resiste a temperaturas de -50 at\u00e9 240\u00b0C, podendo ser usada em micro-ondas, freezers, fornos el\u00e9tricos e a g\u00e1s. Em silicone, n\u00e3o tem necessidade de untar e podem ser dobradas na hora de guardar, sem danificar. Antiaderente, flex\u00edvel e f\u00e1cil de lavar. Esfria facilmente ap\u00f3s o uso.<\/p>\n","protected":false},"excerpt":{"rendered":"<h4 style=\"margin: 0px;padding: 0px 0px 16px;font-family: Lato, sans-serif;font-weight: bold;line-height: 3rem;color: var(--dark-grey3);font-size: 22px;font-style: normal;letter-spacing: normal;text-align: start;text-indent: 0px;text-transform: none\">Informa\u00e7\u00f5es t\u00e9cnicas<\/h4>\n<p><span style=\"margin: 0px;padding: 0px;font-weight: 450;font-size: 14px;line-height: 21px;color: var(--dark-grey2);font-family: Lato, sans-serif;font-style: normal;letter-spacing: normal;text-align: start;text-indent: 0px;text-transform: none\">Produto: Forma de silicone<br \/>\nMarca: Uny Gift<br \/>\nMaterial: Silicone<br \/>\nCor: Sortido<br \/>\nCaracter\u00edsticas: Resiste temperatura de -50 at\u00e9 240\u00b0c<br \/>\nPode ir ao micro ondas<br \/>\nPode ir ao forno<br \/>\nPode ir ao freezer<br \/>\nPode ir ao lava lou\u00e7as<br \/>\nItens Inclusos: 1 forma de silicone<br \/>\nDimens\u00f5es do produto (A x L x P): 7 x 25,5 x 12cm<\/span><\/p>\n","protected":false},"featured_media":19169,"template":"","meta":{"_joinchat":[]},"product_brand":[],"product_cat":[93],"product_tag":[],"class_list":{"0":"post-19055","1":"product","2":"type-product","3":"status-publish","4":"has-post-thumbnail","6":"product_cat-utensilios-para-cozinha","8":"first","9":"outofstock","10":"shipping-taxable","11":"purchasable","12":"product-type-simple"},"_links":{"self":[{"href":"https:\/\/www.multicasa.com.br\/inicio\/wp-json\/wp\/v2\/product\/19055","targetHints":{"allow":["GET"]}}],"collection":[{"href":"https:\/\/www.multicasa.com.br\/inicio\/wp-json\/wp\/v2\/product"}],"about":[{"href":"https:\/\/www.multicasa.com.br\/inicio\/wp-json\/wp\/v2\/types\/product"}],"wp:featuredmedia":[{"embeddable":true,"href":"https:\/\/www.multicasa.com.br\/inicio\/wp-json\/wp\/v2\/media\/19169"}],"wp:attachment":[{"href":"https:\/\/www.multicasa.com.br\/inicio\/wp-json\/wp\/v2\/media?parent=19055"}],"wp:term":[{"taxonomy":"product_brand","embeddable":true,"href":"https:\/\/www.multicasa.com.br\/inicio\/wp-json\/wp\/v2\/product_brand?post=19055"},{"taxonomy":"product_cat","embeddable":true,"href":"https:\/\/www.multicasa.com.br\/inicio\/wp-json\/wp\/v2\/product_cat?post=19055"},{"taxonomy":"product_tag","embeddable":true,"href":"https:\/\/www.multicasa.com.br\/inicio\/wp-json\/wp\/v2\/product_tag?post=19055"}],"curies":[{"name":"wp","href":"https:\/\/api.w.org\/{rel}","templated":true}]}}