{"id":19074,"date":"2025-06-20T19:41:27","date_gmt":"2025-06-20T23:41:27","guid":{"rendered":"https:\/\/www.multicasa.com.br\/inicio\/?post_type=product&#038;p=19074"},"modified":"2025-12-16T18:20:38","modified_gmt":"2025-12-16T22:20:38","slug":"forma-de-silicone-para-cupcakes-uny-gift-6-divisorias","status":"publish","type":"product","link":"https:\/\/www.multicasa.com.br\/inicio\/produto\/forma-de-silicone-para-cupcakes-uny-gift-6-divisorias\/","title":{"rendered":"Forma de Silicone Para Cupcakes Uny Gift 6 Divis\u00f3rias"},"content":{"rendered":"<p>Com a Forma de silicone para Cupcakes UnyGift voc\u00ea poder\u00e1 preparar mini bolos, gelatinas e chocolates tendo mais facilidade na hora de desenformar. Em silicone at\u00f3xico que n\u00e3o transfere cheiros ou odores para os alimentos, ela \u00e9 flex\u00edvel, resiste a temperaturas de -40 at\u00e9 240\u00b0C podendo ser levada em micro-ondas, freezers e fornos el\u00e9tricos e a g\u00e1s. Possui um total de 6 divis\u00f3rias antiaderentes, n\u00e3o h\u00e1 necessidade de untar. Pode ser facilmente dobrada, sem deformar ou riscar. Ap\u00f3s o uso ela esfria rapidamente, permitindo um manuseio seguro.<\/p>\n","protected":false},"excerpt":{"rendered":"<h4 style=\"margin: 0px;padding: 0px 0px 16px;font-family: Lato, sans-serif;font-weight: bold;line-height: 3rem;color: var(--dark-grey3);font-size: 22px;font-style: normal;letter-spacing: normal;text-align: start;text-indent: 0px;text-transform: none\">Informa\u00e7\u00f5es t\u00e9cnicas<\/h4>\n<p><span style=\"margin: 0px;padding: 0px;font-weight: 450;font-size: 14px;line-height: 21px;color: var(--dark-grey2);font-family: Lato, sans-serif;font-style: normal;letter-spacing: normal;text-align: start;text-indent: 0px;text-transform: none\">Produto: Forma para cupcake<br \/>\nMarca: Uny Gift<br \/>\nMaterial: Silicone<br \/>\nCor: Sortido<br \/>\nCaracter\u00edsticas: Possui 6 divis\u00f3rias<br \/>\nResiste temperatura de -40 at\u00e9 240\u00b0c<br \/>\nPode ir ao micro ondas<br \/>\nPode ir ao forno<br \/>\nPode ir ao freezer<br \/>\nPode ir ao lava lou\u00e7as<br \/>\nItens Inclusos: 1 forma de cupcake<br \/>\nDimens\u00f5es do produto (L X P): 25 x 16cm<br \/>\n<\/span><\/p>\n","protected":false},"featured_media":19193,"template":"","meta":{"_joinchat":[]},"product_brand":[],"product_cat":[93],"product_tag":[],"class_list":{"0":"post-19074","1":"product","2":"type-product","3":"status-publish","4":"has-post-thumbnail","6":"product_cat-utensilios-para-cozinha","8":"first","9":"outofstock","10":"shipping-taxable","11":"product-type-simple"},"_links":{"self":[{"href":"https:\/\/www.multicasa.com.br\/inicio\/wp-json\/wp\/v2\/product\/19074","targetHints":{"allow":["GET"]}}],"collection":[{"href":"https:\/\/www.multicasa.com.br\/inicio\/wp-json\/wp\/v2\/product"}],"about":[{"href":"https:\/\/www.multicasa.com.br\/inicio\/wp-json\/wp\/v2\/types\/product"}],"wp:featuredmedia":[{"embeddable":true,"href":"https:\/\/www.multicasa.com.br\/inicio\/wp-json\/wp\/v2\/media\/19193"}],"wp:attachment":[{"href":"https:\/\/www.multicasa.com.br\/inicio\/wp-json\/wp\/v2\/media?parent=19074"}],"wp:term":[{"taxonomy":"product_brand","embeddable":true,"href":"https:\/\/www.multicasa.com.br\/inicio\/wp-json\/wp\/v2\/product_brand?post=19074"},{"taxonomy":"product_cat","embeddable":true,"href":"https:\/\/www.multicasa.com.br\/inicio\/wp-json\/wp\/v2\/product_cat?post=19074"},{"taxonomy":"product_tag","embeddable":true,"href":"https:\/\/www.multicasa.com.br\/inicio\/wp-json\/wp\/v2\/product_tag?post=19074"}],"curies":[{"name":"wp","href":"https:\/\/api.w.org\/{rel}","templated":true}]}}