{"id":19101,"date":"2025-06-20T19:41:53","date_gmt":"2025-06-20T23:41:53","guid":{"rendered":"https:\/\/www.multicasa.com.br\/inicio\/?post_type=product&#038;p=19101"},"modified":"2026-03-31T16:30:55","modified_gmt":"2026-03-31T20:30:55","slug":"ralo-de-metal-para-pia-7cm-uny-gift","status":"publish","type":"product","link":"https:\/\/www.multicasa.com.br\/inicio\/produto\/ralo-de-metal-para-pia-7cm-uny-gift\/","title":{"rendered":"Ralo de Metal para Pia 7cm Uny Gift"},"content":{"rendered":"<p>O Ralo de Metal para Pia 7cm da Uny Gift evita a queda de res\u00edduos e restos de alimentos impedindo o entupimento de canos. Basta coloc\u00e1-lo antes de usar e assim que estiver com algumas sobras retire-o jogue as sobras no lixo, enxague e estar\u00e1 pronto para usar novamente. Para manter sempre brilhando lave com esponja macia, sab\u00e3o ou detergente neutro. Palha de a\u00e7o pode riscar e prejudicar o brilho. Seque imediatamente para evitar manchas.<\/p>\n","protected":false},"excerpt":{"rendered":"<h4 style=\"margin: 0px;padding: 0px 0px 16px;font-family: Lato, sans-serif;font-weight: bold;line-height: 3rem;color: var(--dark-grey3);font-size: 22px;font-style: normal;letter-spacing: normal;text-align: start;text-indent: 0px;text-transform: none\">Informa\u00e7\u00f5es t\u00e9cnicas<\/h4>\n<p><span style=\"margin: 0px;padding: 0px;font-weight: 450;font-size: 14px;line-height: 21px;color: var(--dark-grey2);font-family: Lato, sans-serif;font-style: normal;letter-spacing: normal;text-align: start;text-indent: 0px;text-transform: none\">Produto: Ralo para Pia<br \/>\nMarca: Uny Gift<br \/>\nMaterial: Metal<br \/>\nItens Inclusos: 1 Ralo para pia<br \/>\nDimens\u00f5es do produto (L X A): 7 x 2cm                                                                                                                       Peso: 0,017kg<\/span><\/p>\n","protected":false},"featured_media":19212,"template":"","meta":{"_joinchat":[]},"product_brand":[],"product_cat":[93],"product_tag":[],"class_list":{"0":"post-19101","1":"product","2":"type-product","3":"status-publish","4":"has-post-thumbnail","6":"product_cat-utensilios-para-cozinha","8":"first","9":"instock","10":"shipping-taxable","11":"purchasable","12":"product-type-simple"},"_links":{"self":[{"href":"https:\/\/www.multicasa.com.br\/inicio\/wp-json\/wp\/v2\/product\/19101","targetHints":{"allow":["GET"]}}],"collection":[{"href":"https:\/\/www.multicasa.com.br\/inicio\/wp-json\/wp\/v2\/product"}],"about":[{"href":"https:\/\/www.multicasa.com.br\/inicio\/wp-json\/wp\/v2\/types\/product"}],"wp:featuredmedia":[{"embeddable":true,"href":"https:\/\/www.multicasa.com.br\/inicio\/wp-json\/wp\/v2\/media\/19212"}],"wp:attachment":[{"href":"https:\/\/www.multicasa.com.br\/inicio\/wp-json\/wp\/v2\/media?parent=19101"}],"wp:term":[{"taxonomy":"product_brand","embeddable":true,"href":"https:\/\/www.multicasa.com.br\/inicio\/wp-json\/wp\/v2\/product_brand?post=19101"},{"taxonomy":"product_cat","embeddable":true,"href":"https:\/\/www.multicasa.com.br\/inicio\/wp-json\/wp\/v2\/product_cat?post=19101"},{"taxonomy":"product_tag","embeddable":true,"href":"https:\/\/www.multicasa.com.br\/inicio\/wp-json\/wp\/v2\/product_tag?post=19101"}],"curies":[{"name":"wp","href":"https:\/\/api.w.org\/{rel}","templated":true}]}}