{"id":19102,"date":"2025-06-20T19:41:53","date_gmt":"2025-06-20T23:41:53","guid":{"rendered":"https:\/\/www.multicasa.com.br\/inicio\/?post_type=product&#038;p=19102"},"modified":"2025-08-16T19:15:52","modified_gmt":"2025-08-16T23:15:52","slug":"porteiro-eletronico-f-8s-hdl","status":"publish","type":"product","link":"https:\/\/www.multicasa.com.br\/inicio\/produto\/porteiro-eletronico-f-8s-hdl\/","title":{"rendered":"Porteiro Eletronico F-8S Hdl"},"content":{"rendered":"<p>PORTEIRO ELET.F-8S BC HDL. Porteiro Eletr\u00f4nico HDL possui alarme antivandalismo na unidade externa e aciona qualquer fechadura 12 volts. Sua seguran\u00e7a e tranquilidade em primeiro lugar com o Porteiro Eletr\u00f4nico HDL. Sistema de instala\u00e7\u00e3o pr\u00e1tico e r\u00e1pido, permitindo a instala\u00e7\u00e3o de at\u00e9 4 pontos internos, sendo 1 fone que acompanha o kit e poder\u00e1 acrescentar mais 3<\/p>\n","protected":false},"excerpt":{"rendered":"<h4 style=\"margin: 0px;padding: 0px 0px 16px;font-family: Lato, sans-serif;font-weight: bold;line-height: 3rem;color: var(--dark-grey3);font-size: 22px;font-style: normal;letter-spacing: normal;text-align: start;text-indent: 0px;text-transform: none\">Informa\u00e7\u00f5es t\u00e9cnicas<\/h4>\n<p><span style=\"margin: 0px;padding: 0px;font-weight: 450;font-size: 14px;line-height: 21px;color: var(--dark-grey2);font-family: Lato, sans-serif;font-style: normal;letter-spacing: normal;text-align: start;text-indent: 0px;text-transform: none\">Produto: PORTEIRO ELET.F-8S BC<br \/>\nMarca: HDL<br \/>\nMaterial: pl\u00e1stico ABS<br \/>\nCor: branca<br \/>\nCaracter\u00edsticas: \u00e9 a melhor op\u00e7\u00e3o em seguran\u00e7a e praticidade.<br \/>\nPeso do Produto: 1,0 Kg<\/span><\/p>\n","protected":false},"featured_media":25793,"template":"","meta":{"_joinchat":[]},"product_brand":[],"product_cat":[161],"product_tag":[],"class_list":{"0":"post-19102","1":"product","2":"type-product","3":"status-publish","4":"has-post-thumbnail","6":"product_cat-seguranca","8":"first","9":"outofstock","10":"shipping-taxable","11":"product-type-simple"},"_links":{"self":[{"href":"https:\/\/www.multicasa.com.br\/inicio\/wp-json\/wp\/v2\/product\/19102","targetHints":{"allow":["GET"]}}],"collection":[{"href":"https:\/\/www.multicasa.com.br\/inicio\/wp-json\/wp\/v2\/product"}],"about":[{"href":"https:\/\/www.multicasa.com.br\/inicio\/wp-json\/wp\/v2\/types\/product"}],"wp:featuredmedia":[{"embeddable":true,"href":"https:\/\/www.multicasa.com.br\/inicio\/wp-json\/wp\/v2\/media\/25793"}],"wp:attachment":[{"href":"https:\/\/www.multicasa.com.br\/inicio\/wp-json\/wp\/v2\/media?parent=19102"}],"wp:term":[{"taxonomy":"product_brand","embeddable":true,"href":"https:\/\/www.multicasa.com.br\/inicio\/wp-json\/wp\/v2\/product_brand?post=19102"},{"taxonomy":"product_cat","embeddable":true,"href":"https:\/\/www.multicasa.com.br\/inicio\/wp-json\/wp\/v2\/product_cat?post=19102"},{"taxonomy":"product_tag","embeddable":true,"href":"https:\/\/www.multicasa.com.br\/inicio\/wp-json\/wp\/v2\/product_tag?post=19102"}],"curies":[{"name":"wp","href":"https:\/\/api.w.org\/{rel}","templated":true}]}}