{"id":19103,"date":"2025-06-20T19:41:54","date_gmt":"2025-06-20T23:41:54","guid":{"rendered":"https:\/\/www.multicasa.com.br\/inicio\/?post_type=product&#038;p=19103"},"modified":"2026-04-17T09:30:10","modified_gmt":"2026-04-17T13:30:10","slug":"interfone-sem-teclado-az-s01-branco-hdl","status":"publish","type":"product","link":"https:\/\/www.multicasa.com.br\/inicio\/produto\/interfone-sem-teclado-az-s01-branco-hdl\/","title":{"rendered":"Interfone sem Teclado AZ-S01 Branco HDL"},"content":{"rendered":"<p>Leve mais seguran\u00e7a para qualquer lugar com o interfone sem teclado AZ-S01 branco HDL. O interfone sem teclado \u00e9 um aparelho indispens\u00e1vel para ser utilizado com porteiros eletr\u00f4nicos com ou sem v\u00eddeo em casas, condom\u00ednios ou centrais de portarias. Feito de pl\u00e1stico, tem ajuste de volume com apenas um toque atrav\u00e9s de uma chave lateral do equipamento. Bivolt, possui campainha eletr\u00f4nica na c\u00e1psula receptora e fixa\u00e7\u00e3o de sobrepor.<\/p>\n","protected":false},"excerpt":{"rendered":"<h4 style=\"margin: 0px;padding: 0px 0px 16px;font-family: Lato, sans-serif;font-weight: bold;line-height: 3rem;color: var(--dark-grey3);font-size: 22px;font-style: normal;letter-spacing: normal;text-align: start;text-indent: 0px;text-transform: none\">Informa\u00e7\u00f5es t\u00e9cnicas<\/h4>\n<p><span style=\"margin: 0px;padding: 0px;font-weight: 450;font-size: 14px;line-height: 21px;color: var(--dark-grey2);font-family: Lato, sans-serif;font-style: normal;letter-spacing: normal;text-align: start;text-indent: 0px;text-transform: none\">Produto: Interfone sem Teclado<br \/>\nMarca: HDL<br \/>\nModelo: AZ-S01<br \/>\nMaterial: Pl\u00e1stico ABS<br \/>\nCor: Branco<br \/>\nTens\u00e3o El\u00e9trica: 127v &#8211; 220v<br \/>\nCaracter\u00edsticas: Toque eletr\u00f4nico na c\u00e1psula receptora<br \/>\nItens inclusos: 1 Interfone sem Teclado<br \/>\nDimens\u00f5es do produto (A X L X P ): 19,7 x 7,4 x 5cm<br \/>\nGarantia: 1 ano pelo fabricante<\/span><\/p>\n","protected":false},"featured_media":19213,"template":"","meta":{"_joinchat":[]},"product_brand":[],"product_cat":[161],"product_tag":[],"class_list":{"0":"post-19103","1":"product","2":"type-product","3":"status-publish","4":"has-post-thumbnail","6":"product_cat-seguranca","8":"first","9":"instock","10":"shipping-taxable","11":"purchasable","12":"product-type-simple"},"_links":{"self":[{"href":"https:\/\/www.multicasa.com.br\/inicio\/wp-json\/wp\/v2\/product\/19103","targetHints":{"allow":["GET"]}}],"collection":[{"href":"https:\/\/www.multicasa.com.br\/inicio\/wp-json\/wp\/v2\/product"}],"about":[{"href":"https:\/\/www.multicasa.com.br\/inicio\/wp-json\/wp\/v2\/types\/product"}],"wp:featuredmedia":[{"embeddable":true,"href":"https:\/\/www.multicasa.com.br\/inicio\/wp-json\/wp\/v2\/media\/19213"}],"wp:attachment":[{"href":"https:\/\/www.multicasa.com.br\/inicio\/wp-json\/wp\/v2\/media?parent=19103"}],"wp:term":[{"taxonomy":"product_brand","embeddable":true,"href":"https:\/\/www.multicasa.com.br\/inicio\/wp-json\/wp\/v2\/product_brand?post=19103"},{"taxonomy":"product_cat","embeddable":true,"href":"https:\/\/www.multicasa.com.br\/inicio\/wp-json\/wp\/v2\/product_cat?post=19103"},{"taxonomy":"product_tag","embeddable":true,"href":"https:\/\/www.multicasa.com.br\/inicio\/wp-json\/wp\/v2\/product_tag?post=19103"}],"curies":[{"name":"wp","href":"https:\/\/api.w.org\/{rel}","templated":true}]}}