{"id":19106,"date":"2025-06-20T19:41:54","date_gmt":"2025-06-20T23:41:54","guid":{"rendered":"https:\/\/www.multicasa.com.br\/inicio\/?post_type=product&#038;p=19106"},"modified":"2025-06-20T19:43:51","modified_gmt":"2025-06-20T23:43:51","slug":"ralo-de-inox-para-pia-4cm-bono","status":"publish","type":"product","link":"https:\/\/www.multicasa.com.br\/inicio\/produto\/ralo-de-inox-para-pia-4cm-bono\/","title":{"rendered":"Ralo de Inox para Pia 4cm Bono"},"content":{"rendered":"<p>O ralo para pia de cozinha Bono \u00e9 produzido de a\u00e7o inox resistente e n\u00e3o exige m\u00e3o de obra especializada para instala\u00e7\u00e3o. Ao ser encaixado no ralo da pia, ajuda a filtrar s\u00f3lidos e l\u00edquidos, evitando entupimentos. Com di\u00e2metro interno de 4 cm e di\u00e2metro externo de 7,8 cm, a cestinha de pia \u00e9 ideal para quem busca efici\u00eancia e praticidade. Use em pias de inox americanas com v\u00e1lvulas que medem 3.1\/2 x 1.1\/2 x 88,9 x 38,1 mm das marcas Tramontina, Doaut e Tecno Cuba.<\/p>\n","protected":false},"excerpt":{"rendered":"<h4 style=\"margin: 0px;padding: 0px 0px 16px;font-family: Lato, sans-serif;font-weight: bold;line-height: 3rem;color: var(--dark-grey3);font-size: 22px;font-style: normal;letter-spacing: normal;text-align: start;text-indent: 0px;text-transform: none\">Informa\u00e7\u00f5es t\u00e9cnicas<\/h4>\n<p><span style=\"margin: 0px;padding: 0px;font-weight: 450;font-size: 14px;line-height: 21px;color: var(--dark-grey2);font-family: Lato, sans-serif;font-style: normal;letter-spacing: normal;text-align: start;text-indent: 0px;text-transform: none\">Produto: Ralo para Pia<br \/>\nMarca: Bono<br \/>\nMaterial: A\u00e7o Inox<br \/>\nCor: Prata<br \/>\nCaracter\u00edsticas: utilizada em pias de inox americanas 3.1\/2 x 1.1\/2 x 88,9 x 38,1mm<br \/>\nCompat\u00edvel com as marcas Tramontina, Doaut e Tecno Cuba.<br \/>\nItens Inclusos: 1 Ralo para pia<br \/>\nDimens\u00f5es do produto: Interno &#8211; 4cm<br \/>\nExterno &#8211; 7,8cm <\/span><\/p>\n","protected":false},"featured_media":19216,"template":"","meta":{"_joinchat":[]},"product_brand":[],"product_cat":[93],"product_tag":[],"class_list":{"0":"post-19106","1":"product","2":"type-product","3":"status-publish","4":"has-post-thumbnail","6":"product_cat-utensilios-para-cozinha","8":"first","9":"outofstock","10":"shipping-taxable","11":"product-type-simple"},"_links":{"self":[{"href":"https:\/\/www.multicasa.com.br\/inicio\/wp-json\/wp\/v2\/product\/19106","targetHints":{"allow":["GET"]}}],"collection":[{"href":"https:\/\/www.multicasa.com.br\/inicio\/wp-json\/wp\/v2\/product"}],"about":[{"href":"https:\/\/www.multicasa.com.br\/inicio\/wp-json\/wp\/v2\/types\/product"}],"wp:featuredmedia":[{"embeddable":true,"href":"https:\/\/www.multicasa.com.br\/inicio\/wp-json\/wp\/v2\/media\/19216"}],"wp:attachment":[{"href":"https:\/\/www.multicasa.com.br\/inicio\/wp-json\/wp\/v2\/media?parent=19106"}],"wp:term":[{"taxonomy":"product_brand","embeddable":true,"href":"https:\/\/www.multicasa.com.br\/inicio\/wp-json\/wp\/v2\/product_brand?post=19106"},{"taxonomy":"product_cat","embeddable":true,"href":"https:\/\/www.multicasa.com.br\/inicio\/wp-json\/wp\/v2\/product_cat?post=19106"},{"taxonomy":"product_tag","embeddable":true,"href":"https:\/\/www.multicasa.com.br\/inicio\/wp-json\/wp\/v2\/product_tag?post=19106"}],"curies":[{"name":"wp","href":"https:\/\/api.w.org\/{rel}","templated":true}]}}