{"id":19131,"date":"2025-06-20T19:42:24","date_gmt":"2025-06-20T23:42:24","guid":{"rendered":"https:\/\/www.multicasa.com.br\/inicio\/?post_type=product&#038;p=19131"},"modified":"2025-06-20T19:43:52","modified_gmt":"2025-06-20T23:43:52","slug":"espatula-de-silicone-uny-home","status":"publish","type":"product","link":"https:\/\/www.multicasa.com.br\/inicio\/produto\/espatula-de-silicone-uny-home\/","title":{"rendered":"Esp\u00e1tula de Silicone Uny Home"},"content":{"rendered":"<p>Com a Esp\u00e1tula Uny Home voc\u00ea n\u00e3o arranha sua panela ou qualquer outro recipiente que voc\u00ea esteja usando. Fabricada em silicone, ela \u00e9 perfeita para retirar e raspar todo o alimento da panela e aproveitar sem desperd\u00edcio. \u00c9 resistente, n\u00e3o fica engordurada e \u00e9 f\u00e1cil de higienizar. O utens\u00edlio fundamental na sua cozinha.<\/p>\n","protected":false},"excerpt":{"rendered":"<h4 style=\"margin: 0px;padding: 0px 0px 16px;font-family: Lato, sans-serif;font-weight: bold;line-height: 3rem;color: var(--dark-grey3);font-size: 22px;font-style: normal;letter-spacing: normal;text-align: start;text-indent: 0px;text-transform: none\">Informa\u00e7\u00f5es t\u00e9cnicas<\/h4>\n<p><span style=\"margin: 0px;padding: 0px;font-weight: 450;font-size: 14px;line-height: 21px;color: var(--dark-grey2);font-family: Lato, sans-serif;font-style: normal;letter-spacing: normal;text-align: start;text-indent: 0px;text-transform: none\">Produto: Esp\u00e1tula<br \/>\nMarca: Uny Home<br \/>\nMaterial: Silicone e Acr\u00edlico<br \/>\nCor: sortidas<br \/>\nUso indicado: Raspar latas e vidros<br \/>\nCaracter\u00edsticas: N\u00e3o fica engordurado<br \/>\nItens Inclusos: 1 esp\u00e1tula<br \/>\nDimens\u00f5es do produto (A): 25,5cm<\/span><\/p>\n","protected":false},"featured_media":19218,"template":"","meta":{"_joinchat":[]},"product_brand":[],"product_cat":[93],"product_tag":[],"class_list":{"0":"post-19131","1":"product","2":"type-product","3":"status-publish","4":"has-post-thumbnail","6":"product_cat-utensilios-para-cozinha","8":"first","9":"outofstock","10":"shipping-taxable","11":"product-type-simple"},"_links":{"self":[{"href":"https:\/\/www.multicasa.com.br\/inicio\/wp-json\/wp\/v2\/product\/19131","targetHints":{"allow":["GET"]}}],"collection":[{"href":"https:\/\/www.multicasa.com.br\/inicio\/wp-json\/wp\/v2\/product"}],"about":[{"href":"https:\/\/www.multicasa.com.br\/inicio\/wp-json\/wp\/v2\/types\/product"}],"wp:featuredmedia":[{"embeddable":true,"href":"https:\/\/www.multicasa.com.br\/inicio\/wp-json\/wp\/v2\/media\/19218"}],"wp:attachment":[{"href":"https:\/\/www.multicasa.com.br\/inicio\/wp-json\/wp\/v2\/media?parent=19131"}],"wp:term":[{"taxonomy":"product_brand","embeddable":true,"href":"https:\/\/www.multicasa.com.br\/inicio\/wp-json\/wp\/v2\/product_brand?post=19131"},{"taxonomy":"product_cat","embeddable":true,"href":"https:\/\/www.multicasa.com.br\/inicio\/wp-json\/wp\/v2\/product_cat?post=19131"},{"taxonomy":"product_tag","embeddable":true,"href":"https:\/\/www.multicasa.com.br\/inicio\/wp-json\/wp\/v2\/product_tag?post=19131"}],"curies":[{"name":"wp","href":"https:\/\/api.w.org\/{rel}","templated":true}]}}