{"id":19132,"date":"2025-06-20T19:42:24","date_gmt":"2025-06-20T23:42:24","guid":{"rendered":"https:\/\/www.multicasa.com.br\/inicio\/?post_type=product&#038;p=19132"},"modified":"2025-06-20T19:43:54","modified_gmt":"2025-06-20T23:43:54","slug":"abridor-de-tampas-abre-facil-naxos","status":"publish","type":"product","link":"https:\/\/www.multicasa.com.br\/inicio\/produto\/abridor-de-tampas-abre-facil-naxos\/","title":{"rendered":"Abridor de Tampas Abre F\u00e1cil Naxos"},"content":{"rendered":"<p>O Abridor de Tampas Abre F\u00e1cil Naxos \u00e9 ideal para abrir tampas apertadas, latas em conserva, pote de azeitonas, entre outros. \u00c9 fabricado em pl\u00e1stico super-resistente com cores divertidas para decorar sua cozinha. Item indispens\u00e1vel que vai facilitar o seu dia-a-dia!<\/p>\n","protected":false},"excerpt":{"rendered":"<h4 style=\"margin: 0px;padding: 0px 0px 16px;font-family: Lato, sans-serif;font-weight: bold;line-height: 3rem;color: var(--dark-grey3);font-size: 22px;font-style: normal;letter-spacing: normal;text-align: start;text-indent: 0px;text-transform: none\">Informa\u00e7\u00f5es t\u00e9cnicas<\/h4>\n<p><span style=\"margin: 0px;padding: 0px;font-weight: 450;font-size: 14px;line-height: 21px;color: var(--dark-grey2);font-family: Lato, sans-serif;font-style: normal;letter-spacing: normal;text-align: start;text-indent: 0px;text-transform: none\">Produto: Abridor de tampas<br \/>\nTipo: Manual<br \/>\nMarca: Naxos<br \/>\nMaterial: Pl\u00e1stico<br \/>\nCor: sortidos<br \/>\nItens Inclusos: 1 abridor de frascos<br \/>\nDimens\u00f5es do produto (A): 22cm<\/span><\/p>\n","protected":false},"featured_media":19219,"template":"","meta":{"_joinchat":[]},"product_brand":[],"product_cat":[93],"product_tag":[],"class_list":{"0":"post-19132","1":"product","2":"type-product","3":"status-publish","4":"has-post-thumbnail","6":"product_cat-utensilios-para-cozinha","8":"first","9":"outofstock","10":"shipping-taxable","11":"product-type-simple"},"_links":{"self":[{"href":"https:\/\/www.multicasa.com.br\/inicio\/wp-json\/wp\/v2\/product\/19132","targetHints":{"allow":["GET"]}}],"collection":[{"href":"https:\/\/www.multicasa.com.br\/inicio\/wp-json\/wp\/v2\/product"}],"about":[{"href":"https:\/\/www.multicasa.com.br\/inicio\/wp-json\/wp\/v2\/types\/product"}],"wp:featuredmedia":[{"embeddable":true,"href":"https:\/\/www.multicasa.com.br\/inicio\/wp-json\/wp\/v2\/media\/19219"}],"wp:attachment":[{"href":"https:\/\/www.multicasa.com.br\/inicio\/wp-json\/wp\/v2\/media?parent=19132"}],"wp:term":[{"taxonomy":"product_brand","embeddable":true,"href":"https:\/\/www.multicasa.com.br\/inicio\/wp-json\/wp\/v2\/product_brand?post=19132"},{"taxonomy":"product_cat","embeddable":true,"href":"https:\/\/www.multicasa.com.br\/inicio\/wp-json\/wp\/v2\/product_cat?post=19132"},{"taxonomy":"product_tag","embeddable":true,"href":"https:\/\/www.multicasa.com.br\/inicio\/wp-json\/wp\/v2\/product_tag?post=19132"}],"curies":[{"name":"wp","href":"https:\/\/api.w.org\/{rel}","templated":true}]}}