{"id":19154,"date":"2025-06-20T19:42:46","date_gmt":"2025-06-20T23:42:46","guid":{"rendered":"https:\/\/www.multicasa.com.br\/inicio\/?post_type=product&#038;p=19154"},"modified":"2025-06-20T19:44:17","modified_gmt":"2025-06-20T23:44:17","slug":"descanso-de-panela-em-silicone-colorido-uny-gift","status":"publish","type":"product","link":"https:\/\/www.multicasa.com.br\/inicio\/produto\/descanso-de-panela-em-silicone-colorido-uny-gift\/","title":{"rendered":"Descanso de Panela em Silicone Colorido Uny Gift"},"content":{"rendered":"<p>Descanso de Panela em Silicone da UnyGift para apoiar panelas e recipientes. Moderno e de alta qualidade, tem f\u00e1cil higieniza\u00e7\u00e3o, \u00e9 resistente e n\u00e3o fica engordurado. Ideal para deixar sua casa ainda mais organizada de forma charmosa e delicada. Tem dimens\u00e3o de 20 cm.<\/p>\n","protected":false},"excerpt":{"rendered":"<h4 style=\"margin: 0px;padding: 0px 0px 16px;font-family: Lato, sans-serif;font-weight: bold;line-height: 3rem;color: var(--dark-grey3);font-size: 22px;font-style: normal;letter-spacing: normal;text-align: start;text-indent: 0px;text-transform: none\">Informa\u00e7\u00f5es t\u00e9cnicas<\/h4>\n<p><span style=\"margin: 0px;padding: 0px;font-weight: 450;font-size: 14px;line-height: 21px;color: var(--dark-grey2);font-family: Lato, sans-serif;font-style: normal;letter-spacing: normal;text-align: start;text-indent: 0px;text-transform: none\">Produto: Descanso de Panela<br \/>\nMarca: Uny Gift<br \/>\nMaterial: Silicone<br \/>\nCor: Sortidos<br \/>\nItens inclusos: 1 Descanso de panela<br \/>\nDimens\u00f5es do produto: 20cm<\/span><\/p>\n","protected":false},"featured_media":19249,"template":"","meta":{"_joinchat":[]},"product_brand":[],"product_cat":[93],"product_tag":[],"class_list":{"0":"post-19154","1":"product","2":"type-product","3":"status-publish","4":"has-post-thumbnail","6":"product_cat-utensilios-para-cozinha","8":"first","9":"outofstock","10":"shipping-taxable","11":"product-type-simple"},"_links":{"self":[{"href":"https:\/\/www.multicasa.com.br\/inicio\/wp-json\/wp\/v2\/product\/19154","targetHints":{"allow":["GET"]}}],"collection":[{"href":"https:\/\/www.multicasa.com.br\/inicio\/wp-json\/wp\/v2\/product"}],"about":[{"href":"https:\/\/www.multicasa.com.br\/inicio\/wp-json\/wp\/v2\/types\/product"}],"wp:featuredmedia":[{"embeddable":true,"href":"https:\/\/www.multicasa.com.br\/inicio\/wp-json\/wp\/v2\/media\/19249"}],"wp:attachment":[{"href":"https:\/\/www.multicasa.com.br\/inicio\/wp-json\/wp\/v2\/media?parent=19154"}],"wp:term":[{"taxonomy":"product_brand","embeddable":true,"href":"https:\/\/www.multicasa.com.br\/inicio\/wp-json\/wp\/v2\/product_brand?post=19154"},{"taxonomy":"product_cat","embeddable":true,"href":"https:\/\/www.multicasa.com.br\/inicio\/wp-json\/wp\/v2\/product_cat?post=19154"},{"taxonomy":"product_tag","embeddable":true,"href":"https:\/\/www.multicasa.com.br\/inicio\/wp-json\/wp\/v2\/product_tag?post=19154"}],"curies":[{"name":"wp","href":"https:\/\/api.w.org\/{rel}","templated":true}]}}